{"id":10091,"date":"2023-06-29T13:51:37","date_gmt":"2023-06-29T11:51:37","guid":{"rendered":"https:\/\/opter.com\/?page_id=10091"},"modified":"2023-08-16T15:17:34","modified_gmt":"2023-08-16T13:17:34","slug":"norfragt","status":"publish","type":"page","link":"https:\/\/opter.com\/da\/norfragt\/","title":{"rendered":"Norfragt ApS"},"content":{"rendered":"<div class=\"ImageHeadline\">\n      <div class=\"ImageHeadline-image\" style=\"background-image: url('https:\/\/opter.com\/wp-content\/uploads\/2023\/08\/norfragt-1600x900-4-1024x576.png')\">\n      <img loading=\"lazy\" decoding=\"async\" width=\"1024\" height=\"576\" src=\"https:\/\/opter.com\/wp-content\/uploads\/2023\/08\/norfragt-1600x900-4-1024x576.png\" class=\"ImageHeadline-img\" alt=\"\" srcset=\"https:\/\/opter.com\/wp-content\/uploads\/2023\/08\/norfragt-1600x900-4-1024x576.png 1024w, https:\/\/opter.com\/wp-content\/uploads\/2023\/08\/norfragt-1600x900-4-300x169.png 300w, https:\/\/opter.com\/wp-content\/uploads\/2023\/08\/norfragt-1600x900-4-768x432.png 768w, https:\/\/opter.com\/wp-content\/uploads\/2023\/08\/norfragt-1600x900-4-1536x864.png 1536w, https:\/\/opter.com\/wp-content\/uploads\/2023\/08\/norfragt-1600x900-4-1440x810.png 1440w, https:\/\/opter.com\/wp-content\/uploads\/2023\/08\/norfragt-1600x900-4.png 1600w\" sizes=\"auto, (max-width: 1024px) 100vw, 1024px\" \/>\n    <\/div>\n    <h2 class=\"ImageHeadline-headline\">\u201dDet var enkelt at tilpasse Opter efter vores behov.\u201d<\/h2>\n<\/div>\n\n\n\n\n<p><a rel=\"noreferrer noopener\" href=\"http:\/\/www.norfragt.dk\" data-type=\"URL\" data-id=\"www.norfragt.dk\" target=\"_blank\">Norfragt ApS<\/a> er en virksomhed, der transporterer stykgods og full loads i Danmark, Sverige, Norge og Tyskland. Med sine fem ansatte fokuserer de p\u00e5 at tilbyde kunderne transportl\u00f8sninger af h\u00f8jeste kvalitet.<\/p>\n\n\n\n<p>Med Opter har Norfragt oplevet flere positive effekter for firmaet. En af de st\u00f8rste fordele er en betydelig tidsbesparelse, da Opter forenkler de daglige processer og frig\u00f8r tid til andre opgaver. Desuden har Norfragt opn\u00e5et et bedre overblik over deres kapacitet og kan tilbyde mere automatiserede serviceydelser, som f.eks. dagsafslutninger.<\/p>\n\n\n\n<p>Valget af Opter som transportstyringssystem i 2020 forklarer Norfragts ejer, Nicolai Christensen, med brugervenlighed, konkurrencedygtig pris og god kundeservice, som afg\u00f8rende faktorer. Han understreger ogs\u00e5 vigtigheden af nemt at kunne tilpasse og konfigurere Opter til virksomhedens specifikke behov. Norfragt ser lige nu frem til at forts\u00e6tte med at vokse og udvikle sine transporttjenester, med forbedret evne til at im\u00f8dekomme kundernes \u00f8nsker.<\/p>\n\n\n\n<h3 class=\"wp-block-heading\">Book en demo!<\/h3>\n\n\n\n<p>Vil du vide mere? Vi viser med gl\u00e6de, hvordan Opter fungerer, og hvor nemt det er at komme i gang.<\/p>\n\n\n<div class=\"BookADemo\">\n    <a class=\"BookADemo-link\" href=\"\/da\/kontakt-os\/book-en-demo\/\">\n      Book en demo\n    <\/a>\n  <\/div>\n\n","protected":false},"excerpt":{"rendered":"<p>Norfragt ApS er en virksomhed, der transporterer stykgods og&hellip;<\/p>\n","protected":false},"author":18,"featured_media":10200,"parent":0,"menu_order":0,"comment_status":"closed","ping_status":"closed","template":"","meta":{"_acf_changed":false,"footnotes":""},"class_list":["post-10091","page","type-page","status-publish","has-post-thumbnail","hentry"],"acf":[],"_links":{"self":[{"href":"https:\/\/opter.com\/da\/wp-json\/wp\/v2\/pages\/10091","targetHints":{"allow":["GET"]}}],"collection":[{"href":"https:\/\/opter.com\/da\/wp-json\/wp\/v2\/pages"}],"about":[{"href":"https:\/\/opter.com\/da\/wp-json\/wp\/v2\/types\/page"}],"author":[{"embeddable":true,"href":"https:\/\/opter.com\/da\/wp-json\/wp\/v2\/users\/18"}],"replies":[{"embeddable":true,"href":"https:\/\/opter.com\/da\/wp-json\/wp\/v2\/comments?post=10091"}],"version-history":[{"count":19,"href":"https:\/\/opter.com\/da\/wp-json\/wp\/v2\/pages\/10091\/revisions"}],"predecessor-version":[{"id":10175,"href":"https:\/\/opter.com\/da\/wp-json\/wp\/v2\/pages\/10091\/revisions\/10175"}],"wp:featuredmedia":[{"embeddable":true,"href":"https:\/\/opter.com\/da\/wp-json\/wp\/v2\/media\/10200"}],"wp:attachment":[{"href":"https:\/\/opter.com\/da\/wp-json\/wp\/v2\/media?parent=10091"}],"curies":[{"name":"wp","href":"https:\/\/api.w.org\/{rel}","templated":true}]}}