{"id":10362,"date":"2023-10-11T13:47:42","date_gmt":"2023-10-11T11:47:42","guid":{"rendered":"https:\/\/opter.com\/?page_id=10362"},"modified":"2025-12-01T11:44:25","modified_gmt":"2025-12-01T10:44:25","slug":"kuljetus-timo-salo","status":"publish","type":"page","link":"https:\/\/opter.com\/da\/kuljetus-timo-salo\/","title":{"rendered":"Kuljetus Timo Salo"},"content":{"rendered":"<div class=\"ImageHeadline\">\n      <div class=\"ImageHeadline-image\" style=\"background-image: url('https:\/\/opter.com\/wp-content\/uploads\/2023\/08\/timo-salo-1600x900-1-1024x576.png')\">\n      <img loading=\"lazy\" decoding=\"async\" width=\"1024\" height=\"576\" src=\"https:\/\/opter.com\/wp-content\/uploads\/2023\/08\/timo-salo-1600x900-1-1024x576.png\" class=\"ImageHeadline-img\" alt=\"\" srcset=\"https:\/\/opter.com\/wp-content\/uploads\/2023\/08\/timo-salo-1600x900-1-1024x576.png 1024w, https:\/\/opter.com\/wp-content\/uploads\/2023\/08\/timo-salo-1600x900-1-300x169.png 300w, https:\/\/opter.com\/wp-content\/uploads\/2023\/08\/timo-salo-1600x900-1-768x432.png 768w, https:\/\/opter.com\/wp-content\/uploads\/2023\/08\/timo-salo-1600x900-1-1536x864.png 1536w, https:\/\/opter.com\/wp-content\/uploads\/2023\/08\/timo-salo-1600x900-1-1440x810.png 1440w, https:\/\/opter.com\/wp-content\/uploads\/2023\/08\/timo-salo-1600x900-1.png 1600w\" sizes=\"auto, (max-width: 1024px) 100vw, 1024px\" \/>\n    <\/div>\n    <h2 class=\"ImageHeadline-headline\">\u201dOpter vil hj\u00e6lpe os med at holde trit med udviklingen i branchen.\u201d<\/h2>\n<\/div>\n\n\n\n\n<p>Med en fl\u00e5de best\u00e5ende af 16 lastbiler, 26 trailere og to k\u00f8ret\u00f8jer til specialtransport har <a rel=\"noreferrer noopener\" href=\"https:\/\/kuljetustimosalo.fi\/\" target=\"_blank\">Kuljetus Timo Salo Oy<\/a> specialiseret sig i transport af bl.a. t\u00f8mmer og byggeelementer. Det er i dag en fjerde generations familievirksomhed, som er vokset og har tilpasset sig gennem \u00e5rene.<\/p>\n\n\n\n<p>\u201dDa jeg var barn, tog jeg p\u00e5 ferie med min mor, og i weekenderne vaskede og lavede vi servicetjek p\u00e5 bilerne,\u201d siger Laura Torila. Laura driver i dag Kuljetus Timo Salo Oy sammen med sine s\u00f8skende Toni Salo og Jarkko Salo, og hun s\u00e6tter sig stadig indimellem bag rattet i en EKL-bil, blandt andet i forbindelse med specialtransporter.<\/p>\n\n\n\n<p>Da det blev tid til at digitalisere og automatisere transportplanl\u00e6gningen, var Opter det system, der bedst opfyldte alle behov. Siden da er det blevet en uundv\u00e6rlig del af det daglige arbejde.<\/p>\n\n\n\n<p>\u201dOpter har vist sig at v\u00e6re et meget alsidigt system, og l\u00f8sningen kan nemt integreres med eksisterende systemer. Det resulterer i mere sikker transport, g\u00f8r det nemmere at kommunikere med chauff\u00f8rerne og har forbedret samarbejdet med vores kunder. Vi forventer ogs\u00e5, at Opter vil hj\u00e6lpe os med at holde trit med udviklingen i branchen i fremtiden,\u201d afslutter Laura.<\/p>\n\n\n\n<h3 class=\"wp-block-heading\" id=\"block-720e0d76-aa94-4182-bff7-d127c7a2bc4a\">Book en demo!<\/h3>\n\n\n\n<p id=\"block-67e5485d-1fb8-4396-9c03-186489bbc6e9\">Vil du vide mere? Vi viser dig gerne, hvordan Opter fungerer, og hvor nemt det er at komme i gang.<\/p>\n\n\n<div class=\"BookADemo\">\n    <a class=\"BookADemo-link\" href=\"\/da\/kontakt-os\/book-en-demo\/\">\n      Boka demo\n    <\/a>\n  <\/div>\n\n","protected":false},"excerpt":{"rendered":"<p>Med en fl\u00e5de best\u00e5ende af 16 lastbiler, 26 trailere&hellip;<\/p>\n","protected":false},"author":18,"featured_media":10243,"parent":0,"menu_order":0,"comment_status":"closed","ping_status":"closed","template":"","meta":{"_acf_changed":false,"footnotes":""},"class_list":["post-10362","page","type-page","status-publish","has-post-thumbnail","hentry"],"acf":[],"_links":{"self":[{"href":"https:\/\/opter.com\/da\/wp-json\/wp\/v2\/pages\/10362","targetHints":{"allow":["GET"]}}],"collection":[{"href":"https:\/\/opter.com\/da\/wp-json\/wp\/v2\/pages"}],"about":[{"href":"https:\/\/opter.com\/da\/wp-json\/wp\/v2\/types\/page"}],"author":[{"embeddable":true,"href":"https:\/\/opter.com\/da\/wp-json\/wp\/v2\/users\/18"}],"replies":[{"embeddable":true,"href":"https:\/\/opter.com\/da\/wp-json\/wp\/v2\/comments?post=10362"}],"version-history":[{"count":9,"href":"https:\/\/opter.com\/da\/wp-json\/wp\/v2\/pages\/10362\/revisions"}],"predecessor-version":[{"id":15270,"href":"https:\/\/opter.com\/da\/wp-json\/wp\/v2\/pages\/10362\/revisions\/15270"}],"wp:featuredmedia":[{"embeddable":true,"href":"https:\/\/opter.com\/da\/wp-json\/wp\/v2\/media\/10243"}],"wp:attachment":[{"href":"https:\/\/opter.com\/da\/wp-json\/wp\/v2\/media?parent=10362"}],"curies":[{"name":"wp","href":"https:\/\/api.w.org\/{rel}","templated":true}]}}