{"id":10622,"date":"2024-02-21T12:46:05","date_gmt":"2024-02-21T11:46:05","guid":{"rendered":"https:\/\/opter.com\/?page_id=10622"},"modified":"2024-02-29T15:39:55","modified_gmt":"2024-02-29T14:39:55","slug":"intersped","status":"publish","type":"page","link":"https:\/\/opter.com\/da\/intersped\/","title":{"rendered":"Intersped ApS"},"content":{"rendered":"<div class=\"ImageHeadline\">\n      <div class=\"ImageHeadline-image\" style=\"background-image: url('https:\/\/opter.com\/wp-content\/uploads\/2024\/02\/intersped-1600x900-2-1024x576.png')\">\n      <img loading=\"lazy\" decoding=\"async\" width=\"1024\" height=\"576\" src=\"https:\/\/opter.com\/wp-content\/uploads\/2024\/02\/intersped-1600x900-2-1024x576.png\" class=\"ImageHeadline-img\" alt=\"\" srcset=\"https:\/\/opter.com\/wp-content\/uploads\/2024\/02\/intersped-1600x900-2-1024x576.png 1024w, https:\/\/opter.com\/wp-content\/uploads\/2024\/02\/intersped-1600x900-2-300x169.png 300w, https:\/\/opter.com\/wp-content\/uploads\/2024\/02\/intersped-1600x900-2-768x432.png 768w, https:\/\/opter.com\/wp-content\/uploads\/2024\/02\/intersped-1600x900-2-1536x864.png 1536w, https:\/\/opter.com\/wp-content\/uploads\/2024\/02\/intersped-1600x900-2-1440x810.png 1440w, https:\/\/opter.com\/wp-content\/uploads\/2024\/02\/intersped-1600x900-2.png 1600w\" sizes=\"auto, (max-width: 1024px) 100vw, 1024px\" \/>\n    <\/div>\n    <h2 class=\"ImageHeadline-headline\">\u201dVi har nu bedre overblik over opgaver, kvalitet og \u00f8konomi\u201d<\/h2>\n<\/div>\n\n\n\n\n<p>Siden starten i 1990 har <a href=\"https:\/\/www.intersped.dk\/\" target=\"_blank\" rel=\"noreferrer noopener\">Intersped ApS<\/a> etableret sig som en p\u00e5lidelig logistikpartner, der hurtigt og sikkert leverer alt fra sm\u00e5 reservedele til store maskinkomponenter i hele Danmark og Europa. Branchen er i konstant udvikling, og firmaets direkt\u00f8r, Andr\u00e9 Lund Kretschmann, fort\u00e6ller, at de n\u00f8je unders\u00f8gte markedet, da de ledte efter en moderne og fremtidssikret software-l\u00f8sning.<\/p>\n\n\n\n<p>\u201dMange af de udbudte l\u00f8sninger var enten for store og dyre, eller ogs\u00e5 ikke egnede til den type virksomhed vi driver. Opter var en l\u00f8sning, som til en passende pris, og et fleksibelt set-up kunne blive et godt match.\u201d<\/p>\n\n\n\n<p>I sidste ende var det et bes\u00f8g hos en branchekollega og Opter-bruger, der gjorde udslaget. Efter implementeringen har Intersped kunnet erstatte flere tjenester med Opters omfattende platform. De har f\u00e5et bedre EDI-forbindelser med deres partnere, mens kunderne har f\u00e5et hurtig adgang til live data, rapportering, notifikationer og dokumentation. Opter Link, som knytter brugere af Opter sammen, bidrager l\u00f8bende til gensidige synergier og bedre transport-afvikling.<\/p>\n\n\n\n<p>Andr\u00e9 Lund Kretschmann er optimistisk med hensyn til Interspeds fremtid og fokuserer p\u00e5 fortsat h\u00f8j service, teknologiske fremskridt og aktivt b\u00e6redygtighedsarbejde som vigtige dele af virksomhedens tilbud. Han er sikker p\u00e5, at Opter vil forts\u00e6tte med at bidrage til \u00f8get effektivitet i virksomheden.<\/p>\n\n\n\n<p>\u201dJeg kan kun give Opter min bedste anbefaling. B\u00e5de p\u00e5 baggrund af software-l\u00f8sningen selv, \u00f8konomien i det, men ogs\u00e5 \u2013 og is\u00e6r \u2013 p\u00e5 grund af den meget service-mindede organisation. Vi ser frem til et fortsat fremragende samarbejde.\u201d<\/p>\n\n\n\n<h3 class=\"wp-block-heading\">Book en demo!<\/h3>\n\n\n\n<p>Vil du vide mere? Vi viser med gl\u00e6de, hvordan Opter fungerer, og hvor nemt det er at komme i gang.<\/p>\n\n\n<div class=\"BookADemo\">\n    <a class=\"BookADemo-link\" href=\"\/da\/kontakt-os\/book-en-demo\/\">\n      Book en demo\n    <\/a>\n  <\/div>\n\n","protected":false},"excerpt":{"rendered":"<p>Siden starten i 1990 har Intersped ApS etableret sig&hellip;<\/p>\n","protected":false},"author":18,"featured_media":10669,"parent":0,"menu_order":0,"comment_status":"closed","ping_status":"closed","template":"","meta":{"_acf_changed":false,"footnotes":""},"class_list":["post-10622","page","type-page","status-publish","has-post-thumbnail","hentry"],"acf":[],"_links":{"self":[{"href":"https:\/\/opter.com\/da\/wp-json\/wp\/v2\/pages\/10622","targetHints":{"allow":["GET"]}}],"collection":[{"href":"https:\/\/opter.com\/da\/wp-json\/wp\/v2\/pages"}],"about":[{"href":"https:\/\/opter.com\/da\/wp-json\/wp\/v2\/types\/page"}],"author":[{"embeddable":true,"href":"https:\/\/opter.com\/da\/wp-json\/wp\/v2\/users\/18"}],"replies":[{"embeddable":true,"href":"https:\/\/opter.com\/da\/wp-json\/wp\/v2\/comments?post=10622"}],"version-history":[{"count":49,"href":"https:\/\/opter.com\/da\/wp-json\/wp\/v2\/pages\/10622\/revisions"}],"predecessor-version":[{"id":10866,"href":"https:\/\/opter.com\/da\/wp-json\/wp\/v2\/pages\/10622\/revisions\/10866"}],"wp:featuredmedia":[{"embeddable":true,"href":"https:\/\/opter.com\/da\/wp-json\/wp\/v2\/media\/10669"}],"wp:attachment":[{"href":"https:\/\/opter.com\/da\/wp-json\/wp\/v2\/media?parent=10622"}],"curies":[{"name":"wp","href":"https:\/\/api.w.org\/{rel}","templated":true}]}}