{"id":11037,"date":"2024-04-11T14:18:24","date_gmt":"2024-04-11T12:18:24","guid":{"rendered":"https:\/\/opter.com\/alihankkija-oy\/"},"modified":"2025-12-01T11:15:23","modified_gmt":"2025-12-01T10:15:23","slug":"alihankkija","status":"publish","type":"page","link":"https:\/\/opter.com\/da\/alihankkija\/","title":{"rendered":"Alihankkija Oy"},"content":{"rendered":"<div class=\"ImageHeadline\">\n      <div class=\"ImageHeadline-image\" style=\"background-image: url('https:\/\/opter.com\/wp-content\/uploads\/2024\/03\/alihankkija-1600x900-1-1024x576.png')\">\n      <img loading=\"lazy\" decoding=\"async\" width=\"1024\" height=\"576\" src=\"https:\/\/opter.com\/wp-content\/uploads\/2024\/03\/alihankkija-1600x900-1-1024x576.png\" class=\"ImageHeadline-img\" alt=\"\" srcset=\"https:\/\/opter.com\/wp-content\/uploads\/2024\/03\/alihankkija-1600x900-1-1024x576.png 1024w, https:\/\/opter.com\/wp-content\/uploads\/2024\/03\/alihankkija-1600x900-1-300x169.png 300w, https:\/\/opter.com\/wp-content\/uploads\/2024\/03\/alihankkija-1600x900-1-768x432.png 768w, https:\/\/opter.com\/wp-content\/uploads\/2024\/03\/alihankkija-1600x900-1-1536x864.png 1536w, https:\/\/opter.com\/wp-content\/uploads\/2024\/03\/alihankkija-1600x900-1-1440x810.png 1440w, https:\/\/opter.com\/wp-content\/uploads\/2024\/03\/alihankkija-1600x900-1.png 1600w\" sizes=\"auto, (max-width: 1024px) 100vw, 1024px\" \/>\n    <\/div>\n    <h2 class=\"ImageHeadline-headline\"> \u201dOpter er grundlaget for vores transportvirksomhed.\u201d<\/h2>\n<\/div>\n\n\n\n\n<p><a rel=\"noreferrer noopener\" href=\"https:\/\/alihankkija.fi\" target=\"_blank\">Alihankkija<\/a>, der blev stiftet i 1969, er en logistikvirksomhed med et omfattende udvalg af tjenesteydelser og over 150 medarbejdere. Dens transportaktiviteter er prim\u00e6rt fokuseret p\u00e5 distribution af stykgods i det sydlige Finland, og vognparken best\u00e5r af omkring 60 k\u00f8ret\u00f8jer med alt fra varevogne til s\u00e6ttevogne. Ud over transport tilbyder Alihankkija lagertjenester og tredjepartslogistikl\u00f8sninger til virksomheder og onlinebutikker.<\/p>\n\n\n\n<p>\u201dVi ledte efter et omfattende system, der ville g\u00f8re det muligt for os at styre vores transportopgaver, fra kundeordrer til fakturering, og minimere manuelle trin og papirarbejde,\u201d siger Maria Barck, der er administrativ leder hos Alihankkija. \u201dVi valgte Opter p\u00e5 grund af dets alsidighed og funktionalitet. Systemet kan tilpasses fuldt ud til vores behov, efterh\u00e5nden som virksomheden \u00e6ndrer sig og vokser.\u201d<\/p>\n\n\n\n<p>Alihankkija har ogs\u00e5 opn\u00e5et betydelige tidsbesparelser med Opter, da opgaver og oplysninger er samlet i \u00e9t system. Det har fjernet behovet for at lede i l\u00f8se papirer og spredte filer. Sporingsoplysninger i realtid hj\u00e6lper ogs\u00e5 med at effektivisere og automatisere virksomhedens planl\u00e6gning og fakturering.<\/p>\n\n\n\n<p>\u201dOpter giver os foruds\u00e6tningerne for at forme og udvikle vores forretning til fremtiden. Implementeringen har \u00e5bnet op for nye forretningsmuligheder, samtidig med at vi kan h\u00e5ndtere st\u00f8rre ordrem\u00e6ngder mere effektivt,\u201d konkluderer Maria Barck.<\/p>\n\n\n\n<h3 class=\"wp-block-heading\" id=\"block-720e0d76-aa94-4182-bff7-d127c7a2bc4a\">Book en demo!<\/h3>\n\n\n\n<p id=\"block-67e5485d-1fb8-4396-9c03-186489bbc6e9\">Vil du vide mere? Vi viser med gl\u00e6de, hvordan Opter fungerer, og hvor nemt det er at komme i gang.<\/p>\n\n\n<div class=\"BookADemo\">\n    <a class=\"BookADemo-link\" href=\"\/da\/kontakt-os\/book-en-demo\/\">\n      Book en demo\n    <\/a>\n  <\/div>\n\n","protected":false},"excerpt":{"rendered":"<p>Alihankkija, der blev stiftet i 1969, er en logistikvirksomhed&hellip;<\/p>\n","protected":false},"author":18,"featured_media":11010,"parent":0,"menu_order":0,"comment_status":"closed","ping_status":"closed","template":"","meta":{"_acf_changed":false,"footnotes":""},"class_list":["post-11037","page","type-page","status-publish","has-post-thumbnail","hentry"],"acf":[],"_links":{"self":[{"href":"https:\/\/opter.com\/da\/wp-json\/wp\/v2\/pages\/11037","targetHints":{"allow":["GET"]}}],"collection":[{"href":"https:\/\/opter.com\/da\/wp-json\/wp\/v2\/pages"}],"about":[{"href":"https:\/\/opter.com\/da\/wp-json\/wp\/v2\/types\/page"}],"author":[{"embeddable":true,"href":"https:\/\/opter.com\/da\/wp-json\/wp\/v2\/users\/18"}],"replies":[{"embeddable":true,"href":"https:\/\/opter.com\/da\/wp-json\/wp\/v2\/comments?post=11037"}],"version-history":[{"count":5,"href":"https:\/\/opter.com\/da\/wp-json\/wp\/v2\/pages\/11037\/revisions"}],"predecessor-version":[{"id":15251,"href":"https:\/\/opter.com\/da\/wp-json\/wp\/v2\/pages\/11037\/revisions\/15251"}],"wp:featuredmedia":[{"embeddable":true,"href":"https:\/\/opter.com\/da\/wp-json\/wp\/v2\/media\/11010"}],"wp:attachment":[{"href":"https:\/\/opter.com\/da\/wp-json\/wp\/v2\/media?parent=11037"}],"curies":[{"name":"wp","href":"https:\/\/api.w.org\/{rel}","templated":true}]}}