{"id":12017,"date":"2024-10-23T16:37:54","date_gmt":"2024-10-23T14:37:54","guid":{"rendered":"https:\/\/opter.com\/falkopings-kyltransporter-ab\/"},"modified":"2025-12-01T11:32:27","modified_gmt":"2025-12-01T10:32:27","slug":"falkopings-kyltransporter","status":"publish","type":"page","link":"https:\/\/opter.com\/da\/falkopings-kyltransporter\/","title":{"rendered":"Falk\u00f6pings Kyltransporter AB"},"content":{"rendered":"<div class=\"ImageHeadline\">\n      <div class=\"ImageHeadline-image\" style=\"background-image: url('https:\/\/opter.com\/wp-content\/uploads\/2024\/10\/falkopings-kyltransporter-1600x900-1-1024x576.png')\">\n      <img loading=\"lazy\" decoding=\"async\" width=\"1024\" height=\"576\" src=\"https:\/\/opter.com\/wp-content\/uploads\/2024\/10\/falkopings-kyltransporter-1600x900-1-1024x576.png\" class=\"ImageHeadline-img\" alt=\"\" srcset=\"https:\/\/opter.com\/wp-content\/uploads\/2024\/10\/falkopings-kyltransporter-1600x900-1-1024x576.png 1024w, https:\/\/opter.com\/wp-content\/uploads\/2024\/10\/falkopings-kyltransporter-1600x900-1-300x169.png 300w, https:\/\/opter.com\/wp-content\/uploads\/2024\/10\/falkopings-kyltransporter-1600x900-1-768x432.png 768w, https:\/\/opter.com\/wp-content\/uploads\/2024\/10\/falkopings-kyltransporter-1600x900-1-1536x864.png 1536w, https:\/\/opter.com\/wp-content\/uploads\/2024\/10\/falkopings-kyltransporter-1600x900-1-1440x810.png 1440w, https:\/\/opter.com\/wp-content\/uploads\/2024\/10\/falkopings-kyltransporter-1600x900-1.png 1600w\" sizes=\"auto, (max-width: 1024px) 100vw, 1024px\" \/>\n    <\/div>\n    <h2 class=\"ImageHeadline-headline\">\u201dMed Opter som sikkerhed opn\u00e5r vi st\u00f8rre aftaler.\u201d<\/h2>\n<\/div>\n\n\n\n\n<p>Siden 2007 har <a rel=\"noreferrer noopener\" href=\"https:\/\/kyltransport.eu\/\" target=\"_blank\">Falk\u00f6pings Kyltransporter<\/a> dagligt leveret temperaturf\u00f8lsomme f\u00f8devarer til producenter, butikker og lagre i hele det vestlige Sverige. Med en voksende forretning var et nyt transportplanl\u00e6gningssystem afg\u00f8rende for virksomhedens udvikling. <\/p>\n\n\n\n<p>Claes Claesson, som er stifter og CEO, fort\u00e6ller, at Opter viste sig at den bedste l\u00f8sning, da de var p\u00e5 udkig efter et nyt TMS-system tilbage i 2022. Ud over at tilbyde alle de n\u00f8dvendige funktioner spillede Opters support, som blev st\u00e6rkt anbefalet af kolleger i branchen, en afg\u00f8rende rolle i beslutningen.  <\/p>\n\n\n\n<p>\u201dHurtig og kyndig feedback er ekstremt vigtig for os som f\u00f8devaretransport\u00f8r. Vi kan ikke lade en kunde vente p\u00e5 sine varer til n\u00e6ste dag, og ofte skal vi overholde pr\u00e6cise tidspunkter for af- og p\u00e5l\u00e6sning.\u201d<\/p>\n\n\n\n<p>I Opter f\u00e5r de et godt overblik, og det er nemt at planl\u00e6gge transport med virksomhedens 27 k\u00f8ret\u00f8jer. Systemet kan tilpasses kundernes specifikke behov og har ogs\u00e5 gjort det muligt at \u00f8ge effektiviteten, idet antallet af transportplanl\u00e6ggere er reduceret fra tre til to tjenester. Samtidig er virksomheden fortsat med at ekspandere.  <\/p>\n\n\n\n<p>\u201dOpter har v\u00e6ret uvurderlig for os. Det har givet os en st\u00f8rre f\u00f8lelse af sikkerhed i vores arbejde og hjulpet os med at f\u00e5 nogle store virksomheder i hus, som vi m\u00e5ske tidligere ikke ville have v\u00e6ret i stand til at h\u00e5ndtere. Vi er meget tilfredse og ser frem til et fortsat samarbejde,\u201d afslutter Claes, som ser optimistisk p\u00e5 fremtiden og Falk\u00f6pings Kyltransporters muligheder for at vokse yderligere med Opter.<\/p>\n\n\n\n<h3 class=\"wp-block-heading\">Book en demo!<\/h3>\n\n\n\n<p>Vil du vide mere? Vi viser med gl\u00e6de, hvordan Opter fungerer, og hvor nemt det er at komme i gang.<\/p>\n\n\n<div class=\"BookADemo\">\n    <a class=\"BookADemo-link\" href=\"\/da\/kontakt-os\/book-en-demo\/\">\n      Book en demo\n    <\/a>\n  <\/div>\n\n","protected":false},"excerpt":{"rendered":"<p>Siden 2007 har Falk\u00f6pings Kyltransporter dagligt leveret temperaturf\u00f8lsomme f\u00f8devarer&hellip;<\/p>\n","protected":false},"author":18,"featured_media":12006,"parent":0,"menu_order":0,"comment_status":"closed","ping_status":"closed","template":"","meta":{"_acf_changed":false,"footnotes":""},"class_list":["post-12017","page","type-page","status-publish","has-post-thumbnail","hentry"],"acf":[],"_links":{"self":[{"href":"https:\/\/opter.com\/da\/wp-json\/wp\/v2\/pages\/12017","targetHints":{"allow":["GET"]}}],"collection":[{"href":"https:\/\/opter.com\/da\/wp-json\/wp\/v2\/pages"}],"about":[{"href":"https:\/\/opter.com\/da\/wp-json\/wp\/v2\/types\/page"}],"author":[{"embeddable":true,"href":"https:\/\/opter.com\/da\/wp-json\/wp\/v2\/users\/18"}],"replies":[{"embeddable":true,"href":"https:\/\/opter.com\/da\/wp-json\/wp\/v2\/comments?post=12017"}],"version-history":[{"count":10,"href":"https:\/\/opter.com\/da\/wp-json\/wp\/v2\/pages\/12017\/revisions"}],"predecessor-version":[{"id":15264,"href":"https:\/\/opter.com\/da\/wp-json\/wp\/v2\/pages\/12017\/revisions\/15264"}],"wp:featuredmedia":[{"embeddable":true,"href":"https:\/\/opter.com\/da\/wp-json\/wp\/v2\/media\/12006"}],"wp:attachment":[{"href":"https:\/\/opter.com\/da\/wp-json\/wp\/v2\/media?parent=12017"}],"curies":[{"name":"wp","href":"https:\/\/api.w.org\/{rel}","templated":true}]}}