{"id":12090,"date":"2024-10-24T13:31:38","date_gmt":"2024-10-24T11:31:38","guid":{"rendered":"https:\/\/opter.com\/godshotel-aps\/"},"modified":"2025-12-01T11:12:53","modified_gmt":"2025-12-01T10:12:53","slug":"godshotel","status":"publish","type":"page","link":"https:\/\/opter.com\/da\/godshotel\/","title":{"rendered":"Godshotel ApS"},"content":{"rendered":"<div class=\"ImageHeadline\">\n      <div class=\"ImageHeadline-image\" style=\"background-image: url('https:\/\/opter.com\/wp-content\/uploads\/2024\/10\/godshotel-1600x900-1-1024x576.png')\">\n      <img loading=\"lazy\" decoding=\"async\" width=\"1024\" height=\"576\" src=\"https:\/\/opter.com\/wp-content\/uploads\/2024\/10\/godshotel-1600x900-1-1024x576.png\" class=\"ImageHeadline-img\" alt=\"Godshotel &amp; Transport\" srcset=\"https:\/\/opter.com\/wp-content\/uploads\/2024\/10\/godshotel-1600x900-1-1024x576.png 1024w, https:\/\/opter.com\/wp-content\/uploads\/2024\/10\/godshotel-1600x900-1-300x169.png 300w, https:\/\/opter.com\/wp-content\/uploads\/2024\/10\/godshotel-1600x900-1-768x432.png 768w, https:\/\/opter.com\/wp-content\/uploads\/2024\/10\/godshotel-1600x900-1-1536x864.png 1536w, https:\/\/opter.com\/wp-content\/uploads\/2024\/10\/godshotel-1600x900-1-1440x810.png 1440w, https:\/\/opter.com\/wp-content\/uploads\/2024\/10\/godshotel-1600x900-1.png 1600w\" sizes=\"auto, (max-width: 1024px) 100vw, 1024px\" \/>\n    <\/div>\n    <h2 class=\"ImageHeadline-headline\">\u201dOpter har gjort vores daglige arbejde mere str\u00f8mlinet.\u201d<\/h2>\n<\/div>\n\n\n\n\n<p><a rel=\"noreferrer noopener\" href=\"https:\/\/www.godshotel.dk\/\" target=\"_blank\">Godshotel &amp; Transport ApS<\/a> er vokset fra et lille selvbetjeningslager til en f\u00f8rende akt\u00f8r i den danske lager- og logistikbranche. I dag har de to store terminaler i Greve og Taulov, 85 medarbejdere samt omkring 100 k\u00f8ret\u00f8jer. <\/p>\n\n\n\n<p>Logistikchef Alexander Vinter har v\u00e6ret i virksomheden i 10 \u00e5r og er ansvarlig for firmaets 70 chauff\u00f8rer og transportledere. \u201dVi har fokus p\u00e5 at f\u00f8lge med tiden og digitalisere os, s\u00e5 vores fl\u00e5de altid er opdateret med det nyeste udstyr. Opter havde de funktioner, vi ledte efter, og opfylder alle vores krav,\u201d fort\u00e6ller han.<\/p>\n\n\n\n<p>Godshotel har str\u00f8mlinet sin drift betydeligt med digitaliseret transportstyring og -planl\u00e6gning, men er ogs\u00e5 blevet en bedre arbejdsplads for de ansatte. Trafikdisponenterne kan nemlig selv v\u00e6lge, om de vil arbejde hjemmefra eller p\u00e5 kontoret. Derudover reducerer digital dokumenth\u00e5ndtering og automatisering besv\u00e6rligt papirarbejde. \u201dNu kan vi sende POD&#8217;er til kunderne inden for to minutter efter levering,\u201d siger Alexander om forbedringen af vigtige kundetilfredshedsfaktorer som hastighed og leveringsn\u00f8jagtighed.<\/p>\n\n\n\n<p>\u201dJeg anbefaler altid Opter,\u201d afslutter han. \u201dIs\u00e6r til transportvirksomheder, der som os ikke har brugt et TMS-system f\u00f8r.\u201d<\/p>\n\n\n\n<h3 class=\"wp-block-heading\">Book en demo!<\/h3>\n\n\n\n<p>Vil du vide mere? Vi viser med gl\u00e6de, hvordan Opter fungerer, og hvor nemt det er at komme i gang.<\/p>\n\n\n<div class=\"BookADemo\">\n    <a class=\"BookADemo-link\" href=\"\/da\/kontakt-os\/book-en-demo\/\">\n      Book en demo\n    <\/a>\n  <\/div>\n\n","protected":false},"excerpt":{"rendered":"<p>Godshotel &amp; Transport ApS er vokset fra et lille&hellip;<\/p>\n","protected":false},"author":18,"featured_media":12064,"parent":0,"menu_order":0,"comment_status":"closed","ping_status":"closed","template":"","meta":{"_acf_changed":false,"footnotes":""},"class_list":["post-12090","page","type-page","status-publish","has-post-thumbnail","hentry"],"acf":[],"_links":{"self":[{"href":"https:\/\/opter.com\/da\/wp-json\/wp\/v2\/pages\/12090","targetHints":{"allow":["GET"]}}],"collection":[{"href":"https:\/\/opter.com\/da\/wp-json\/wp\/v2\/pages"}],"about":[{"href":"https:\/\/opter.com\/da\/wp-json\/wp\/v2\/types\/page"}],"author":[{"embeddable":true,"href":"https:\/\/opter.com\/da\/wp-json\/wp\/v2\/users\/18"}],"replies":[{"embeddable":true,"href":"https:\/\/opter.com\/da\/wp-json\/wp\/v2\/comments?post=12090"}],"version-history":[{"count":7,"href":"https:\/\/opter.com\/da\/wp-json\/wp\/v2\/pages\/12090\/revisions"}],"predecessor-version":[{"id":15248,"href":"https:\/\/opter.com\/da\/wp-json\/wp\/v2\/pages\/12090\/revisions\/15248"}],"wp:featuredmedia":[{"embeddable":true,"href":"https:\/\/opter.com\/da\/wp-json\/wp\/v2\/media\/12064"}],"wp:attachment":[{"href":"https:\/\/opter.com\/da\/wp-json\/wp\/v2\/media?parent=12090"}],"curies":[{"name":"wp","href":"https:\/\/api.w.org\/{rel}","templated":true}]}}