{"id":12594,"date":"2025-01-17T16:33:39","date_gmt":"2025-01-17T15:33:39","guid":{"rendered":"https:\/\/opter.com\/orebro-flyttningsbyraa-ab\/"},"modified":"2025-12-01T15:48:28","modified_gmt":"2025-12-01T14:48:28","slug":"orebro-flyttningsbyra-case","status":"publish","type":"page","link":"https:\/\/opter.com\/da\/orebro-flyttningsbyra-case\/","title":{"rendered":"\u00d6rebro Flyttningsbyr\u00e5 AB"},"content":{"rendered":"<div class=\"ImageHeadline\">\n      <div class=\"ImageHeadline-image\" style=\"background-image: url('https:\/\/opter.com\/wp-content\/uploads\/2025\/06\/orebro-flyttningsbyra-1600x900-2-1024x576.png')\">\n      <img loading=\"lazy\" decoding=\"async\" width=\"1024\" height=\"576\" src=\"https:\/\/opter.com\/wp-content\/uploads\/2025\/06\/orebro-flyttningsbyra-1600x900-2-1024x576.png\" class=\"ImageHeadline-img\" alt=\"\u00d6rebro Flyttningsbyr\u00e5 AB\" srcset=\"https:\/\/opter.com\/wp-content\/uploads\/2025\/06\/orebro-flyttningsbyra-1600x900-2-1024x576.png 1024w, https:\/\/opter.com\/wp-content\/uploads\/2025\/06\/orebro-flyttningsbyra-1600x900-2-300x169.png 300w, https:\/\/opter.com\/wp-content\/uploads\/2025\/06\/orebro-flyttningsbyra-1600x900-2-768x432.png 768w, https:\/\/opter.com\/wp-content\/uploads\/2025\/06\/orebro-flyttningsbyra-1600x900-2-1536x864.png 1536w, https:\/\/opter.com\/wp-content\/uploads\/2025\/06\/orebro-flyttningsbyra-1600x900-2-1440x810.png 1440w, https:\/\/opter.com\/wp-content\/uploads\/2025\/06\/orebro-flyttningsbyra-1600x900-2.png 1600w\" sizes=\"auto, (max-width: 1024px) 100vw, 1024px\" \/>\n    <\/div>\n    <h2 class=\"ImageHeadline-headline\">\u201dOpter er fremsynet og lytter til os brugere.\u201d<\/h2>\n<\/div>\n\n\n\n\n<p><a rel=\"noreferrer noopener\" href=\"https:\/\/orebroflyttningsbyra.se\/\" target=\"_blank\">\u00d6rebro Flyttningsbyr\u00e5<\/a> har l\u00e6nge v\u00e6ret en p\u00e5lidelig samarbejdspartner inden for bolig- og kontorflytninger. Virksomheden blev stiftet i 1980 og er vokset og har tilpasset sig markedets behov gennem tiden. For lidt over 10 \u00e5r siden udvidede virksomheden sine aktiviteter til ogs\u00e5 at omfatte engrostransport, som nu er et af de vigtigste forretningsomr\u00e5der.  <\/p>\n\n\n\n<p>Firmaets transportchef Robin Classon har v\u00e6ret med p\u00e5 rejsen. Han startede som flyttemand i 2010 og er efter et par omveje tilbage for at styre b\u00e5de disponering og salg. Flyttefirmaet har en moderne, milj\u00f8certificeret fl\u00e5de p\u00e5 n\u00e6sten 50 k\u00f8ret\u00f8jer samt omkring 60 medarbejdere og er dermed godt rustet til at h\u00e5ndtere alle typer transport.  <\/p>\n\n\n\n<p>&#8220;Kundernes krav vokser hvert \u00e5r, og Opter hj\u00e6lper os med at ligge i spidsen. Det er uvurderligt at kunne demonstrere vores milj\u00f8p\u00e5virkning og samtidig levere sporbarhed i realtid,&#8221; siger Robin Classon. <\/p>\n\n\n\n<p>Opter er hurtigt blevet en vigtig st\u00f8tte i hverdagen for Robin og hans kolleger. Systemet har ikke kun forenklet den interne administration med fakturering og kvitteringer, men er ogs\u00e5 v\u00e6rdsat af kunderne, som nemt kan f\u00f8lge deres bestilling \u2013 fra start til slut. Funktioner som Track &amp; Trace og kundeportalen bidrager til b\u00e5de gennemsigtighed og effektivitet.  <\/p>\n\n\n\n<p>&#8220;Hvis du vil have et fleksibelt system, der ikke er firkantet, er Opter vejen frem. Det skiller sig ud ved at v\u00e6re b\u00e5de enkelt og kraftfuldt. Jeg har arbejdet med forskellige TMS-systemer f\u00f8r, og uanset hvilket system man har, er overgangen til Opter b\u00e5de smidig og enkel,&#8221; slutter Robin.  <\/p>\n\n\n\n<h3 class=\"wp-block-heading\">Book en demo!<\/h3>\n\n\n\n<p>Vil du vide mere? Vi viser med gl\u00e6de, hvordan Opter fungerer, og hvor nemt det er at komme i gang.<\/p>\n\n\n<div class=\"BookADemo\">\n    <a class=\"BookADemo-link\" href=\"\/da\/kontakt-os\/book-en-demo\/\">\n      Book en demo\n    <\/a>\n  <\/div>\n\n","protected":false},"excerpt":{"rendered":"<p>\u00d6rebro Flyttningsbyr\u00e5 har l\u00e6nge v\u00e6ret en p\u00e5lidelig samarbejdspartner inden&hellip;<\/p>\n","protected":false},"author":18,"featured_media":13546,"parent":0,"menu_order":0,"comment_status":"closed","ping_status":"closed","template":"","meta":{"_acf_changed":false,"footnotes":""},"class_list":["post-12594","page","type-page","status-publish","has-post-thumbnail","hentry"],"acf":[],"_links":{"self":[{"href":"https:\/\/opter.com\/da\/wp-json\/wp\/v2\/pages\/12594","targetHints":{"allow":["GET"]}}],"collection":[{"href":"https:\/\/opter.com\/da\/wp-json\/wp\/v2\/pages"}],"about":[{"href":"https:\/\/opter.com\/da\/wp-json\/wp\/v2\/types\/page"}],"author":[{"embeddable":true,"href":"https:\/\/opter.com\/da\/wp-json\/wp\/v2\/users\/18"}],"replies":[{"embeddable":true,"href":"https:\/\/opter.com\/da\/wp-json\/wp\/v2\/comments?post=12594"}],"version-history":[{"count":18,"href":"https:\/\/opter.com\/da\/wp-json\/wp\/v2\/pages\/12594\/revisions"}],"predecessor-version":[{"id":13632,"href":"https:\/\/opter.com\/da\/wp-json\/wp\/v2\/pages\/12594\/revisions\/13632"}],"wp:featuredmedia":[{"embeddable":true,"href":"https:\/\/opter.com\/da\/wp-json\/wp\/v2\/media\/13546"}],"wp:attachment":[{"href":"https:\/\/opter.com\/da\/wp-json\/wp\/v2\/media?parent=12594"}],"curies":[{"name":"wp","href":"https:\/\/api.w.org\/{rel}","templated":true}]}}