{"id":13277,"date":"2025-04-04T15:58:23","date_gmt":"2025-04-04T13:58:23","guid":{"rendered":"https:\/\/opter.com\/?page_id=13277"},"modified":"2025-12-01T11:25:22","modified_gmt":"2025-12-01T10:25:22","slug":"rst-logistics","status":"publish","type":"page","link":"https:\/\/opter.com\/da\/rst-logistics\/","title":{"rendered":"RST Logistics AS"},"content":{"rendered":"<div class=\"ImageHeadline\">\n      <div class=\"ImageHeadline-image\" style=\"background-image: url('https:\/\/opter.com\/wp-content\/uploads\/2025\/04\/rst-logistics-1600x900-2-1024x576.png')\">\n      <img loading=\"lazy\" decoding=\"async\" width=\"1024\" height=\"576\" src=\"https:\/\/opter.com\/wp-content\/uploads\/2025\/04\/rst-logistics-1600x900-2-1024x576.png\" class=\"ImageHeadline-img\" alt=\"R\" srcset=\"https:\/\/opter.com\/wp-content\/uploads\/2025\/04\/rst-logistics-1600x900-2-1024x576.png 1024w, https:\/\/opter.com\/wp-content\/uploads\/2025\/04\/rst-logistics-1600x900-2-300x169.png 300w, https:\/\/opter.com\/wp-content\/uploads\/2025\/04\/rst-logistics-1600x900-2-768x432.png 768w, https:\/\/opter.com\/wp-content\/uploads\/2025\/04\/rst-logistics-1600x900-2-1536x864.png 1536w, https:\/\/opter.com\/wp-content\/uploads\/2025\/04\/rst-logistics-1600x900-2-1440x810.png 1440w, https:\/\/opter.com\/wp-content\/uploads\/2025\/04\/rst-logistics-1600x900-2.png 1600w\" sizes=\"auto, (max-width: 1024px) 100vw, 1024px\" \/>\n    <\/div>\n    <h2 class=\"ImageHeadline-headline\">\u201dOpter kan tilpasses enhver transportvirksomhed.\u201d<\/h2>\n<\/div>\n\n\n\n\n<p>Da&nbsp;<a rel=\"noreferrer noopener\" href=\"https:\/\/rst.no\/\" target=\"_blank\">RST Logistics<\/a> var p\u00e5 udkig efter et transportstyringssystem, var kravene klare \u2013 fuld kontrol over k\u00f8ret\u00f8jer og kommunikation, avancerede prismatrixer og en effektiv faktureringsl\u00f8sning. Valget faldt p\u00e5 Opter, og otte \u00e5r senere har virksomheden fordoblet sin oms\u00e6tning og tredoblet antallet af opgaver \u2013 uden at ans\u00e6tte flere administrative medarbejdere. <\/p>\n\n\n\n<p>\u201dVores branche har sm\u00e5 marginer, og omkostningskontrol er afg\u00f8rende. Systemet giver os komplet overblik og g\u00f8r det muligt at h\u00e5ndtere et stort antal kunder og opgaver,\u201d siger Richard S\u00e6ther, administrerende direkt\u00f8r og ejer. Han fremh\u00e6ver ogs\u00e5 prismatrixerne som et vigtigt v\u00e6rkt\u00f8j i udbudsprocesser. \u201dVi kan hurtigt analysere forsendelsesstatistikker, justere priser og optimere vores tilbud. Det giver os en stor konkurrencefordel.\u201d<\/p>\n\n\n\n<p>Virksomheden har i \u00f8jeblikket 30 ansatte og bruger 30 k\u00f8ret\u00f8jer, hvoraf den ejer 11. Den varetager distribution i Norge, stykgods, partigods og ekspreslevering. Med en terminal p\u00e5 6.000 m\u00b2 og et 3PL-lager har den en st\u00e6rk position, is\u00e6r inden for specialiserede omr\u00e5der som skr\u00f8beligt gods og direkte leverancer.  <\/p>\n\n\n\n<p>For RST Logistics er Opter blevet en naturlig del af forretningen og et solidt fundament for videre udvikling. Richard S\u00e6ther ser systemets fleksibilitet og skalerbarhed som en stor fordel for fremtiden. \u201dOpter kan tilpasses enhver transportvirksomhed, og n\u00e5r man ser potentialet for priss\u00e6tning, omkostningskontrol og overblik, bliver det naturligt at bygge sin virksomhed op omkring det,\u201d afslutter han.<\/p>\n\n\n\n<h3 class=\"wp-block-heading\">Book en demo!<\/h3>\n\n\n\n<p>Vil du vide mere? Vi viser med gl\u00e6de, hvordan Opter fungerer, og hvor nemt det er at komme i gang.<\/p>\n\n\n<div class=\"BookADemo\">\n    <a class=\"BookADemo-link\" href=\"\/da\/kontakt-os\/book-en-demo\/\">\n      Boka demo\n    <\/a>\n  <\/div>\n\n","protected":false},"excerpt":{"rendered":"<p>Da&nbsp;RST Logistics var p\u00e5 udkig efter et transportstyringssystem, var&hellip;<\/p>\n","protected":false},"author":18,"featured_media":13231,"parent":0,"menu_order":0,"comment_status":"closed","ping_status":"closed","template":"","meta":{"_acf_changed":false,"footnotes":""},"class_list":["post-13277","page","type-page","status-publish","has-post-thumbnail","hentry"],"acf":[],"_links":{"self":[{"href":"https:\/\/opter.com\/da\/wp-json\/wp\/v2\/pages\/13277","targetHints":{"allow":["GET"]}}],"collection":[{"href":"https:\/\/opter.com\/da\/wp-json\/wp\/v2\/pages"}],"about":[{"href":"https:\/\/opter.com\/da\/wp-json\/wp\/v2\/types\/page"}],"author":[{"embeddable":true,"href":"https:\/\/opter.com\/da\/wp-json\/wp\/v2\/users\/18"}],"replies":[{"embeddable":true,"href":"https:\/\/opter.com\/da\/wp-json\/wp\/v2\/comments?post=13277"}],"version-history":[{"count":9,"href":"https:\/\/opter.com\/da\/wp-json\/wp\/v2\/pages\/13277\/revisions"}],"predecessor-version":[{"id":15258,"href":"https:\/\/opter.com\/da\/wp-json\/wp\/v2\/pages\/13277\/revisions\/15258"}],"wp:featuredmedia":[{"embeddable":true,"href":"https:\/\/opter.com\/da\/wp-json\/wp\/v2\/media\/13231"}],"wp:attachment":[{"href":"https:\/\/opter.com\/da\/wp-json\/wp\/v2\/media?parent=13277"}],"curies":[{"name":"wp","href":"https:\/\/api.w.org\/{rel}","templated":true}]}}