{"id":13445,"date":"2025-05-12T11:50:57","date_gmt":"2025-05-12T09:50:57","guid":{"rendered":"https:\/\/opter.com\/kaubaekspress-ou\/"},"modified":"2025-12-01T11:43:35","modified_gmt":"2025-12-01T10:43:35","slug":"kaubaekspress","status":"publish","type":"page","link":"https:\/\/opter.com\/da\/kaubaekspress\/","title":{"rendered":"Kaubaekspress O\u00dc"},"content":{"rendered":"<div class=\"ImageHeadline\">\n      <div class=\"ImageHeadline-image\" style=\"background-image: url('https:\/\/opter.com\/wp-content\/uploads\/2025\/04\/kaubaekspress-1600x900-1-1024x576.png')\">\n      <img loading=\"lazy\" decoding=\"async\" width=\"1024\" height=\"576\" src=\"https:\/\/opter.com\/wp-content\/uploads\/2025\/04\/kaubaekspress-1600x900-1-1024x576.png\" class=\"ImageHeadline-img\" alt=\"Kaubaexpress O\u00dc\" srcset=\"https:\/\/opter.com\/wp-content\/uploads\/2025\/04\/kaubaekspress-1600x900-1-1024x576.png 1024w, https:\/\/opter.com\/wp-content\/uploads\/2025\/04\/kaubaekspress-1600x900-1-300x169.png 300w, https:\/\/opter.com\/wp-content\/uploads\/2025\/04\/kaubaekspress-1600x900-1-768x432.png 768w, https:\/\/opter.com\/wp-content\/uploads\/2025\/04\/kaubaekspress-1600x900-1-1536x864.png 1536w, https:\/\/opter.com\/wp-content\/uploads\/2025\/04\/kaubaekspress-1600x900-1-1440x810.png 1440w, https:\/\/opter.com\/wp-content\/uploads\/2025\/04\/kaubaekspress-1600x900-1.png 1600w\" sizes=\"auto, (max-width: 1024px) 100vw, 1024px\" \/>\n    <\/div>\n    <h2 class=\"ImageHeadline-headline\">\u201dOpter g\u00f8r det muligt for os at komme et skridt foran konkurrenterne.\u201d<\/h2>\n<\/div>\n\n\n\n\n<p><a rel=\"noreferrer noopener\" href=\"https:\/\/kaubaekspress.ee\/en\/\" target=\"_blank\">Kaubaekspress O\u00dc<\/a> er en af Estlands \u00e6ldste spedit\u00f8rer og har leveret p\u00e5lidelige logistiktjenester siden 1993. Virksomheden har fire terminaler fordelt i hele landet, 37 ansatte, en fl\u00e5de p\u00e5 over 70 k\u00f8ret\u00f8jer og er en n\u00f8glespiller inden for indenlandsk transport. <\/p>\n\n\n\n<p>\u201dFor at im\u00f8dekomme vores kunders varierende og stadigt voksende behov ledte vi l\u00e6nge efter et TMS, der kombinerede innovation, b\u00e6redygtighed og fleksibilitet. Da vi s\u00e5 Opter, vidste vi med det samme, at det var det rigtige valg,\u201d fort\u00e6ller udviklingschef Teele Saar.<\/p>\n\n\n\n<p>Hun beskriver, hvordan Kaubaekspress er g\u00e5et fra at jonglere med flere forskellige systemer og Excel-ark til at samle alt \u2013 fra kundedata og priser til ordrer og fakturaer \u2013 i et enkelt system. Og fordi Opter er baseret i skyen, har teamet fuld adgang, uanset hvor de befinder sig. <\/p>\n\n\n\n<p>\u201dOpter giver os et klart overblik over hele driften og hj\u00e6lper os med at reducere l\u00f8nomkostningerne. Samtidig s\u00e6tter vores kunder pris p\u00e5, at de hurtigt og nemt kan spore og administrere deres leverancer i kundeportalen.\u201d<\/p>\n\n\n\n<p>Fremover vil Kaubaekspress fokusere p\u00e5 yderligere digitalisering for at effektivisere virksomheden og dens serviceudbud.<\/p>\n\n\n\n<p>Integrationer med kunder, samarbejdspartnere, WMS- og regnskabssystemer er allerede p\u00e5 plads. N\u00e6ste skridt er at oprette forbindelse til eFTI-platformen for at muligg\u00f8re eCMR-l\u00f8sninger. \u201dInnovation er vejen frem, og vi er sikre p\u00e5, at Opter vil forts\u00e6tte med at st\u00f8tte os p\u00e5 den rejse,\u201d siger Teele Saar om fremtiden.<\/p>\n\n\n\n<h3 class=\"wp-block-heading\">Book en demo!<\/h3>\n\n\n\n<p>Vil du vide mere? Vi viser med gl\u00e6de, hvordan Opter fungerer, og hvor nemt det er at komme i gang.<\/p>\n\n\n<div class=\"BookADemo\">\n    <a class=\"BookADemo-link\" href=\"\/da\/kontakt-os\/book-en-demo\/\">\n      Book en demo\n    <\/a>\n  <\/div>\n\n","protected":false},"excerpt":{"rendered":"<p>Kaubaekspress O\u00dc er en af Estlands \u00e6ldste spedit\u00f8rer og&hellip;<\/p>\n","protected":false},"author":18,"featured_media":13267,"parent":0,"menu_order":0,"comment_status":"closed","ping_status":"closed","template":"","meta":{"_acf_changed":false,"footnotes":""},"class_list":["post-13445","page","type-page","status-publish","has-post-thumbnail","hentry"],"acf":[],"_links":{"self":[{"href":"https:\/\/opter.com\/da\/wp-json\/wp\/v2\/pages\/13445","targetHints":{"allow":["GET"]}}],"collection":[{"href":"https:\/\/opter.com\/da\/wp-json\/wp\/v2\/pages"}],"about":[{"href":"https:\/\/opter.com\/da\/wp-json\/wp\/v2\/types\/page"}],"author":[{"embeddable":true,"href":"https:\/\/opter.com\/da\/wp-json\/wp\/v2\/users\/18"}],"replies":[{"embeddable":true,"href":"https:\/\/opter.com\/da\/wp-json\/wp\/v2\/comments?post=13445"}],"version-history":[{"count":6,"href":"https:\/\/opter.com\/da\/wp-json\/wp\/v2\/pages\/13445\/revisions"}],"predecessor-version":[{"id":15269,"href":"https:\/\/opter.com\/da\/wp-json\/wp\/v2\/pages\/13445\/revisions\/15269"}],"wp:featuredmedia":[{"embeddable":true,"href":"https:\/\/opter.com\/da\/wp-json\/wp\/v2\/media\/13267"}],"wp:attachment":[{"href":"https:\/\/opter.com\/da\/wp-json\/wp\/v2\/media?parent=13445"}],"curies":[{"name":"wp","href":"https:\/\/api.w.org\/{rel}","templated":true}]}}