{"id":13998,"date":"2025-09-09T13:40:29","date_gmt":"2025-09-09T11:40:29","guid":{"rendered":"https:\/\/opter.com\/?page_id=13998"},"modified":"2025-12-01T11:10:36","modified_gmt":"2025-12-01T10:10:36","slug":"boomerang-kurerservice","status":"publish","type":"page","link":"https:\/\/opter.com\/da\/boomerang-kurerservice\/","title":{"rendered":"Boomerang Kur\u00e9rservice"},"content":{"rendered":"<div class=\"ImageHeadline\">\n      <div class=\"ImageHeadline-image\" style=\"background-image: url('https:\/\/opter.com\/wp-content\/uploads\/2025\/09\/boomerang-hero-960.webp')\">\n      <img loading=\"lazy\" decoding=\"async\" width=\"960\" height=\"540\" src=\"https:\/\/opter.com\/wp-content\/uploads\/2025\/09\/boomerang-hero-960.webp\" class=\"ImageHeadline-img\" alt=\"Boomerang Kur\u00e9rservice\" srcset=\"https:\/\/opter.com\/wp-content\/uploads\/2025\/09\/boomerang-hero-960.webp 960w, https:\/\/opter.com\/wp-content\/uploads\/2025\/09\/boomerang-hero-960-300x169.webp 300w, https:\/\/opter.com\/wp-content\/uploads\/2025\/09\/boomerang-hero-960-768x432.webp 768w\" sizes=\"auto, (max-width: 960px) 100vw, 960px\" \/>\n    <\/div>\n    <h2 class=\"ImageHeadline-headline\">\u201dOpter er kraftfuldt og nemt at bruge.\u201d<\/h2>\n<\/div>\n\n\n\n\n<p>Med en blandet fl\u00e5de af k\u00f8ret\u00f8jer og omkring 20 chauff\u00f8rer m\u00f8der <a rel=\"noreferrer noopener\" href=\"http:\/\/boomerang-kurerservice.dk\/\" target=\"_blank\">Boomerang Kur\u00e9rservice<\/a> hver dag kunder med h\u00f8je krav til fleksibilitet og effektivitet. Virksomheden blev grundlagt i 2004 og tilbyder transporttjenester i hele Danmark, fra kurer- og distributionsopgaver til regionale opgaver. <\/p>\n\n\n\n<p>\u201dN\u00e5r vi har travlt med mange hasteordrer, er Opter en k\u00e6mpe hj\u00e6lp.\u201d<\/p>\n\n\n\n<p>Siden begyndelsen af 2024 har Opter v\u00e6ret centrum for Boomerangs aktiviteter. Administrerende direkt\u00f8r Sune Gr\u00f8n forklarer, at de ledte efter et system, der kunne holde sammen p\u00e5 hele k\u00e6den: planl\u00e6gning, ordreh\u00e5ndtering, fakturering og opf\u00f8lgning. Efter at have vurderet flere muligheder faldt valget p\u00e5 Opter, som blev opfattet som b\u00e5de komplet og brugervenligt. I dag er systemet en integreret del af det daglige arbejde.   <\/p>\n\n\n\n<p>Planl\u00e6gningen g\u00e5r hurtigt, chauff\u00f8rerne f\u00e5r klare instruktioner p\u00e5 mobilen, og risikoen for fejl er reduceret. Tidligere tog den manuelle h\u00e5ndtering af fragtbreve meget tid. Nu er alt digitalt og knyttet direkte til ordren. Afregning og fakturering er ogs\u00e5 blevet mere smidig med automatisering.   <\/p>\n\n\n\n<p>Sune Gr\u00f8n ser Opter som et v\u00e6rkt\u00f8j for fremtiden. \u201dDet giver os et st\u00e6rkt fundament og g\u00f8r det nemt at h\u00e5ndtere flere kunder og opgaver p\u00e5 en god m\u00e5de. Jeg har allerede anbefalet Opter til andre, der ogs\u00e5 har k\u00f8bt det\u201d, slutter han.<\/p>\n\n\n\n<h3 class=\"wp-block-heading\">Book en demo!<\/h3>\n\n\n\n<p>Vil du vide mere? Vi viser med gl\u00e6de, hvordan Opter fungerer, og hvor nemt det er at komme i gang.<\/p>\n\n\n<div class=\"BookADemo\">\n    <a class=\"BookADemo-link\" href=\"\/da\/kontakt-os\/book-en-demo\/\">\n      Book en demo\n    <\/a>\n  <\/div>\n\n","protected":false},"excerpt":{"rendered":"<p>Med en blandet fl\u00e5de af k\u00f8ret\u00f8jer og omkring 20&hellip;<\/p>\n","protected":false},"author":18,"featured_media":14488,"parent":0,"menu_order":0,"comment_status":"closed","ping_status":"closed","template":"","meta":{"_acf_changed":false,"footnotes":""},"class_list":["post-13998","page","type-page","status-publish","has-post-thumbnail","hentry"],"acf":[],"_links":{"self":[{"href":"https:\/\/opter.com\/da\/wp-json\/wp\/v2\/pages\/13998","targetHints":{"allow":["GET"]}}],"collection":[{"href":"https:\/\/opter.com\/da\/wp-json\/wp\/v2\/pages"}],"about":[{"href":"https:\/\/opter.com\/da\/wp-json\/wp\/v2\/types\/page"}],"author":[{"embeddable":true,"href":"https:\/\/opter.com\/da\/wp-json\/wp\/v2\/users\/18"}],"replies":[{"embeddable":true,"href":"https:\/\/opter.com\/da\/wp-json\/wp\/v2\/comments?post=13998"}],"version-history":[{"count":20,"href":"https:\/\/opter.com\/da\/wp-json\/wp\/v2\/pages\/13998\/revisions"}],"predecessor-version":[{"id":15244,"href":"https:\/\/opter.com\/da\/wp-json\/wp\/v2\/pages\/13998\/revisions\/15244"}],"wp:featuredmedia":[{"embeddable":true,"href":"https:\/\/opter.com\/da\/wp-json\/wp\/v2\/media\/14488"}],"wp:attachment":[{"href":"https:\/\/opter.com\/da\/wp-json\/wp\/v2\/media?parent=13998"}],"curies":[{"name":"wp","href":"https:\/\/api.w.org\/{rel}","templated":true}]}}