{"id":14345,"date":"2025-09-09T14:42:14","date_gmt":"2025-09-09T12:42:14","guid":{"rendered":"https:\/\/opter.com\/?page_id=14345"},"modified":"2025-12-01T11:44:55","modified_gmt":"2025-12-01T10:44:55","slug":"kuljetuspalvelu-faagel-oy","status":"publish","type":"page","link":"https:\/\/opter.com\/da\/kuljetuspalvelu-faagel-oy\/","title":{"rendered":"Kuljetuspalvelu F\u00e5gel Oy"},"content":{"rendered":"<div class=\"ImageHeadline\">\n      <div class=\"ImageHeadline-image\" style=\"background-image: url('https:\/\/opter.com\/wp-content\/uploads\/2025\/09\/kuljetuspalvelu-fagel-hero-960x540-1.webp')\">\n      <img loading=\"lazy\" decoding=\"async\" width=\"960\" height=\"540\" src=\"https:\/\/opter.com\/wp-content\/uploads\/2025\/09\/kuljetuspalvelu-fagel-hero-960x540-1.webp\" class=\"ImageHeadline-img\" alt=\"Kuljetuspalvelu F\u00e5gel Oy\" srcset=\"https:\/\/opter.com\/wp-content\/uploads\/2025\/09\/kuljetuspalvelu-fagel-hero-960x540-1.webp 960w, https:\/\/opter.com\/wp-content\/uploads\/2025\/09\/kuljetuspalvelu-fagel-hero-960x540-1-300x169.webp 300w, https:\/\/opter.com\/wp-content\/uploads\/2025\/09\/kuljetuspalvelu-fagel-hero-960x540-1-768x432.webp 768w\" sizes=\"auto, (max-width: 960px) 100vw, 960px\" \/>\n    <\/div>\n    <h2 class=\"ImageHeadline-headline\">\u201dOpter forenkler og muligg\u00f8r.\u201d<\/h2>\n<\/div>\n\n\n\n\n<p>Iv\u00e6rks\u00e6tteren Timo F\u00e5gel har ledet <a rel=\"noreferrer noopener\" href=\"https:\/\/kuljetuspalvelufagel.fi\/\" target=\"_blank\">Kuljetuspalvelu F\u00e5gel<\/a> i 20 \u00e5r. Han har styret den familieejede virksomhed, der blev grundlagt i 1966, med et langsigtet fokus p\u00e5 stabile og velfungerende transporttjenester. <\/p>\n\n\n\n<p>Virksomheden har base i P\u00e4ij\u00e4nne-Tavastland og tilbyder transporttjenester i hele det sydlige Finland. Virksomheden har i \u00f8jeblikket 95 ansatte og omfatter n\u00e6sten 60 k\u00f8ret\u00f8jer, fra varevogne til trailere og lastbiler. <\/p>\n\n\n\n<p>\u201dVi valgte Opter, fordi det var omkostningseffektivt og nemt at komme i gang med. Desuden vidste vi, at flere af vores partnere allerede brugte det, og vi havde h\u00f8rt om deres positive erfaringer.\u201d<\/p>\n\n\n\n<p>Timo F\u00e5gel fort\u00e6ller, at TMS-systemet siden implementeringen har v\u00e6ret med til at str\u00f8mline faktureringen, reducere det manuelle arbejde og minimere behovet for fysiske fragtbreve. Opgaverne sendes direkte til chauff\u00f8rernes mobile enheder, og virksomheden f\u00e5r bedre overblik via systemets rapporteringsfunktioner. Samarbejdet med kunder og underleverand\u00f8rer bliver ogs\u00e5 lettere med funktioner til kommunikation og automatisk prisfasts\u00e6ttelse.  <\/p>\n\n\n\n<p>\u201dMed Opter kan vi forts\u00e6tte med at vokse uden at skulle \u00f8ge vores interne ressourcer\u201d, siger Timo F\u00e5gel og bem\u00e6rker, at systemet er blevet et konkret v\u00e6rkt\u00f8j, b\u00e5de i det daglige arbejde og i virksomhedens langsigtede udvikling.<\/p>\n\n\n\n<h3 class=\"wp-block-heading\">Book en demo!<\/h3>\n\n\n\n<p>Vil du vide mere? Vi viser med gl\u00e6de, hvordan Opter fungerer, og hvor nemt det er at komme i gang.<\/p>\n\n\n<div class=\"BookADemo\">\n    <a class=\"BookADemo-link\" href=\"\/da\/kontakt-os\/book-en-demo\/\">\n      Book en demo\n    <\/a>\n  <\/div>\n\n","protected":false},"excerpt":{"rendered":"<p>Iv\u00e6rks\u00e6tteren Timo F\u00e5gel har ledet Kuljetuspalvelu F\u00e5gel i 20&hellip;<\/p>\n","protected":false},"author":18,"featured_media":14431,"parent":0,"menu_order":0,"comment_status":"closed","ping_status":"closed","template":"","meta":{"_acf_changed":false,"footnotes":""},"class_list":["post-14345","page","type-page","status-publish","has-post-thumbnail","hentry"],"acf":[],"_links":{"self":[{"href":"https:\/\/opter.com\/da\/wp-json\/wp\/v2\/pages\/14345","targetHints":{"allow":["GET"]}}],"collection":[{"href":"https:\/\/opter.com\/da\/wp-json\/wp\/v2\/pages"}],"about":[{"href":"https:\/\/opter.com\/da\/wp-json\/wp\/v2\/types\/page"}],"author":[{"embeddable":true,"href":"https:\/\/opter.com\/da\/wp-json\/wp\/v2\/users\/18"}],"replies":[{"embeddable":true,"href":"https:\/\/opter.com\/da\/wp-json\/wp\/v2\/comments?post=14345"}],"version-history":[{"count":9,"href":"https:\/\/opter.com\/da\/wp-json\/wp\/v2\/pages\/14345\/revisions"}],"predecessor-version":[{"id":15271,"href":"https:\/\/opter.com\/da\/wp-json\/wp\/v2\/pages\/14345\/revisions\/15271"}],"wp:featuredmedia":[{"embeddable":true,"href":"https:\/\/opter.com\/da\/wp-json\/wp\/v2\/media\/14431"}],"wp:attachment":[{"href":"https:\/\/opter.com\/da\/wp-json\/wp\/v2\/media?parent=14345"}],"curies":[{"name":"wp","href":"https:\/\/api.w.org\/{rel}","templated":true}]}}