{"id":15008,"date":"2025-10-28T14:40:35","date_gmt":"2025-10-28T13:40:35","guid":{"rendered":"https:\/\/opter.com\/alfta-frakt\/"},"modified":"2025-12-01T11:14:32","modified_gmt":"2025-12-01T10:14:32","slug":"alfta-frakt","status":"publish","type":"page","link":"https:\/\/opter.com\/da\/alfta-frakt\/","title":{"rendered":"Alfta Frakt"},"content":{"rendered":"<div class=\"ImageHeadline\">\n      <div class=\"ImageHeadline-image\" style=\"background-image: url('https:\/\/opter.com\/wp-content\/uploads\/2025\/09\/alfta-frakt-hero-960.webp')\">\n      <img loading=\"lazy\" decoding=\"async\" width=\"960\" height=\"540\" src=\"https:\/\/opter.com\/wp-content\/uploads\/2025\/09\/alfta-frakt-hero-960.webp\" class=\"ImageHeadline-img\" alt=\"Alfta Frakt\" srcset=\"https:\/\/opter.com\/wp-content\/uploads\/2025\/09\/alfta-frakt-hero-960.webp 960w, https:\/\/opter.com\/wp-content\/uploads\/2025\/09\/alfta-frakt-hero-960-300x169.webp 300w, https:\/\/opter.com\/wp-content\/uploads\/2025\/09\/alfta-frakt-hero-960-768x432.webp 768w\" sizes=\"auto, (max-width: 960px) 100vw, 960px\" \/>\n    <\/div>\n    <h2 class=\"ImageHeadline-headline\">\u201dBliv en del af Opter \u2013 s\u00e5 vi kan samarbejde endnu mere effektivt!\u201d<\/h2>\n<\/div>\n\n\n\n\n<p><a rel=\"noreferrer noopener\" href=\"https:\/\/www.alftafrakt.se\/\" target=\"_blank\">Alfta Frakt<\/a> har et st\u00e6rkt fokus p\u00e5 milj\u00f8et, omkring 100 medarbejdere samt 60 k\u00f8ret\u00f8jer, og er en f\u00f8rende akt\u00f8r inden for transport og logistik i Sverige. De har brugt Opter i deres daglige drift siden 2021. <\/p>\n\n\n\n<p>\u201dVi er transport\u00f8r for DHL, og Opter var det bedste match for vores virksomhed \u2013 fordi det kan h\u00e5ndtere b\u00e5de de opgaver, vi udf\u00f8rer for DHL, og dem, vi udf\u00f8rer for vores egne kunder,\u201d siger Erik Persson, driftschef.<\/p>\n\n\n\n<p>Virksomheden transporterer varer i hele Sverige og har lagre i G\u00e4vle og Stockholm. Opgaverne sp\u00e6nder fra stykgods til komplekse logistikl\u00f8sninger. Med Opter kan alle parter spore transporten i realtid, samtidig med at administrationen er blevet reduceret, og informationsflowet er blevet hurtigere. Som eksempel n\u00e6vner Erik Persson, at fakturering nu er mindst dobbelt s\u00e5 hurtig, da alt h\u00e5ndteres digitalt i det samme system.   <\/p>\n\n\n\n<p>Alfta Frakt bruger ogs\u00e5 OpterLink til at dele opgaver med andre transportvirksomheder. \u201dB\u00e5de til afhentninger, leveringer og nogle gange hele transportopgaver. Vi s\u00e6tter frem for alt pris p\u00e5, at kommunikationen g\u00e5r begge veje \u2013 vi kan b\u00e5de modtage og sende transportopgaver. Det g\u00f8r samarbejdet med andre akt\u00f8rer meget mere effektivt og fleksibelt,\u201d siger Erik Persson.<\/p>\n\n\n\n<p>Fremadrettet ser Alfta Frakt potentiale for flere samarbejder, ogs\u00e5 uden for Sveriges gr\u00e6nser. Og hvis kolleger i branchen sp\u00f8rger om Opter, er svaret klart: \u201dSystemet kan bruges til alle dele af transporten \u2013 lige fra ordreindgang og udf\u00f8relse til fakturering. Bliv en del af Opter \u2013 s\u00e5 vi kan samarbejde endnu mere effektivt!\u201d<\/p>\n\n\n\n<h3 class=\"wp-block-heading\">Book en demo!<\/h3>\n\n\n\n<p>Vil du vide mere? Vi viser med gl\u00e6de, hvordan Opter fungerer, og hvor nemt det er at komme i gang.<\/p>\n\n\n<div class=\"BookADemo\">\n    <a class=\"BookADemo-link\" href=\"\/da\/kontakt-os\/book-en-demo\/\">\n      Book en demo\n    <\/a>\n  <\/div>\n\n","protected":false},"excerpt":{"rendered":"<p>Alfta Frakt har et st\u00e6rkt fokus p\u00e5 milj\u00f8et, omkring&hellip;<\/p>\n","protected":false},"author":18,"featured_media":14574,"parent":0,"menu_order":0,"comment_status":"closed","ping_status":"closed","template":"","meta":{"_acf_changed":false,"footnotes":""},"class_list":["post-15008","page","type-page","status-publish","has-post-thumbnail","hentry"],"acf":[],"_links":{"self":[{"href":"https:\/\/opter.com\/da\/wp-json\/wp\/v2\/pages\/15008","targetHints":{"allow":["GET"]}}],"collection":[{"href":"https:\/\/opter.com\/da\/wp-json\/wp\/v2\/pages"}],"about":[{"href":"https:\/\/opter.com\/da\/wp-json\/wp\/v2\/types\/page"}],"author":[{"embeddable":true,"href":"https:\/\/opter.com\/da\/wp-json\/wp\/v2\/users\/18"}],"replies":[{"embeddable":true,"href":"https:\/\/opter.com\/da\/wp-json\/wp\/v2\/comments?post=15008"}],"version-history":[{"count":6,"href":"https:\/\/opter.com\/da\/wp-json\/wp\/v2\/pages\/15008\/revisions"}],"predecessor-version":[{"id":15250,"href":"https:\/\/opter.com\/da\/wp-json\/wp\/v2\/pages\/15008\/revisions\/15250"}],"wp:featuredmedia":[{"embeddable":true,"href":"https:\/\/opter.com\/da\/wp-json\/wp\/v2\/media\/14574"}],"wp:attachment":[{"href":"https:\/\/opter.com\/da\/wp-json\/wp\/v2\/media?parent=15008"}],"curies":[{"name":"wp","href":"https:\/\/api.w.org\/{rel}","templated":true}]}}