{"id":15220,"date":"2026-01-23T11:33:21","date_gmt":"2026-01-23T10:33:21","guid":{"rendered":"https:\/\/opter.com\/?page_id=15220"},"modified":"2026-01-23T11:40:35","modified_gmt":"2026-01-23T10:40:35","slug":"posti","status":"publish","type":"page","link":"https:\/\/opter.com\/da\/posti\/","title":{"rendered":"Posti"},"content":{"rendered":"<div class=\"ImageHeadline\">\n      <div class=\"ImageHeadline-image\" style=\"background-image: url('https:\/\/opter.com\/wp-content\/uploads\/2026\/01\/posti_hero_960x540-1.png')\">\n      <img loading=\"lazy\" decoding=\"async\" width=\"960\" height=\"540\" src=\"https:\/\/opter.com\/wp-content\/uploads\/2026\/01\/posti_hero_960x540-1.png\" class=\"ImageHeadline-img\" alt=\"Posti AB\" srcset=\"https:\/\/opter.com\/wp-content\/uploads\/2026\/01\/posti_hero_960x540-1.png 960w, https:\/\/opter.com\/wp-content\/uploads\/2026\/01\/posti_hero_960x540-1-300x169.png 300w, https:\/\/opter.com\/wp-content\/uploads\/2026\/01\/posti_hero_960x540-1-768x432.png 768w\" sizes=\"auto, (max-width: 960px) 100vw, 960px\" \/>\n    <\/div>\n    <h2 class=\"ImageHeadline-headline\">\u201dOpter er et af de mest tilfredsstillende TMS&#039;er, jeg har brugt.\u201d<\/h2>\n<\/div>\n\n\n\n\n<p><a href=\"https:\/\/www.posti.se\/\" data-type=\"link\" data-id=\"https:\/\/www.posti.se\/\">Postis<\/a> logistikl\u00f8sninger og fl\u00e5detjenester i Sverige h\u00e5ndterer alt fra langdistancetransporter og sikkerhedsk\u00f8rsler til levering af f\u00f8lsomt IT-udstyr. Virksomheden har brugt Opter i over ti \u00e5r.<\/p>\n\n\n\n<p>Det var et tidligt valg, som har v\u00e6ret med hele vejen fra begyndelsen, og det fungerer som et centralt TMS til blandt andet kommunikation med chauff\u00f8rer og partnere, bookinger via webportalen for kunder og API-integrationer, der reducerer den manuelle h\u00e5ndtering. <\/p>\n\n\n\n<p>Det var enkelheden i K2, som systemet hed dengang, der tiltalte Postis driftschef Johan Olsson. Desuden var det omkostningseffektivt og en omfattende l\u00f8sning for en lille virksomhed med to biler, og det har v\u00e6ret nemt at skalere op til nutidens 13 interne k\u00f8ret\u00f8jer og flere underleverand\u00f8rer. <\/p>\n\n\n\n<p>\u201dDet er s\u00e5 brugervenligt, at jeg selv kan h\u00e5ndtere alt fra disponering til fakturering, hvis det er n\u00f8dvendigt.\u201d<\/p>\n\n\n\n<p>For tre \u00e5r siden flyttede virksomheden alt fra egen server til Opter Cloud. Johan Olsson beskriver overgangen som stort set problemfri. Efter at have logget ud en eftermiddag var alt oppe at k\u00f8re n\u00e6ste morgen. Med Opter i skyen slipper de for teknisk b\u00f8vl, VPN og driftsansvar. De kan ogs\u00e5 logge ind hvor som helst.    <\/p>\n\n\n\n<p>\u201dTilg\u00e6ngeligheden og sikkerheden i, at man altid kan f\u00e5 adgang til systemet er guld v\u00e6rd. Jeg har faktureret fra sk\u00e6rg\u00e5rden og arbejdet fra Thailand. Det virker bare.\u201d<\/p>\n\n\n\n<p>Opter g\u00f8r det ogs\u00e5 nemt at opfylde kundernes behov for oplysning og gennemsigtighed. Kunderne kan v\u00e6lge, hvilke adviseringer de vil have, og rapporterne kan nemt tilpasses og g\u00f8res mere detaljerede. <\/p>\n\n\n\n<p>\u201dHvis vores kunder har brug for dokumentation, s\u00e5 f\u00e5r de det. Jeg f\u00e5r n\u00e6sten aldrig sp\u00f8rgsm\u00e5l til fakturaerne l\u00e6ngere,\u201d siger Johan Olsson og afslutter: \u201dMen Opter kan mere, end hvad vi bruger det til. I fremtiden h\u00e5ber jeg, at vi kan anvende endnu flere funktioner i systemet, for det forenkler virkelig vores hverdag!\u201d<\/p>\n\n\n\n<p><strong>Book en demo!<\/strong><\/p>\n\n\n\n<p>Vil du vide mere? Vi viser med gl\u00e6de, hvordan Opter fungerer, og hvor nemt det er at komme i gang.<\/p>\n\n\n<div class=\"BookADemo\">\n    <a class=\"BookADemo-link\" href=\"\/da\/kontakt-os\/book-en-demo\/\">\n      Book en demo\n    <\/a>\n  <\/div>\n\n","protected":false},"excerpt":{"rendered":"<p>Postis logistikl\u00f8sninger og fl\u00e5detjenester i Sverige h\u00e5ndterer alt fra&hellip;<\/p>\n","protected":false},"author":18,"featured_media":15467,"parent":0,"menu_order":0,"comment_status":"closed","ping_status":"closed","template":"","meta":{"_acf_changed":false,"footnotes":""},"class_list":["post-15220","page","type-page","status-publish","has-post-thumbnail","hentry"],"acf":[],"_links":{"self":[{"href":"https:\/\/opter.com\/da\/wp-json\/wp\/v2\/pages\/15220","targetHints":{"allow":["GET"]}}],"collection":[{"href":"https:\/\/opter.com\/da\/wp-json\/wp\/v2\/pages"}],"about":[{"href":"https:\/\/opter.com\/da\/wp-json\/wp\/v2\/types\/page"}],"author":[{"embeddable":true,"href":"https:\/\/opter.com\/da\/wp-json\/wp\/v2\/users\/18"}],"replies":[{"embeddable":true,"href":"https:\/\/opter.com\/da\/wp-json\/wp\/v2\/comments?post=15220"}],"version-history":[{"count":6,"href":"https:\/\/opter.com\/da\/wp-json\/wp\/v2\/pages\/15220\/revisions"}],"predecessor-version":[{"id":15481,"href":"https:\/\/opter.com\/da\/wp-json\/wp\/v2\/pages\/15220\/revisions\/15481"}],"wp:featuredmedia":[{"embeddable":true,"href":"https:\/\/opter.com\/da\/wp-json\/wp\/v2\/media\/15467"}],"wp:attachment":[{"href":"https:\/\/opter.com\/da\/wp-json\/wp\/v2\/media?parent=15220"}],"curies":[{"name":"wp","href":"https:\/\/api.w.org\/{rel}","templated":true}]}}