{"id":15657,"date":"2026-02-26T15:58:34","date_gmt":"2026-02-26T14:58:34","guid":{"rendered":"https:\/\/opter.com\/tnr-spedisjon-as\/"},"modified":"2026-03-06T14:19:04","modified_gmt":"2026-03-06T13:19:04","slug":"tnr-spedisjon-as","status":"publish","type":"page","link":"https:\/\/opter.com\/da\/tnr-spedisjon-as\/","title":{"rendered":"Tnr Spedisjon AS"},"content":{"rendered":"<div class=\"ImageHeadline\">\n      <div class=\"ImageHeadline-image\" style=\"background-image: url('https:\/\/opter.com\/wp-content\/uploads\/2026\/02\/tnr_hero_960x540.png')\">\n      <img loading=\"lazy\" decoding=\"async\" width=\"960\" height=\"540\" src=\"https:\/\/opter.com\/wp-content\/uploads\/2026\/02\/tnr_hero_960x540.png\" class=\"ImageHeadline-img\" alt=\"Tnr Spedisjon AS\" srcset=\"https:\/\/opter.com\/wp-content\/uploads\/2026\/02\/tnr_hero_960x540.png 960w, https:\/\/opter.com\/wp-content\/uploads\/2026\/02\/tnr_hero_960x540-300x169.png 300w, https:\/\/opter.com\/wp-content\/uploads\/2026\/02\/tnr_hero_960x540-768x432.png 768w\" sizes=\"auto, (max-width: 960px) 100vw, 960px\" \/>\n    <\/div>\n    <h2 class=\"ImageHeadline-headline\">\u201dOpter er s\u00e6rdeles opdateret.\u201d<\/h2>\n<\/div>\n\n\n\n\n<p><a href=\"https:\/\/www.tnrspedisjon.no\/\" data-type=\"link\" data-id=\"https:\/\/www.tnrspedisjon.no\/\" target=\"_blank\" rel=\"noreferrer noopener\">Tnr Spedisjon<\/a>, grundlagt i 1981, er en etableret akt\u00f8r p\u00e5 det norske transportmarked. I dag har virksomheden over 100 ansatte og ejer omkring 65 k\u00f8ret\u00f8jer. I begyndelsen af 2024 overgik de til Opter som deres TMS for at im\u00f8dekomme hurtigt stigende m\u00e6ngder og h\u00f8jere krav til digitaliseret scanning, sporbarhed og effektivitet.  <\/p>\n\n\n\n<p>\u201dTeknologien var den afg\u00f8rende faktor. Vi havde brug for bedre muligheder, b\u00e5de for os selv, vores kunder og transport\u00f8rerne\u201d, siger Tor Klungtveit, driftschef. <\/p>\n\n\n\n<p>Tnr h\u00e5ndterer store m\u00e6ngder stykgods og er et konsolideringscenter for flere store transport\u00f8rer. For dem er realtidskontrol af terminalen afg\u00f8rende, og scanning var blevet en flaskehals. Med scanning p\u00e5 gulvet i Opter f\u00e5r b\u00e5de transportledelsen og kunderne et direkte overblik over godsets status.  <\/p>\n\n\n\n<p>Det administrative arbejde er ogs\u00e5 blevet v\u00e6sentligt effektiviseret, idet tidskr\u00e6vende manuelle opgaver som fakturering og prisberegninger h\u00e5ndteres hurtigt i automatiserede arbejdsgange. Tnr bruger ogs\u00e5 OpterLink til at dele opgaver med partnere og underleverand\u00f8rer. \u201dDet er en helt genial funktion, og det g\u00f8r det nemt og enkelt at inddrage andre i samarbejdet via OpterLink\u201d, siger Tor.  <\/p>\n\n\n\n<p>Fremadrettet ser virksomheden store muligheder for at vokse med sit transportstyringssystem. De bruger endnu ikke alle funktionerne, men de ser allerede mange klare forbedringer i deres hverdag. \u201dOpter g\u00f8r vores logistik nemmere og giver et bedre overblik. Jeg kan varmt anbefale det\u201d, slutter Klungtveit.   <\/p>\n\n\n\n<h3 class=\"wp-block-heading\">Book en demo!<\/h3>\n\n\n\n<p>Vil du vide mere? Vi viser med gl\u00e6de, hvordan Opter fungerer, og hvor nemt det er at komme i gang.<\/p>\n\n\n<div class=\"BookADemo\">\n    <a class=\"BookADemo-link\" href=\"\/da\/kontakt-os\/book-en-demo\/\">\n      Book en demo\n    <\/a>\n  <\/div>\n\n","protected":false},"excerpt":{"rendered":"<p>Tnr Spedisjon, grundlagt i 1981, er en etableret akt\u00f8r&hellip;<\/p>\n","protected":false},"author":18,"featured_media":15538,"parent":0,"menu_order":0,"comment_status":"closed","ping_status":"closed","template":"","meta":{"_acf_changed":false,"footnotes":""},"class_list":["post-15657","page","type-page","status-publish","has-post-thumbnail","hentry"],"acf":[],"_links":{"self":[{"href":"https:\/\/opter.com\/da\/wp-json\/wp\/v2\/pages\/15657","targetHints":{"allow":["GET"]}}],"collection":[{"href":"https:\/\/opter.com\/da\/wp-json\/wp\/v2\/pages"}],"about":[{"href":"https:\/\/opter.com\/da\/wp-json\/wp\/v2\/types\/page"}],"author":[{"embeddable":true,"href":"https:\/\/opter.com\/da\/wp-json\/wp\/v2\/users\/18"}],"replies":[{"embeddable":true,"href":"https:\/\/opter.com\/da\/wp-json\/wp\/v2\/comments?post=15657"}],"version-history":[{"count":2,"href":"https:\/\/opter.com\/da\/wp-json\/wp\/v2\/pages\/15657\/revisions"}],"predecessor-version":[{"id":15726,"href":"https:\/\/opter.com\/da\/wp-json\/wp\/v2\/pages\/15657\/revisions\/15726"}],"wp:featuredmedia":[{"embeddable":true,"href":"https:\/\/opter.com\/da\/wp-json\/wp\/v2\/media\/15538"}],"wp:attachment":[{"href":"https:\/\/opter.com\/da\/wp-json\/wp\/v2\/media?parent=15657"}],"curies":[{"name":"wp","href":"https:\/\/api.w.org\/{rel}","templated":true}]}}