{"id":15659,"date":"2026-03-06T14:05:31","date_gmt":"2026-03-06T13:05:31","guid":{"rendered":"https:\/\/opter.com\/?page_id=15659"},"modified":"2026-03-06T14:08:58","modified_gmt":"2026-03-06T13:08:58","slug":"sandahlsbolagen","status":"publish","type":"page","link":"https:\/\/opter.com\/da\/sandahlsbolagen\/","title":{"rendered":"Sandahlsbolagen"},"content":{"rendered":"<div class=\"ImageHeadline\">\n      <div class=\"ImageHeadline-image\" style=\"background-image: url('https:\/\/opter.com\/wp-content\/uploads\/2026\/03\/sandahls_hero_960x540.png')\">\n      <img loading=\"lazy\" decoding=\"async\" width=\"960\" height=\"540\" src=\"https:\/\/opter.com\/wp-content\/uploads\/2026\/03\/sandahls_hero_960x540.png\" class=\"ImageHeadline-img\" alt=\"Sandahls\" srcset=\"https:\/\/opter.com\/wp-content\/uploads\/2026\/03\/sandahls_hero_960x540.png 960w, https:\/\/opter.com\/wp-content\/uploads\/2026\/03\/sandahls_hero_960x540-300x169.png 300w, https:\/\/opter.com\/wp-content\/uploads\/2026\/03\/sandahls_hero_960x540-768x432.png 768w\" sizes=\"auto, (max-width: 960px) 100vw, 960px\" \/>\n    <\/div>\n    <h2 class=\"ImageHeadline-headline\">\u201dOpter er en drivkraft for vores udvikling.\u201d<\/h2>\n<\/div>\n\n\n\n\n<p><a href=\"https:\/\/sandahls.com\/\" data-type=\"link\" data-id=\"https:\/\/sandahls.com\/\" target=\"_blank\" rel=\"noreferrer noopener\">Sandahls<\/a> er et af Sveriges st\u00f8rste privatejede vognmandsfirmaer med oprindelse i Sm\u00e5land og omkring 500 lastbiler i fl\u00e5den. Etableringen p\u00e5 13 steder giver stordriftsfordele, men kr\u00e6ver f\u00e6lles procedurer og systemer. <\/p>\n\n\n\n<p>I V\u00e5rg\u00e5rda driver Sandahls en specialiseret transport- og lagervirksomhed med 125 medarbejdere og 60 k\u00f8ret\u00f8jer. Tilbagevendende opgaver er f.eks. leverancer af k\u00f8kkener, f\u00f8lsomt gods med kompleks logistik og h\u00f8je krav til tidsplanl\u00e6gning. <\/p>\n\n\n\n<p>Efter tidligere at have brugt et andet system overgik Sandahls V\u00e5rg\u00e5rda til Opter som TMS i 2025. \u201dSandahls Logistik havde allerede brugt Opter i fem \u00e5r\u201d, siger Anders Litstrand, site manager i V\u00e5rg\u00e5rda. \u201dMed skiftet har vi endelig f\u00e5et et f\u00e6lles milj\u00f8. Vi ser det samme som vores kolleger og kan udnytte alle ressourcer mere effektivt. Det er den umiddelbare forskel.\u201d    <\/p>\n\n\n\n<p>Beslutningen om at \u00e6ndre transportstyringssystemet er ogs\u00e5 et resultat af kundernes \u00f8gede krav om gennemsigtighed: bedre overv\u00e5gning, adgang til emissionsdata og mulighed for at f\u00f8lge forsendelser i realtid. Med Opters webportal for kunder f\u00e5r kunderne \u00f8get indsigt, uden at belastningen p\u00e5 virksomheden stiger. <br><em><br><\/em>Implementeringen af Opter blev gennemf\u00f8rt med minimal p\u00e5virkning af kunderne og uden st\u00f8rre afbrydelser i leveringerne, og Sandahls ser store muligheder forude. \u201dOpter er en drivkraft for udviklingen af virksomheden. I stedet for at bygge nye funktioner omkring den m\u00e5de, vi arbejder p\u00e5 nu, vil vi udforske, hvad der allerede er i systemet, og hvordan det kan hj\u00e6lpe os med at arbejde endnu smartere\u201d, siger Litstrand.  <\/p>\n\n\n\n<h3 class=\"wp-block-heading\">Book en demo!<\/h3>\n\n\n\n<p>Vil du vide mere? Vi viser med gl\u00e6de, hvordan Opter fungerer, og hvor nemt det er at komme i gang.<\/p>\n\n\n<div class=\"BookADemo\">\n    <a class=\"BookADemo-link\" href=\"\/da\/kontakt-os\/book-en-demo\/\">\n      Book en demo\n    <\/a>\n  <\/div>\n\n","protected":false},"excerpt":{"rendered":"<p>Sandahls er et af Sveriges st\u00f8rste privatejede vognmandsfirmaer med&hellip;<\/p>\n","protected":false},"author":18,"featured_media":15699,"parent":0,"menu_order":0,"comment_status":"closed","ping_status":"closed","template":"","meta":{"_acf_changed":false,"footnotes":""},"class_list":["post-15659","page","type-page","status-publish","has-post-thumbnail","hentry"],"acf":[],"_links":{"self":[{"href":"https:\/\/opter.com\/da\/wp-json\/wp\/v2\/pages\/15659","targetHints":{"allow":["GET"]}}],"collection":[{"href":"https:\/\/opter.com\/da\/wp-json\/wp\/v2\/pages"}],"about":[{"href":"https:\/\/opter.com\/da\/wp-json\/wp\/v2\/types\/page"}],"author":[{"embeddable":true,"href":"https:\/\/opter.com\/da\/wp-json\/wp\/v2\/users\/18"}],"replies":[{"embeddable":true,"href":"https:\/\/opter.com\/da\/wp-json\/wp\/v2\/comments?post=15659"}],"version-history":[{"count":3,"href":"https:\/\/opter.com\/da\/wp-json\/wp\/v2\/pages\/15659\/revisions"}],"predecessor-version":[{"id":15715,"href":"https:\/\/opter.com\/da\/wp-json\/wp\/v2\/pages\/15659\/revisions\/15715"}],"wp:featuredmedia":[{"embeddable":true,"href":"https:\/\/opter.com\/da\/wp-json\/wp\/v2\/media\/15699"}],"wp:attachment":[{"href":"https:\/\/opter.com\/da\/wp-json\/wp\/v2\/media?parent=15659"}],"curies":[{"name":"wp","href":"https:\/\/api.w.org\/{rel}","templated":true}]}}