{"id":15812,"date":"2026-03-19T15:03:36","date_gmt":"2026-03-19T14:03:36","guid":{"rendered":"https:\/\/opter.com\/storemen-logistics-oy\/"},"modified":"2026-03-19T15:20:42","modified_gmt":"2026-03-19T14:20:42","slug":"storemen-logistics-oy","status":"publish","type":"page","link":"https:\/\/opter.com\/da\/storemen-logistics-oy\/","title":{"rendered":"Storemen Logistics Oy"},"content":{"rendered":"<div class=\"ImageHeadline\">\n      <div class=\"ImageHeadline-image\" style=\"background-image: url('https:\/\/opter.com\/wp-content\/uploads\/2026\/03\/storemen_hero_960x540.png')\">\n      <img loading=\"lazy\" decoding=\"async\" width=\"960\" height=\"540\" src=\"https:\/\/opter.com\/wp-content\/uploads\/2026\/03\/storemen_hero_960x540.png\" class=\"ImageHeadline-img\" alt=\"Storemen Logistics Oy\" srcset=\"https:\/\/opter.com\/wp-content\/uploads\/2026\/03\/storemen_hero_960x540.png 960w, https:\/\/opter.com\/wp-content\/uploads\/2026\/03\/storemen_hero_960x540-300x169.png 300w, https:\/\/opter.com\/wp-content\/uploads\/2026\/03\/storemen_hero_960x540-768x432.png 768w\" sizes=\"auto, (max-width: 960px) 100vw, 960px\" \/>\n    <\/div>\n    <h2 class=\"ImageHeadline-headline\">\u201dOpter giver os den digitale rygrad\u201d<\/h2>\n<\/div>\n\n\n\n\n<p><a href=\"https:\/\/www.storemen.fi\/\" target=\"_blank\" rel=\"noreferrer noopener\">Storemen Logistics Oy<\/a> er en pioner inden for b\u00e6redygtig transportlogistik. Med en tung fl\u00e5de og et m\u00e5l om, at 100 % af k\u00f8ret\u00f8jerne skal k\u00f8re p\u00e5 el eller biogas, er der brug for et system til planl\u00e6gning af transport, der matcher ambitionsniveauet. <\/p>\n\n\n\n<p>Da Marko Lyhty overtog posten som Chief Operating Officer i 2021, var m\u00e5let klart: at digitalisere driften for at opn\u00e5 effektivitet, orden og gennemsigtighed.<\/p>\n\n\n\n<p>\u201dTidligere foregik planl\u00e6gningen via telefonopkald og e-mails, og faktureringen foregik manuelt p\u00e5 baggrund af papirfragtbreve. Vi havde brug for en moderne l\u00f8sning, som kunne give os st\u00f8rre kontrol og effektivitet,\u201d siger Marko Lyhty. <\/p>\n\n\n\n<p>Efter at have sammenlignet flere systemer faldt valget p\u00e5 Opter. I dag er ordreflowet automatisk, og kunderne har givet meget positiv feedback p\u00e5 deres egen kundeweb. For Marko og hans kolleger hos Storemen har systemet bragt et helt nyt niveau af sikkerhed til deres daglige arbejde.  <\/p>\n\n\n\n<p>\u201dDen st\u00f8rste fordel er, at vi kan v\u00e6re helt trygge ved, at alle ordrer bliver udf\u00f8rt, at faktureringsl\u00e6kage i praksis er forsvundet, og at vi nemt kan f\u00e5 alle data frem med et enkelt klik.\u201d <\/p>\n\n\n\n<p>Ved at bruge v\u00e6rkt\u00f8jer som digitale kvitteringer (ePOD) og spore k\u00f8ret\u00f8jernes rentabilitet i realtid har virksomheden opbygget en effektiv, veltrimmet og stort set papirl\u00f8s drift. \u201dOpter giver os den digitale rygrad og et godt fundament ogs\u00e5 for vores fremtidige udvikling,\u201d konkluderer Marko Lyhty. <\/p>\n\n\n\n<h3 class=\"wp-block-heading\">Book en demo!<\/h3>\n\n\n\n<p>Vil du vide mere? Vi viser med gl\u00e6de, hvordan Opter fungerer, og hvor nemt det er at komme i gang.<\/p>\n\n\n<div class=\"BookADemo\">\n    <a class=\"BookADemo-link\" href=\"\/da\/kontakt-os\/book-en-demo\/\">\n      Book en demo\n    <\/a>\n  <\/div>\n\n","protected":false},"excerpt":{"rendered":"<p>Storemen Logistics Oy er en pioner inden for b\u00e6redygtig&hellip;<\/p>\n","protected":false},"author":18,"featured_media":15704,"parent":0,"menu_order":0,"comment_status":"closed","ping_status":"closed","template":"","meta":{"_acf_changed":false,"footnotes":""},"class_list":["post-15812","page","type-page","status-publish","has-post-thumbnail","hentry"],"acf":[],"_links":{"self":[{"href":"https:\/\/opter.com\/da\/wp-json\/wp\/v2\/pages\/15812","targetHints":{"allow":["GET"]}}],"collection":[{"href":"https:\/\/opter.com\/da\/wp-json\/wp\/v2\/pages"}],"about":[{"href":"https:\/\/opter.com\/da\/wp-json\/wp\/v2\/types\/page"}],"author":[{"embeddable":true,"href":"https:\/\/opter.com\/da\/wp-json\/wp\/v2\/users\/18"}],"replies":[{"embeddable":true,"href":"https:\/\/opter.com\/da\/wp-json\/wp\/v2\/comments?post=15812"}],"version-history":[{"count":4,"href":"https:\/\/opter.com\/da\/wp-json\/wp\/v2\/pages\/15812\/revisions"}],"predecessor-version":[{"id":15828,"href":"https:\/\/opter.com\/da\/wp-json\/wp\/v2\/pages\/15812\/revisions\/15828"}],"wp:featuredmedia":[{"embeddable":true,"href":"https:\/\/opter.com\/da\/wp-json\/wp\/v2\/media\/15704"}],"wp:attachment":[{"href":"https:\/\/opter.com\/da\/wp-json\/wp\/v2\/media?parent=15812"}],"curies":[{"name":"wp","href":"https:\/\/api.w.org\/{rel}","templated":true}]}}