{"id":2183,"date":"2020-12-10T12:53:11","date_gmt":"2020-12-10T11:53:11","guid":{"rendered":"https:\/\/opter.com\/?page_id=2183"},"modified":"2021-10-25T10:49:26","modified_gmt":"2021-10-25T08:49:26","slug":"sporsmal-og-svar","status":"publish","type":"page","link":"https:\/\/opter.com\/da\/sporsmal-og-svar\/","title":{"rendered":"Sp\u00f8rgsm\u00e5l og svar"},"content":{"rendered":"\n<h2 class=\"wp-block-heading\">Nysgerrig efter at vide mere om Opter? Her er de oftest stillede sp\u00f8rgsm\u00e5l<\/h2>\n\n\n<div class=\"AccordionBlock\">\n                <div class=\"Accordion js-accordion js-accordion--closed\" data-state=\"closed\">\n        <h3 class=\"Accordion-title js-accordion-toggle\">Hvordan ved jeg, at systemet passer til min virksomhed?<\/h3>\n        <div class=\"Accordion-content js-accordion-content\">\n                                <div class=\"Accordion-text\">\n              <p>Opter er udviklet til transportfirmaer og er standardiseret med henblik p\u00e5 at kunne passe til de fleste. Samtidig er det muligt at tilpasse systemet, s\u00e5 vi kan im\u00f8dekomme vores kunders unikke behov og rutiner.<\/p>\n<p><a href=\"https:\/\/opter.com\/da\/kontakt-os\/\">Kontakt vores s\u00e6lgere<\/a>, s\u00e5 vi sammen kan kigge p\u00e5, hvordan Opter kan underst\u00f8tte og effektivisere netop jeres virksomhed, samt hvor nemt det er at komme i gang. Vi ses hos jer, hos os eller p\u00e5 en digital m\u00f8dekanal.<\/p>\n            <\/div>\n                  <\/div>\n      <\/div>\n                <div class=\"Accordion js-accordion js-accordion--closed\" data-state=\"closed\">\n        <h3 class=\"Accordion-title js-accordion-toggle\">Hvad koster Opter?<\/h3>\n        <div class=\"Accordion-content js-accordion-content\">\n                                <div class=\"Accordion-text\">\n              <p>Softwaren Opter er en abonnementstjeneste, som I betaler en fast m\u00e5nedlig pris for. Prisen afh\u00e6nger af, hvor mange biler og sendinger, I \u00f8nsker at h\u00e5ndtere i systemet. Den m\u00e5nedlige pris inkluderer alle funktioner, opgraderinger og selvf\u00f8lgelig ogs\u00e5 support.<\/p>\n            <\/div>\n                  <\/div>\n      <\/div>\n                <div class=\"Accordion js-accordion js-accordion--closed\" data-state=\"closed\">\n        <h3 class=\"Accordion-title js-accordion-toggle\">Hvordan kommer vi i gang med Opter?<\/h3>\n        <div class=\"Accordion-content js-accordion-content\">\n                                <div class=\"Accordion-text\">\n              <p>Det skal v\u00e6re nemt. I udv\u00e6lger en systemejer, som kender jeres virksomhed og jeres behov. Vores ibrugtagningskonsulent fungerer som guide og sparringspartner i l\u00f8bet af ops\u00e6tningen af systemet. Sammen finder vi frem til, hvordan Opter bedst kan hj\u00e6lpe jer \u2013 hvilke oplysninger der er brug for, hvor mange opgaver der skal registreres eller afhentes, samt hvordan appen og webben skal se ud. Vi er med fra f\u00f8rste \u00f8jeblik, indtil I er godt k\u00f8rende med systemet.<\/p>\n            <\/div>\n                  <\/div>\n      <\/div>\n                <div class=\"Accordion js-accordion js-accordion--closed\" data-state=\"closed\">\n        <h3 class=\"Accordion-title js-accordion-toggle\">Hvor lang tid tager det?<\/h3>\n        <div class=\"Accordion-content js-accordion-content\">\n                                <div class=\"Accordion-text\">\n              <p>Det kommer lidt an p\u00e5, hvor stor en virksomhed I har, og hvilke funktioner I \u00f8nsker at bruge. Vi har fundet ud af, at det vigtigste for hurtigt at komme i gang er, at jeres engagerede systemejere kan afs\u00e6tte den n\u00f8dvendige tid sammen med os til at ops\u00e6tte jeres l\u00f8sning og undervise jeres brugere i den.<\/p>\n            <\/div>\n                  <\/div>\n      <\/div>\n                <div class=\"Accordion js-accordion js-accordion--closed\" data-state=\"closed\">\n        <h3 class=\"Accordion-title js-accordion-toggle\">Hvem har ansvaret for teknikken?<\/h3>\n        <div class=\"Accordion-content js-accordion-content\">\n                                <div class=\"Accordion-text\">\n              <p>Opter k\u00f8rer via vores cloud-l\u00f8sning i Microsoft Azure, og I opretter forbindelse via et program p\u00e5 jeres computer. I kan endda installere Opter p\u00e5 jeres egen server eller hos en hosting-partner. I sidstn\u00e6vnte tilf\u00e6lde st\u00e5r I selv for drift af server og \u00f8vrig hardware. Uanset hvilken l\u00f8sning I v\u00e6lger, s\u00f8rger vi for, at alle vores kunder automatisk f\u00e5r adgang til opgraderinger.<\/p>\n            <\/div>\n                  <\/div>\n      <\/div>\n                <div class=\"Accordion js-accordion js-accordion--closed\" data-state=\"closed\">\n        <h3 class=\"Accordion-title js-accordion-toggle\">Er support inkluderet?<\/h3>\n        <div class=\"Accordion-content js-accordion-content\">\n                                <div class=\"Accordion-text\">\n              <p>Selvf\u00f8lgelig!<\/p>\n            <\/div>\n                  <\/div>\n      <\/div>\n                <div class=\"Accordion js-accordion js-accordion--closed\" data-state=\"closed\">\n        <h3 class=\"Accordion-title js-accordion-toggle\">Elektroniske kundebestillinger, virker det? Kan vores kunder f\u00f8lge med i deres opgaver? Og hvordan h\u00e5ndteres alle dokumenterne?<\/h3>\n        <div class=\"Accordion-content js-accordion-content\">\n                                <div class=\"Accordion-text\">\n              <p>P\u00e5 vores side <a href=\"https:\/\/opter.com\/da\/saadan-fungerer-opter\/\">S\u00e5dan fungerer Opter<\/a> finder I svar p\u00e5 langt de fleste sp\u00f8rgsm\u00e5l, der handler om, hvordan Opter kan hj\u00e6lpe jeres virksomhed.<\/p>\n<p>Vil I vide mere, er I altid velkomne til at <a href=\"https:\/\/opter.com\/da\/kontakt-os\/\">kontakte os<\/a>.<\/p>\n            <\/div>\n                  <\/div>\n      <\/div>\n      <\/div>\n","protected":false},"excerpt":{"rendered":"<p>Nysgerrig efter at vide mere om Opter? Her er&hellip;<\/p>\n","protected":false},"author":6,"featured_media":0,"parent":0,"menu_order":0,"comment_status":"closed","ping_status":"closed","template":"","meta":{"_acf_changed":false,"footnotes":""},"class_list":["post-2183","page","type-page","status-publish","hentry"],"acf":[],"_links":{"self":[{"href":"https:\/\/opter.com\/da\/wp-json\/wp\/v2\/pages\/2183","targetHints":{"allow":["GET"]}}],"collection":[{"href":"https:\/\/opter.com\/da\/wp-json\/wp\/v2\/pages"}],"about":[{"href":"https:\/\/opter.com\/da\/wp-json\/wp\/v2\/types\/page"}],"author":[{"embeddable":true,"href":"https:\/\/opter.com\/da\/wp-json\/wp\/v2\/users\/6"}],"replies":[{"embeddable":true,"href":"https:\/\/opter.com\/da\/wp-json\/wp\/v2\/comments?post=2183"}],"version-history":[{"count":15,"href":"https:\/\/opter.com\/da\/wp-json\/wp\/v2\/pages\/2183\/revisions"}],"predecessor-version":[{"id":6174,"href":"https:\/\/opter.com\/da\/wp-json\/wp\/v2\/pages\/2183\/revisions\/6174"}],"wp:attachment":[{"href":"https:\/\/opter.com\/da\/wp-json\/wp\/v2\/media?parent=2183"}],"curies":[{"name":"wp","href":"https:\/\/api.w.org\/{rel}","templated":true}]}}