{"id":2184,"date":"2020-12-10T12:53:13","date_gmt":"2020-12-10T11:53:13","guid":{"rendered":"https:\/\/opter.com\/?page_id=2184"},"modified":"2024-05-20T14:51:10","modified_gmt":"2024-05-20T12:51:10","slug":"privatlivspolitik","status":"publish","type":"page","link":"https:\/\/opter.com\/da\/privatlivspolitik\/","title":{"rendered":"Privatlivspolitik"},"content":{"rendered":"\n<h2 class=\"wp-block-heading\">Privatlivspolitik<\/h2>\n\n\n\n<p>Denne privatlivspolitik g\u00e6lder for samtlige hjemmesider p\u00e5 opter.com. Vi er ansvarlige for behandlingen af de personoplysninger, der indsamles p\u00e5 hjemmesiden. Det g\u00e6lder ogs\u00e5 personoplysninger, der indsamles i aftalen vedr\u00f8rende brug af vores tjeneste.<\/p>\n\n\n\n<p><strong>Eksempel p\u00e5 personoplysninger, vi indsamler:<\/strong><\/p>\n\n\n\n<ul class=\"wp-block-list\">\n<li>Virksomhedens navn<\/li>\n\n\n\n<li>Kontaktperson<\/li>\n\n\n\n<li>Virksomhedens adresse\/fakturaadresse<\/li>\n\n\n\n<li>Telefonnummer og e-mailadresse<\/li>\n\n\n\n<li>Information om anvendelsen af hjemmesiden. Det kan v\u00e6re oplysninger om, hvilke undersider, der bes\u00f8ges, browserindstillinger og IP-adresse.<\/li>\n<\/ul>\n\n\n\n<p>Vi indsamler <u>ikke<\/u> personoplysninger som personnummer eller oplysninger om betalingsmiddel via hjemmesiden!<\/p>\n\n\n\n<hr class=\"wp-block-separator has-alpha-channel-opacity\"\/>\n\n\n\n<h3 class=\"wp-block-heading\">Cookies<\/h3>\n\n\n\n<p>Cookies er sm\u00e5 tekstfiler, der gemmes p\u00e5 din enhed, n\u00e5r du bes\u00f8ger en hjemmeside. L\u00e6s mere om, hvordan vi behandler cookies <a rel=\"noreferrer noopener\" href=\"https:\/\/opter.com\/da\/__trashed-2__trashed\/\" target=\"_blank\">her<\/a>.<\/p>\n\n\n\n<hr class=\"wp-block-separator has-alpha-channel-opacity\"\/>\n\n\n\n<h3 class=\"wp-block-heading\">S\u00e5dan indhenter vi oplysninger<\/h3>\n\n\n\n<p>Vi indhenter oplysninger via formularerne p\u00e5 vores hjemmesider. Det er helt frivilligt at udfylde disse formularer. Hvis du opgiver oplysninger i formularen, vil det fremg\u00e5, til hvilket form\u00e5l oplysningen anvendes. Hvis du omvendt v\u00e6lger ikke at opgive dine personlige oplysninger, kan vi v\u00e6re forhindrede i at give dig adgang til vores tjenester.<\/p>\n\n\n\n<p>Vi indsamler ogs\u00e5 oplysninger via CRM-systemet Upsales og Google Analytics for at kunne analysere og m\u00e5le trafikken p\u00e5 vores hjemmesider. L\u00e6s mere om, hvordan det fungerer, p\u00e5 <a href=\"https:\/\/policies.google.com\/privacy?hl=en\">Google.com<\/a> eller <a href=\"https:\/\/www.upsales.com\/sv\/privacy-policy\/\">Upsales.com<\/a>.<\/p>\n\n\n\n<p><\/p>\n\n\n\n<p><strong>Eksempel p\u00e5 formular:<\/strong><\/p>\n\n\n\n<ul class=\"wp-block-list\">\n<li>Kontaktformular<\/li>\n\n\n\n<li>N\u00e5r man gerne vil booke en demo<\/li>\n\n\n\n<li>N\u00e5r man downloader dokumenter, for eksempel PDF-filer, fra vores hjemmesider<\/li>\n\n\n\n<li>Ved tilmelding til vores nyhedsbrev<\/li>\n<\/ul>\n\n\n\n<p><strong>Form\u00e5let med indsamling af oplysninger:<\/strong><\/p>\n\n\n\n<ul class=\"wp-block-list\">\n<li>At kunne give adgang til vores tjenester<\/li>\n\n\n\n<li>At kunne sende relevant information<\/li>\n\n\n\n<li>At kunne tage kontakt og tilbyde vores tjenester<\/li>\n<\/ul>\n\n\n\n<p>Vi opretter profiler baseret p\u00e5 oplysninger, der indhentes for blandt andet at kunne give dig en god support. Profilerne baseres p\u00e5 de oplysninger, du frivilligt giver os.<\/p>\n\n\n\n<hr class=\"wp-block-separator has-alpha-channel-opacity\"\/>\n\n\n\n<h3 class=\"wp-block-heading\">S\u00e5dan opbevarer vi oplysninger<\/h3>\n\n\n\n<p>Oplysninger, som indhentes via formularer p\u00e5 opter.com, opbevares i vores CRM-system og vores Marketing Automation-system, MAS, som bruges til automatiseret markedsf\u00f8ring.<\/p>\n\n\n\n<hr class=\"wp-block-separator has-alpha-channel-opacity\"\/>\n\n\n\n<h3 class=\"wp-block-heading\">Hvor l\u00e6nge opbevarer vi dine oplysninger?<\/h3>\n\n\n\n<p>Vi opbevarer udelukkende dine oplysninger s\u00e5 l\u00e6nge, det er n\u00f8dvendigt, for at kunne h\u00e5ndtere kundeforholdet eller andre gratis tjenester. Vi sletter oplysninger om kontakter, som ikke l\u00e6ngere er aktive hos os og efter anmodning. Du kan anmode om dette ved at kontakte vores support.<\/p>\n\n\n\n<hr class=\"wp-block-separator has-alpha-channel-opacity\"\/>\n\n\n\n<h3 class=\"wp-block-heading\">Vi videregiver ikke oplysninger til tredjeparter<\/h3>\n\n\n\n<p>Personoplysninger videregives ikke til tredjeparter, men vi kan anvende underleverand\u00f8rer til dele af hjemmesiden. S\u00e5danne underleverand\u00f8rer kan behandle personoplysninger p\u00e5 Opters vegne. I det tilf\u00e6lde anvendes oplysningerne kun til det angivne form\u00e5l, og vi har indg\u00e5et en aftale med alle de virksomheder, oplysningerne deles med, for at s\u00f8rge for, at datasikkerheden er i orden.<\/p>\n\n\n\n<hr class=\"wp-block-separator has-alpha-channel-opacity\"\/>\n\n\n\n<h3 class=\"wp-block-heading\">Informationssikkerhed<\/h3>\n\n\n\n<p>Vi arbejder kontinuerligt med informationssikkerhed, s\u00e5 vi kan beskytte vores brugeres oplysninger. Vi anvender b\u00e5de tekniske og organisatoriske procedurer, s\u00e5ledes at sikkerheden bliver s\u00e5 god som muligt. Disse procedurer er blandt andet anonymisering, adgangskontrol og rutiner for sletning.<\/p>\n\n\n\n<hr class=\"wp-block-separator has-alpha-channel-opacity\"\/>\n\n\n\n<h3 class=\"wp-block-heading\">Rettigheder<\/h3>\n\n\n\n<p>Som bruger af vores hjemmesider p\u00e5 opter.com har du ret til at f\u00e5 indblik i, hvordan dine personoplysninger behandles. Du kan ogs\u00e5 anmode om \u00e6ndringer, begr\u00e6nsninger eller fjernelse af personoplysninger i henhold til forordningen om databeskyttelse. Hvis du \u00f8nsker at slette eller \u00e6ndre dine oplysninger, bedes du kontakte vores support.<\/p>\n\n\n\n<p>Eftersom behandlingen af dine personoplysninger er baseret p\u00e5 dit samtykke, kan du til enhver tid tr\u00e6kke dit samtykke tilbage.<\/p>\n\n\n\n<p>Hvis du mener, at Opter har overtr\u00e5dt dine rettigheder i henhold til loven om personoplysninger, har du ret til at klage til tilsynsmyndigheden for databeskyttelse. Kontaktoplysninger kan findes p\u00e5 <a rel=\"noreferrer noopener\" href=\"http:\/\/www.datainspektionen.se\" target=\"_blank\">http:\/\/www.datainspektionen.se<\/a><\/p>\n\n\n\n<hr class=\"wp-block-separator has-alpha-channel-opacity\"\/>\n\n\n\n<h3 class=\"wp-block-heading\">\u00c6ndringer i denne privatlivspolitik<\/h3>\n\n\n\n<p>Privatlivspolitikken opdateres fra tid til anden. I tilf\u00e6lde af st\u00f8rre \u00e6ndringer vil vi informere om det her p\u00e5 hjemmesiden eller via e-mail.<\/p>\n\n\n\n<hr class=\"wp-block-separator has-alpha-channel-opacity\"\/>\n\n\n\n<h3 class=\"wp-block-heading\">Kontakt<\/h3>\n\n\n\n<p>Telefon: <a rel=\"noreferrer noopener\" href=\"tel:+46-8 545 292 00\" target=\"_blank\">+46-8&nbsp;545&nbsp;292 00<\/a><br>E-mail: <a rel=\"noreferrer noopener\" href=\"mailto:info@opter.com\" target=\"_blank\">info@opter.com<\/a><\/p>\n\n\n\n<p>Adresse: Opter AB<br>Arenav\u00e4gen 41<br>SE-121 77\u00a0 Johanneshov<br>Sverige<\/p>\n\n\n\n<p>Hvis du har sp\u00f8rgsm\u00e5l til, hvordan vi h\u00e5ndterer din databeskyttelse, eller til denne privatlivspolitik, bedes du kontakte vores support p\u00e5 <a href=\"mailto:support@opter.com\" data-type=\"mailto\" data-id=\"mailto:support@opter.com\" target=\"_blank\" rel=\"noreferrer noopener\">support@opter.com<\/a> eller<\/p>\n","protected":false},"excerpt":{"rendered":"<p>Privatlivspolitik Denne privatlivspolitik g\u00e6lder for samtlige hjemmesider p\u00e5 opter.com.&hellip;<\/p>\n","protected":false},"author":3,"featured_media":0,"parent":0,"menu_order":0,"comment_status":"closed","ping_status":"closed","template":"","meta":{"_acf_changed":false,"footnotes":""},"class_list":["post-2184","page","type-page","status-publish","hentry"],"acf":[],"_links":{"self":[{"href":"https:\/\/opter.com\/da\/wp-json\/wp\/v2\/pages\/2184","targetHints":{"allow":["GET"]}}],"collection":[{"href":"https:\/\/opter.com\/da\/wp-json\/wp\/v2\/pages"}],"about":[{"href":"https:\/\/opter.com\/da\/wp-json\/wp\/v2\/types\/page"}],"author":[{"embeddable":true,"href":"https:\/\/opter.com\/da\/wp-json\/wp\/v2\/users\/3"}],"replies":[{"embeddable":true,"href":"https:\/\/opter.com\/da\/wp-json\/wp\/v2\/comments?post=2184"}],"version-history":[{"count":9,"href":"https:\/\/opter.com\/da\/wp-json\/wp\/v2\/pages\/2184\/revisions"}],"predecessor-version":[{"id":11169,"href":"https:\/\/opter.com\/da\/wp-json\/wp\/v2\/pages\/2184\/revisions\/11169"}],"wp:attachment":[{"href":"https:\/\/opter.com\/da\/wp-json\/wp\/v2\/media?parent=2184"}],"curies":[{"name":"wp","href":"https:\/\/api.w.org\/{rel}","templated":true}]}}