{"id":2185,"date":"2020-12-10T12:53:10","date_gmt":"2020-12-10T11:53:10","guid":{"rendered":"https:\/\/opter.com\/?page_id=2185"},"modified":"2022-09-12T15:42:45","modified_gmt":"2022-09-12T13:42:45","slug":"arbejd-hos-os","status":"publish","type":"page","link":"https:\/\/opter.com\/da\/da-om-opter\/arbejd-hos-os\/","title":{"rendered":"Arbejd hos os"},"content":{"rendered":"\n<h2 class=\"wp-block-heading\">Vi s\u00f8ger flere dygtige probleml\u00f8sere<\/h2>\n\n\n\n<p>Opter vokser hele tiden, og vi ans\u00e6tter l\u00f8bende nye medarbejdere i hele Norden. Du kan se vores ledige stillinger her. Du er dog ogs\u00e5 meget velkommen til at skrive til os p\u00e5 <a rel=\"noreferrer noopener\" href=\"mailto:work@opter.com\" target=\"_blank\">work@opter.com<\/a>, hvis du synes, at Opter lyder som noget for dig, men ikke kan finde en passende stilling.<\/p>\n\n\n\n<figure class=\"wp-block-image size-large\"><img loading=\"lazy\" decoding=\"async\" width=\"450\" height=\"299\" src=\"https:\/\/opter.com\/wp-content\/uploads\/2020\/12\/andreas-jobba-hos-oss.jpg\" alt=\"\" class=\"wp-image-2043\"\/><figcaption> &#8220;Det sjoveste med Opter er at lave forbedringer, der g\u00f8r en forskel hver dag \u2013 for vores kunder, for vores produkt og for vores virksomhed.&#8221; <br>Andreas Starrsj\u00f6, softwareudvikler<\/figcaption><\/figure>\n\n\n<p class=\"ArrowLink\">\n    <a class=\"ArrowLink-link\" href=\"\/da\/net-udviklere\/\">\n      <svg xmlns=\"http:\/\/www.w3.org\/2000\/svg\" width=\"40\" height=\"41\" fill=\"none\" viewBox=\"0 0 40 41\" class=\"arrow\">\n        <path fill=\"#F64F10\" d=\"M20 40.356c11.046 0 20-8.954 20-20 0-11.045-8.954-20-20-20s-20 8.955-20 20c0 11.046 8.954 20 20 20z\"\/>\n        <path class=\"stroke\" fill=\"#DFDAD4\" d=\"M30.211 18.856H33.211V41.856H30.211z\" transform=\"rotate(90 30.211 18.856)\"\/>\n        <path class=\"arrow-part\" fill=\"#DFDAD4\" d=\"M32.53 20.362l-2.123 1.295-9.72-10.978 2.318-1.905 9.524 11.588z\"\/>\n        <path class=\"arrow-part\" fill=\"#DFDAD4\" d=\"M32.53 20.351l-2.123-1.294-9.72 10.978 2.318 1.904 9.524-11.588z\"\/>\n      <\/svg>\n      Vi leder efter .NET-udviklere<\/a>\n  <\/p>\n\n\n\n\n<p>Som ny udvikler hos Opter beh\u00f8ver du ikke at have s\u00e6rlig viden om transport eller logistik \u2013 alt det l\u00e6rer du af dine kolleger og gennem dine arbejdsopgaver. Har du derimod lyst til at hj\u00e6lpe vores kunder som konsulent eller s\u00e6lger, kr\u00e6ver vi, at du har tidligere erfaring inden for transportbranchen.<\/p>\n\n\n<p class=\"Lead\">\n  Dygtig, udviklingsdrevet og succesfuld\n<\/p>\n\n\n\n\n<p>At arbejde hos Opter indeb\u00e6rer at hj\u00e6lpe transportfirmaer med at v\u00e6kste og samtidig v\u00e6rne om b\u00e5de milj\u00f8 og mennesker. Sammen g\u00f8r vi hele tiden Opter endnu bedre, og jo flere transportfirmaer, der anvender vores software, desto mere ressourceeffektiv bliver transportbranchen.<\/p>\n\n\n\n<figure class=\"wp-block-embed-youtube wp-block-embed is-type-video is-provider-youtube wp-embed-aspect-16-9 wp-has-aspect-ratio\"><div class=\"wp-block-embed__wrapper\">\n<iframe loading=\"lazy\" title=\"Det h\u00e4r \u00e4r Opter\" width=\"500\" height=\"281\" src=\"https:\/\/www.youtube.com\/embed\/U-UibxDGPdM?feature=oembed\" frameborder=\"0\" allow=\"accelerometer; autoplay; clipboard-write; encrypted-media; gyroscope; picture-in-picture; web-share\" referrerpolicy=\"strict-origin-when-cross-origin\" allowfullscreen><\/iframe>\n<\/div><\/figure>\n\n\n\n<p>Hver dag bliver vi klogere p\u00e5 vores kunders udfordringer, vokser i vores roller, udfordrer os selv og tager modige beslutninger. Det faktum, at vi konstant forbedrer os, er vores st\u00f8rste drivkraft, og det p\u00e5virker os som arbejdsplads.&nbsp;<\/p>\n\n\n\n<p>Vi leder efter dig, der akkurat ligesom os har lyst til at udvikle og udvikles. Dig, der vil udfordres hver dag, m\u00f8de nye mennesker, opbygge relationer, l\u00f8se problemer og vokse sammen med andre. Sammen skaber vi det mest brugte virksomhedssystem i vores branche, og nu begiver vi os ud p\u00e5 nye markeder. Vil du v\u00e6re med? Ans\u00f8g om en af vores stillinger eller send en uopfordret ans\u00f8gning til&nbsp;<a href=\"mailto:work@opter.com\">work@opter.com<\/a><\/p>\n\n\n\n\n\n<p><\/p>\n","protected":false},"excerpt":{"rendered":"<p>Vi s\u00f8ger flere dygtige probleml\u00f8sere Opter vokser hele tiden,&hellip;<\/p>\n","protected":false},"author":3,"featured_media":0,"parent":2189,"menu_order":0,"comment_status":"closed","ping_status":"closed","template":"","meta":{"_acf_changed":false,"footnotes":""},"class_list":["post-2185","page","type-page","status-publish","hentry"],"acf":[],"_links":{"self":[{"href":"https:\/\/opter.com\/da\/wp-json\/wp\/v2\/pages\/2185","targetHints":{"allow":["GET"]}}],"collection":[{"href":"https:\/\/opter.com\/da\/wp-json\/wp\/v2\/pages"}],"about":[{"href":"https:\/\/opter.com\/da\/wp-json\/wp\/v2\/types\/page"}],"author":[{"embeddable":true,"href":"https:\/\/opter.com\/da\/wp-json\/wp\/v2\/users\/3"}],"replies":[{"embeddable":true,"href":"https:\/\/opter.com\/da\/wp-json\/wp\/v2\/comments?post=2185"}],"version-history":[{"count":28,"href":"https:\/\/opter.com\/da\/wp-json\/wp\/v2\/pages\/2185\/revisions"}],"predecessor-version":[{"id":8101,"href":"https:\/\/opter.com\/da\/wp-json\/wp\/v2\/pages\/2185\/revisions\/8101"}],"up":[{"embeddable":true,"href":"https:\/\/opter.com\/da\/wp-json\/wp\/v2\/pages\/2189"}],"wp:attachment":[{"href":"https:\/\/opter.com\/da\/wp-json\/wp\/v2\/media?parent=2185"}],"curies":[{"name":"wp","href":"https:\/\/api.w.org\/{rel}","templated":true}]}}