{"id":2189,"date":"2020-12-10T12:53:10","date_gmt":"2020-12-10T11:53:10","guid":{"rendered":"https:\/\/opter.com\/?page_id=2189"},"modified":"2025-08-29T16:19:52","modified_gmt":"2025-08-29T14:19:52","slug":"da-om-opter","status":"publish","type":"page","link":"https:\/\/opter.com\/da\/da-om-opter\/","title":{"rendered":"Om Opter"},"content":{"rendered":"<div class=\"ImageHeadline\">\n      <div class=\"ImageHeadline-image\" style=\"background-image: url('https:\/\/opter.com\/wp-content\/uploads\/2021\/01\/opter4_3000p.jpg')\">\n      <img loading=\"lazy\" decoding=\"async\" width=\"1024\" height=\"683\" src=\"https:\/\/opter.com\/wp-content\/uploads\/2021\/01\/opter4_3000p.jpg\" class=\"ImageHeadline-img\" alt=\"Johan och Viktor Edlund\" \/>\n    <\/div>\n    <h2 class=\"ImageHeadline-headline\">&quot;Altid lidt bedre \u2013 det er det, der driver os&quot;<\/h2>\n<\/div>\n\n\n\n<p class=\"Lead\">\n  Opter g\u00f8r det nemmere, tilfredstillende og mere l\u00f8nsomt at drive et transportfirma. Bag det markedsf\u00f8rende virksomhedssystem Opter findes en stabil og l\u00f8nsom virksomhed med samme navn.\n<\/p>\n\n\n\n\n<figure class=\"wp-block-image size-large\"><img loading=\"lazy\" decoding=\"async\" width=\"450\" height=\"300\" src=\"https:\/\/opter.com\/wp-content\/uploads\/2020\/11\/viktor_edlund_vd.png\" alt=\"\" class=\"wp-image-1685\"\/><figcaption class=\"wp-element-caption\">&#8220;Vi vil vores kunder, hinanden og os selv det godt \u2013 det er s\u00e5dan, jeg vil opsummere det, Opter st\u00e5r for.&#8221;<br> Viktor Edlund, VD<\/figcaption><\/figure>\n\n\n\n<p>At bidrage til positive forandringer, at hj\u00e6lpe transportfirmaer til at blive mere b\u00e6redygtige ved hj\u00e6lp af smarte, langsigtede systeml\u00f8sninger og at skabe en rigtig god arbejdsplads. Det var m\u00e5let, da Opter blev grundlagt af Johan Frisk og Viktor Edlund i 2002. Virksomheden hed da Fleet 101 og produktet K2.<\/p>\n\n\n\n<p>Det er stadigv\u00e6k velvilje, der former og driver os hos Opter. Med omtanke for hinanden, brugerne og omverdenen hj\u00e6lper vi de mange firmaer, som anvender vores software, med at leve op til deres kunders \u00f8nsker, medarbejderes behov og omverdenens krav. Det har gjort Opter til Nordens f\u00f8rende virksomhedssystem for transportbranchen.<\/p>\n\n\n\n<p>Vi udvikler Opter i t\u00e6t dialog med vores kunder. Det er deres f\u00e6lles behov, der bestemmer, hvordan systemet ser ud og fungerer. Jo flere firmaer der anvender, og med sine udfordringer bidrager til at udvikle Opter, desto st\u00f8rre nytte g\u00f8r systemet for hver og en af disse h\u00e5rdt konkurrenceudsatte virksomheder.<\/p>\n\n\n\n<p>Vores kunders tilfredshed er afg\u00f8rende for vores succes. Det er ogs\u00e5 derfor, at vores kunder ikke l\u00e5ses fast i et dyrt system eller omfattende konsulentprojekt. Vores forretningsmodel \u2013 best\u00e5r af en standardiseret og fleksibel l\u00f8sning i konstant udvikling, som kunder betaler et m\u00e5nedligt bel\u00f8b for, der afh\u00e6nger af virksomhedens st\u00f8rrelse \u2013 det blev anset for at v\u00e6re en sk\u00f8r id\u00e9, da vi startede. Siden da er virksomheden vokset med 25 % \u00e5rligt flere \u00e5r i tr\u00e6k. Med over 600 kunder og tusindvis af brugere er Opter t\u00e6t p\u00e5 at v\u00e6re en standardl\u00f8sning i transportbranchen i dag. Opter er et trygt og tidsvarende valg for transportfirmaer, der helst vil bruge tid p\u00e5 sine kunder og p\u00e5 at drive en fremsynet og l\u00f8nsom virksomhed.<\/p>\n\n\n\n<p>Opter har i dag kunder i Sverige, Norge, Finland, Danmark, Estland og Island.<\/p>\n\n\n\n<p><\/p>\n\n\n\n\n<div class=\"NewsList\">\n  <h1 class=\"NewsList-title\">Seneste nyheder<\/h1>\n  <hr class=\"wp-block-separator\">\n  <div class=\"NewsList-items\">\n                <article class=\"NewsListItem post-15910 post type-post status-publish format-standard has-post-thumbnail hentry category-nyheter category-start_news\">\n  <a class=\"NewsListItem-link\" href=\"https:\/\/opter.com\/da\/drange-kran-og-transport-as\/\">\n        <div class=\"NewsListItem-image\">\n      <img loading=\"lazy\" decoding=\"async\" width=\"767\" height=\"431\" src=\"https:\/\/opter.com\/wp-content\/uploads\/2026\/03\/drange_kran_767x431.png\" class=\"attachment-post-thumbnail size-post-thumbnail wp-post-image\" alt=\"Drange Kran og Transport AS\" srcset=\"https:\/\/opter.com\/wp-content\/uploads\/2026\/03\/drange_kran_767x431.png 767w, https:\/\/opter.com\/wp-content\/uploads\/2026\/03\/drange_kran_767x431-300x169.png 300w\" sizes=\"auto, (max-width: 767px) 100vw, 767px\" \/>\n    <\/div>\n        <h2 class=\"NewsListItem-title\">\n      Drange Kran og Transport AS har implementeret Opter\n    <\/h2>\n    <time class=\"NewsListItem-date\" datetime=\"2026-04-17T07:15:00+02:00\">17. april 2026<\/time>\n    <p class=\"NewsListItem-lead\">\n      Velkommen til Opter, Drange Kran og Transport AS! Virksomheden&hellip;\n    <\/p>\n  <\/a>\n<\/article>\n                <article class=\"NewsListItem post-15881 post type-post status-publish format-standard has-post-thumbnail hentry category-nyheter category-start_news\">\n  <a class=\"NewsListItem-link\" href=\"https:\/\/opter.com\/da\/shqipton-tahiri-ny-systemsaelger-i-norge\/\">\n        <div class=\"NewsListItem-image\">\n      <img loading=\"lazy\" decoding=\"async\" width=\"767\" height=\"431\" src=\"https:\/\/opter.com\/wp-content\/uploads\/2026\/03\/shqipton_767x431.png\" class=\"attachment-post-thumbnail size-post-thumbnail wp-post-image\" alt=\"Shqipton Tahiri, systems\u00e4ljare Opter Norge\" srcset=\"https:\/\/opter.com\/wp-content\/uploads\/2026\/03\/shqipton_767x431.png 767w, https:\/\/opter.com\/wp-content\/uploads\/2026\/03\/shqipton_767x431-300x169.png 300w\" sizes=\"auto, (max-width: 767px) 100vw, 767px\" \/>\n    <\/div>\n        <h2 class=\"NewsListItem-title\">\n      Shqipton Tahiri \u2013 ny systems\u00e6lger i Norge\n    <\/h2>\n    <time class=\"NewsListItem-date\" datetime=\"2026-04-15T17:12:35+02:00\">15. april 2026<\/time>\n    <p class=\"NewsListItem-lead\">\n      I l\u00f8bet af vinteren er Shqipton Tahiri startet som&hellip;\n    <\/p>\n  <\/a>\n<\/article>\n                <article class=\"NewsListItem post-15780 post type-post status-publish format-standard has-post-thumbnail hentry category-nyheter category-start_news\">\n  <a class=\"NewsListItem-link\" href=\"https:\/\/opter.com\/da\/k-e-johanssons-akeri\/\">\n        <div class=\"NewsListItem-image\">\n      <img loading=\"lazy\" decoding=\"async\" width=\"767\" height=\"431\" src=\"https:\/\/opter.com\/wp-content\/uploads\/2026\/03\/ke_johanssons_767x431.png\" class=\"attachment-post-thumbnail size-post-thumbnail wp-post-image\" alt=\"K-E Johanssons \u00c5keri\" srcset=\"https:\/\/opter.com\/wp-content\/uploads\/2026\/03\/ke_johanssons_767x431.png 767w, https:\/\/opter.com\/wp-content\/uploads\/2026\/03\/ke_johanssons_767x431-300x169.png 300w\" sizes=\"auto, (max-width: 767px) 100vw, 767px\" \/>\n    <\/div>\n        <h2 class=\"NewsListItem-title\">\n      K-E Johanssons \u00c5keri har implementeret Opter\n    <\/h2>\n    <time class=\"NewsListItem-date\" datetime=\"2026-03-25T07:44:00+01:00\">25. marts 2026<\/time>\n    <p class=\"NewsListItem-lead\">\n      Velkommen til K-E Johanssons \u00c5keri, nye Opter-brugere! Vognmandsfirmaet blev&hellip;\n    <\/p>\n  <\/a>\n<\/article>\n      <\/div>\n  <div class=\"NewsList-loadMore\">\n    <a class=\"NewsList-loadMoreLink js-loadmore-news\" href=\"#\">Load more news items<\/a>\n  <\/div>\n<\/div>\n","protected":false},"excerpt":{"rendered":"<p>At bidrage til positive forandringer, at hj\u00e6lpe transportfirmaer til&hellip;<\/p>\n","protected":false},"author":3,"featured_media":0,"parent":0,"menu_order":0,"comment_status":"closed","ping_status":"closed","template":"","meta":{"_acf_changed":false,"footnotes":""},"class_list":["post-2189","page","type-page","status-publish","hentry"],"acf":[],"_links":{"self":[{"href":"https:\/\/opter.com\/da\/wp-json\/wp\/v2\/pages\/2189","targetHints":{"allow":["GET"]}}],"collection":[{"href":"https:\/\/opter.com\/da\/wp-json\/wp\/v2\/pages"}],"about":[{"href":"https:\/\/opter.com\/da\/wp-json\/wp\/v2\/types\/page"}],"author":[{"embeddable":true,"href":"https:\/\/opter.com\/da\/wp-json\/wp\/v2\/users\/3"}],"replies":[{"embeddable":true,"href":"https:\/\/opter.com\/da\/wp-json\/wp\/v2\/comments?post=2189"}],"version-history":[{"count":12,"href":"https:\/\/opter.com\/da\/wp-json\/wp\/v2\/pages\/2189\/revisions"}],"predecessor-version":[{"id":14115,"href":"https:\/\/opter.com\/da\/wp-json\/wp\/v2\/pages\/2189\/revisions\/14115"}],"wp:attachment":[{"href":"https:\/\/opter.com\/da\/wp-json\/wp\/v2\/media?parent=2189"}],"curies":[{"name":"wp","href":"https:\/\/api.w.org\/{rel}","templated":true}]}}