{"id":2190,"date":"2020-12-10T12:53:10","date_gmt":"2020-12-10T11:53:10","guid":{"rendered":"https:\/\/opter.com\/?page_id=2190"},"modified":"2024-02-29T13:55:28","modified_gmt":"2024-02-29T12:55:28","slug":"da-om-cookies","status":"publish","type":"page","link":"https:\/\/opter.com\/da\/da-om-cookies\/","title":{"rendered":"Om cookies"},"content":{"rendered":"\n<h2 class=\"wp-block-heading\">Cookies p\u00e5 Opter.com<\/h2>\n\n\n\n<p>Opter og vores partnere gemmer oplysninger p\u00e5 din enhed for at tilbyde en tilpasset oplevelse, aktivere bes\u00f8gs\u00adstatistikker og personlig markedsf\u00f8ring.<\/p>\n\n\n\n<p>Yderligere information om hvordan vi behandler dine personoplysninger findes i vores\u00a0<a href=\"https:\/\/opter.com\/da\/privatlivspolitik\/\">privatlivspolitik<\/a>.<\/p>\n\n\n\n<hr class=\"wp-block-separator has-alpha-channel-opacity\"\/>\n\n\n\n<h3 class=\"wp-block-heading\">Samtykke<\/h3>\n\n\n\n<p>Ved at bruge opter.com giver du dit samtykke til brugen af cookies i din webbrowser. Du styrer, hvilke cookies du accepterer ud over de n\u00f8dvendige, for at hjemmesiden kan fungere i\u00a0<a href=\"javascript:cookieTractor.openConsentSettings()\">cookie indstillinger<\/a>. <\/p>\n\n\n\n<hr class=\"wp-block-separator has-alpha-channel-opacity\"\/>\n\n\n\n<h3 class=\"wp-block-heading\">Hvad er cookies?<\/h3>\n\n\n\n<p>En cookie er en lille tekstfil, som den hjemmeside, du bes\u00f8ger, gemmer p\u00e5 din computer. Cookies bruges p\u00e5 mange hjemmesider for at give den bes\u00f8gende adgang til forskellige funktioner. Den information, der gemmes i cookien, kan bruges til at spore bes\u00f8gendes aktivitet p\u00e5 hjemmesiden.<\/p>\n\n\n\n<p>De fleste moderne webbrowsere (Google Chrome, Firefox, Internet Explorer, Safari, Opera osv.) accepterer automatisk cookies, men du kan v\u00e6lge selv at \u00e6ndre indstillingerne i din webbrowser til ikke at acceptere cookies. Vi vil i den forbindelse g\u00f8re dig opm\u00e6rksom p\u00e5, at mange hjemmesider ikke kommer til at fungere optimalt. Det g\u00e6lder blandt andet vores tjenester.<\/p>\n\n\n\n<hr class=\"wp-block-separator has-alpha-channel-opacity\"\/>\n\n\n\n<h3 class=\"wp-block-heading\">Hvad st\u00e5r der i loven?<\/h3>\n\n\n\n<p>I f\u00f8lge loven om elektronisk kommunikation skal alle, som bes\u00f8ger en hjemmeside med cookies, informeres om, at hjemmesiden indeholder cookies, hvad de bruges til, samt hvordan de kan undg\u00e5s.<\/p>\n\n\n\n<hr class=\"wp-block-separator has-alpha-channel-opacity\"\/>\n\n\n\n<h3 class=\"wp-block-heading\">Cookies p\u00e5 Opters hjemmeside<\/h3>\n\n\n\n<p>Lige som det er tilf\u00e6ldet p\u00e5 de fleste andre hjemmesider, indsamler og opbevarer vi automatisk information i logfiler p\u00e5 vores server. Det kan for eksempel v\u00e6re information om:<\/p>\n\n\n\n<ul class=\"wp-block-list\">\n<li>IP-adresser<\/li>\n\n\n\n<li>Hvilken type webbrowser, du bruger<\/li>\n\n\n\n<li>Bredb\u00e5ndsleverand\u00f8rer (ISP)<\/li>\n\n\n\n<li>Styresystem<\/li>\n\n\n\n<li>Dato og tid for bes\u00f8g<\/li>\n\n\n\n<li>Hvordan du navigerer rundt p\u00e5 hjemmesiden<\/li>\n<\/ul>\n\n\n\n<p>De informationer, vi indsamler, bruges udelukkende internt og videregives ikke til tredjeparter. Cookiepolitikken opdateres fra tid til anden. I tilf\u00e6lde af st\u00f8rre \u00e6ndringer vil vi informere om det her p\u00e5 hjemmesiden eller via e-mail.<\/p>\n","protected":false},"excerpt":{"rendered":"<p>Cookies p\u00e5 Opter.com Opter og vores partnere gemmer oplysninger&hellip;<\/p>\n","protected":false},"author":3,"featured_media":0,"parent":0,"menu_order":0,"comment_status":"closed","ping_status":"closed","template":"","meta":{"_acf_changed":false,"footnotes":""},"class_list":["post-2190","page","type-page","status-publish","hentry"],"acf":[],"_links":{"self":[{"href":"https:\/\/opter.com\/da\/wp-json\/wp\/v2\/pages\/2190","targetHints":{"allow":["GET"]}}],"collection":[{"href":"https:\/\/opter.com\/da\/wp-json\/wp\/v2\/pages"}],"about":[{"href":"https:\/\/opter.com\/da\/wp-json\/wp\/v2\/types\/page"}],"author":[{"embeddable":true,"href":"https:\/\/opter.com\/da\/wp-json\/wp\/v2\/users\/3"}],"replies":[{"embeddable":true,"href":"https:\/\/opter.com\/da\/wp-json\/wp\/v2\/comments?post=2190"}],"version-history":[{"count":25,"href":"https:\/\/opter.com\/da\/wp-json\/wp\/v2\/pages\/2190\/revisions"}],"predecessor-version":[{"id":10835,"href":"https:\/\/opter.com\/da\/wp-json\/wp\/v2\/pages\/2190\/revisions\/10835"}],"wp:attachment":[{"href":"https:\/\/opter.com\/da\/wp-json\/wp\/v2\/media?parent=2190"}],"curies":[{"name":"wp","href":"https:\/\/api.w.org\/{rel}","templated":true}]}}