{"id":2191,"date":"2020-12-04T13:35:02","date_gmt":"2020-12-04T12:35:02","guid":{"rendered":"https:\/\/opter.com\/?page_id=2191"},"modified":"2021-10-20T10:17:30","modified_gmt":"2021-10-20T08:17:30","slug":"startside","status":"publish","type":"page","link":"https:\/\/opter.com\/da\/","title":{"rendered":"Startside"},"content":{"rendered":"<div class=\"hero-animation-container\">\n      <div class=\"Hero-animation js-animation\" data-path=\"https:\/\/opter.com\/wp-content\/uploads\/2020\/08\/hero_200708.json\"><\/div>\n    <\/div>\n  \n  <div class=\"Hero\">\n    <div class=\"Hero-content\">\n      <h1 class=\"Hero-title\">Smartere transport<span class=\"shy\">&shy;<\/span>planl\u00e6gning med Opter<\/h1>\n              <h2 class=\"Hero-subTitle\">Nysgerrig efter at vide hvordan moderne transportvirksomheder digitalisere ordreh\u00e5ndtering, transportplanl\u00e6gning, kommunikation og administration?<\/h2>\n            <div class=\"Hero-buttons\">\n                  <a class=\"BookADemo-link\" href=\"https:\/\/opter.com\/da\/kontakt-os\/\">\n            Book en demo\n          <\/a>\n                <ul class=\"SocialLinks\">\n                      <li class=\"SocialLinks-item\"><a href=\"https:\/\/www.facebook.com\/OpterAB\/\"><img decoding=\"async\" src=\"https:\/\/opter.com\/wp-content\/themes\/opter\/dist\/images\/social-facebook_5d276d0a.svg\" alt=\"Opter on Facebook\"\/><\/a><\/li>\n                                <li class=\"SocialLinks-item\"><a href=\"https:\/\/www.linkedin.com\/company\/opter-danmark-aps\"><img decoding=\"async\" src=\"https:\/\/opter.com\/wp-content\/themes\/opter\/dist\/images\/social-linkedin_e303397d.svg\" alt=\"Opter on LinkedIn\"\/><\/a><\/li>\n                                          <li class=\"SocialLinks-item\"><a href=\"https:\/\/www.youtube.com\/channel\/UCQGSE0LEtala7XAlmIwnWUg\"><img decoding=\"async\" src=\"https:\/\/opter.com\/wp-content\/themes\/opter\/dist\/images\/social-youtube_169fd44e.svg\" alt=\"Opter on Youtube\"\/><\/a><\/li>\n                  <\/ul>\n      <\/div>\n    <\/div>\n  <\/div>\n\n\n<div class=\"AnimationTeaser AnimationTeaser--default\">\n    <div class=\"AnimationTeaser-content AnimationTeaser-content--default\">\n      <h2 class=\"AnimationTeaser-title\">Nye ordrer h\u00e5ndteres hurtigt og sikkert<\/h2>\n      <div class=\"AnimationTeaser-intro\">\n        <p>Med Opter er det nemt at tage imod nye ordrer, uanset om de afgives via telefon, kundeweb eller EDI-fil. Ordren registreres og administreres digitalt fra bestilling til fakturering.<\/p>\n      <\/div>\n      <div class=\"ReadMore js-accordion js-accordion--closed\" data-state=\"closed\">\n        <h3 class=\"ReadMore-title js-accordion-toggle\">Ordreh\u00e5ndtering med Opter<\/h3>\n        <div class=\"ReadMore-content js-accordion-content\"><p>Hver ordre, I modtager, h\u00e5ndteres effektivt og sikkert med Opter. Ordreformularen er fleksibel og nem at tilpasse. I bestemmer selv, hvilken information I vil have fra kunden, uanset om ordrerne registreres i systemet af jer eller af kunden selv.  <\/p>\n<p>N\u00e5r en ny ordre registreres, p\u00e5begyndes faktureringen for bestillingen samtidigt. Baseret p\u00e5 adresser, afstand, kundeaftale og andre parametre udregnes en forventet pris til kunden, allerede n\u00e5r de bestiller. Hvis der registreres \u00e6ndringer undervejs \u2013 af enten kunden, transportdisponeringen eller chauff\u00f8ren \u2013 rapporteres det i systemet, og fakturaen justeres automatisk.<\/p>\n<p>Jeres s\u00e6lgere kan nemt f\u00f8lge op p\u00e5 bestillinger, se statistikker over kundernes bookninger og ikke mindst identificere de kunder, der kr\u00e6ver handling. <\/p>\n<\/div>\n      <\/div>\n    <\/div>\n          <div class=\"AnimationTeaser-animation AnimationTeaser-animation--default js-animation\" data-path=\"https:\/\/opter.com\/wp-content\/uploads\/2020\/08\/orderhantering_200825.json\"><\/div>\n      <\/div>\n\n\n\n\n<div class=\"AnimationTeaser AnimationTeaser--alt\">\n    <div class=\"AnimationTeaser-content AnimationTeaser-content--alt\">\n      <h2 class=\"AnimationTeaser-title\"> Nemmere transportdisponering med information i realtid<\/h2>\n      <div class=\"AnimationTeaser-intro\">\n        <p>Opter g\u00f8r det nemt for transportdisponenten at tr\u00e6ffe den rigtige beslutning. Foresp\u00f8rgsler fra kunder h\u00e5ndteres nemt, og k\u00f8ret\u00f8jer udnyttes altid optimalt.<\/p>\n      <\/div>\n      <div class=\"ReadMore js-accordion js-accordion--closed\" data-state=\"closed\">\n        <h3 class=\"ReadMore-title js-accordion-toggle\">Transportstyring med Opter<\/h3>\n        <div class=\"ReadMore-content js-accordion-content\"><p>Igangv\u00e6rende opgaver og tilg\u00e6ngelige ressourcer vises i realtid, hvilket hj\u00e6lper transportdisponenten med at planl\u00e6gge flere k\u00f8rsler p\u00e5 kortere tid, at udnytte tilg\u00e6ngelige k\u00f8ret\u00f8jer bedst muligt, samt at \u00f8ge kundetilfredsheden.<\/p>\n<p>Kontakten mellem transportdisponenten, chauff\u00f8ren, vognmanden og underleverand\u00f8rerne, foreg\u00e5r helt enkelt. Chauff\u00f8ren f\u00e5r information via appen p\u00e5 sin telefon eller h\u00e5ndterminal og kan nemt efterrapportere status samt registrere \u00e6ndringer og POD-dokumenter. Intet glemt, ingen mistede samtaler, korrekt faktureringsgrundlag, samt tid til nye opgaver.<\/p>\n<\/div>\n      <\/div>\n    <\/div>\n          <div class=\"AnimationTeaser-animation AnimationTeaser-animation--alt js-animation\" data-path=\"https:\/\/opter.com\/wp-content\/uploads\/2020\/08\/transportledning_200825.json\"><\/div>\n      <\/div>\n\n\n\n\n<div class=\"AnimationTeaser AnimationTeaser--default\">\n    <div class=\"AnimationTeaser-content AnimationTeaser-content--default\">\n      <h2 class=\"AnimationTeaser-title\">Kontrol p\u00e5 alt med chauff\u00f8rappen<\/h2>\n      <div class=\"AnimationTeaser-intro\">\n        <p>Med Opters chauff\u00f8rapp har chauff\u00f8ren altid information lige ved h\u00e5nden, og kommunikation med b\u00e5de kunde og transportdisponent er helt enkel. Det bliver lettere, mere trygt, og giver bedre arbejdsgl\u00e6de at v\u00e6re chauff\u00f8r.<\/p>\n      <\/div>\n      <div class=\"ReadMore js-accordion js-accordion--closed\" data-state=\"closed\">\n        <h3 class=\"ReadMore-title js-accordion-toggle\">Mobilkommunikation med Opter<\/h3>\n        <div class=\"ReadMore-content js-accordion-content\"><p>Chauff\u00f8rer, som har al den n\u00f8dvendige information, har ogs\u00e5 mulighed for at p\u00e5tage sig det fulde ansvar. Opstartstiden for nye opgaver minimeres, og alle opgaver fremg\u00e5r af chauff\u00f8rappen.<\/p>\n<p>Kunde og transportdisponent f\u00e5r l\u00f8bende tilsendt oplysninger i realtid. \u00c6ndrede foruds\u00e6tninger registreres nemt, og faktureringsgrundlag justeres automatisk. Simple digitale signaturer, kamera og navigation er selvf\u00f8lgelig ogs\u00e5 inkluderet.<\/p>\n<\/div>\n      <\/div>\n    <\/div>\n          <div class=\"AnimationTeaser-animation AnimationTeaser-animation--default js-animation\" data-path=\"https:\/\/opter.com\/wp-content\/uploads\/2020\/08\/forarapp_200825.json\"><\/div>\n      <\/div>\n\n\n<div class=\"AnimationTeaser AnimationTeaser--alt\">\n    <div class=\"AnimationTeaser-content AnimationTeaser-content--alt\">\n      <h2 class=\"AnimationTeaser-title\">Fuldf\u00f8rte opgaver faktureres hurtigt og korrekt.<\/h2>\n      <div class=\"AnimationTeaser-intro\">\n        <p>Med Opter bliver fakturaer korrekte og administrationen minimal. Fakturaen p\u00e5begyndes ved bookning, justeres under transporten og bliver sendt efter leveringen.<\/p>\n      <\/div>\n      <div class=\"ReadMore js-accordion js-accordion--closed\" data-state=\"closed\">\n        <h3 class=\"ReadMore-title js-accordion-toggle\">Fakturering og priss\u00e6tning med Opter<\/h3>\n        <div class=\"ReadMore-content js-accordion-content\"><p>Hver ordre, som registreres, er en p\u00e5begyndt faktura. Hvis ordren \u00e6ndres, for eksempel hvis godsets v\u00e6gt ikke stemmer, noteres de nye oplysninger, og prisen p\u00e5 fakturaen opdateres automatisk. N\u00e5r leveringen er klar, vil fakturaen ogs\u00e5 v\u00e6re klar til at blive sendt.<\/p>\n<p>Med Opter har I overblik over, hvilke kunder der har betalt sine fakturaer, og hvilke kunder der skal have p\u00e5mindelse. Indlejede vognm\u00e6nd og underleverand\u00f8rer administreres lige s\u00e5 nemt. <\/p>\n<\/div>\n      <\/div>\n    <\/div>\n          <div class=\"AnimationTeaser-animation AnimationTeaser-animation--alt js-animation\" data-path=\"https:\/\/opter.com\/wp-content\/uploads\/2020\/08\/fakturering_200825.json\"><\/div>\n      <\/div>\n\n\n<div class=\"AnimationTeaser AnimationTeaser--default\">\n    <div class=\"AnimationTeaser-content AnimationTeaser-content--default\">\n      <h2 class=\"AnimationTeaser-title\">Trygge og tilfredse kunder fra bookning til POD<\/h2>\n      <div class=\"AnimationTeaser-intro\">\n        <p>Opter hj\u00e6lper jer med at yde en bedre service. Kunder har altid adgang til deres aktuelle transportoplysninger via EDI-l\u00f8sninger eller kundeweb.<\/p>\n      <\/div>\n      <div class=\"ReadMore js-accordion js-accordion--closed\" data-state=\"closed\">\n        <h3 class=\"ReadMore-title js-accordion-toggle\">Opter kundeweb og EDI<\/h3>\n        <div class=\"ReadMore-content js-accordion-content\"><p>L\u00f8bende information om opgaver, kvalitet og statistik er vigtig for jeres kunder. Med en personlig kundeweb kan jeres kunder helt enkelt booke transporter, se priser, fragtsedler, ordrehistorik og fakturaer, f\u00f8lge deres leveringer med Track &#038; Trace samt se leveringsbevis (POD) og signaturer. Jeres kommunikation bliver nemmere, tydeligere og hurtigere \u2013 ikke mindst ved hj\u00e6lp af automatiserede notifikationer via e-mail eller SMS.<\/p>\n<p>Med EDI-integrationer kommunikeres bookninger samt \u00e6ndringer helt automatisk mellem jer og jeres transportk\u00f8bere. Mindre manuelt arbejde frig\u00f8r tid, mens alle har adgang til hurtig og korrekt information.<\/p>\n<p>Opter styrker helt enkelt relationen til etablerede kunder og frig\u00f8r tid til at tage sig af nye.<\/p>\n<\/div>\n      <\/div>\n    <\/div>\n          <div class=\"AnimationTeaser-animation AnimationTeaser-animation--default js-animation\" data-path=\"https:\/\/opter.com\/wp-content\/uploads\/2020\/09\/pod_200910.json\"><\/div>\n      <\/div>\n\n\n<div class=\"BookADemo\">\n    <a class=\"BookADemo-link\" href=\"\/da\/kontakt-os\/\">\n      Book en demo\n    <\/a>\n  <\/div>\n\n","protected":false},"excerpt":{"rendered":"","protected":false},"author":1,"featured_media":0,"parent":0,"menu_order":0,"comment_status":"closed","ping_status":"closed","template":"","meta":{"_acf_changed":false,"footnotes":""},"class_list":["post-2191","page","type-page","status-publish","hentry"],"acf":[],"_links":{"self":[{"href":"https:\/\/opter.com\/da\/wp-json\/wp\/v2\/pages\/2191","targetHints":{"allow":["GET"]}}],"collection":[{"href":"https:\/\/opter.com\/da\/wp-json\/wp\/v2\/pages"}],"about":[{"href":"https:\/\/opter.com\/da\/wp-json\/wp\/v2\/types\/page"}],"author":[{"embeddable":true,"href":"https:\/\/opter.com\/da\/wp-json\/wp\/v2\/users\/1"}],"replies":[{"embeddable":true,"href":"https:\/\/opter.com\/da\/wp-json\/wp\/v2\/comments?post=2191"}],"version-history":[{"count":22,"href":"https:\/\/opter.com\/da\/wp-json\/wp\/v2\/pages\/2191\/revisions"}],"predecessor-version":[{"id":6088,"href":"https:\/\/opter.com\/da\/wp-json\/wp\/v2\/pages\/2191\/revisions\/6088"}],"wp:attachment":[{"href":"https:\/\/opter.com\/da\/wp-json\/wp\/v2\/media?parent=2191"}],"curies":[{"name":"wp","href":"https:\/\/api.w.org\/{rel}","templated":true}]}}