{"id":2192,"date":"2020-12-10T12:53:11","date_gmt":"2020-12-10T11:53:11","guid":{"rendered":"https:\/\/opter.com\/?page_id=2192"},"modified":"2022-11-10T16:37:19","modified_gmt":"2022-11-10T15:37:19","slug":"hvorfor-valge-opter","status":"publish","type":"page","link":"https:\/\/opter.com\/da\/hvorfor-valge-opter\/","title":{"rendered":"Hvorfor v\u00e6lge Opter?"},"content":{"rendered":"\n<h2 class=\"wp-block-heading\">Smartere transportplanl\u00e6gning ganske enkelt<\/h2>\n\n\n\n<figure class=\"wp-block-embed-youtube wp-block-embed is-type-video is-provider-youtube wp-embed-aspect-16-9 wp-has-aspect-ratio\"><div class=\"wp-block-embed__wrapper\">\n<iframe loading=\"lazy\" title=\"Smartere transportplanl\u00e6gning med Opter\" width=\"500\" height=\"281\" src=\"https:\/\/www.youtube.com\/embed\/x05085HeufU?feature=oembed\" frameborder=\"0\" allow=\"accelerometer; autoplay; clipboard-write; encrypted-media; gyroscope; picture-in-picture; web-share\" referrerpolicy=\"strict-origin-when-cross-origin\" allowfullscreen><\/iframe>\n<\/div><\/figure>\n\n\n\n<p><\/p>\n\n\n\n<h3 class=\"wp-block-heading\">Trygt og fremtidssikret<\/h3>\n\n\n\n<p>20 \u00e5rs udvikling og n\u00e6r dialog med hundredvis af kunder har gjort, at Opter i dag er et markedsf\u00f8rende system for sm\u00e5 og store transportvirksomhederi Norden. Opter tilbyder et standardiseret system, der passer til langt de fleste kunder. Om n\u00f8dvendigt kan systemet tilpasse for bedre at im\u00f8dekomme de forskellige kunders unikke behov og rutiner. Opter videreudvikles hele tiden ud fra markedets behov og nye tekniske muligheder. Det betyder, at vores kunder kan fokusere p\u00e5 deres virksomhed, velvidende at de altid har et tidssvarende system til r\u00e5dighed.<\/p>\n\n\n\n<h3 class=\"wp-block-heading\">En nemmere hverdag<\/h3>\n\n\n\n<p>Opter simplificerer hverdagen for transportfirmaer \u2013 en hverdag, der kan v\u00e6re nok s\u00e5 kompliceret og omskiftelig. Lad Opter hj\u00e6lpe jeres virksomhed med ordreh\u00e5ndtering, transportplanl\u00e6gning, kommunikation med chauff\u00f8rer og kunder, EDI-forbindelser, priss\u00e6tning og fakturering, s\u00e5 I kan v\u00e6re sikre p\u00e5, at det altid fungerer. I ved ogs\u00e5, at I altid har adgang til et tidssvarende st\u00f8tte til jeres transportopgaver.<\/p>\n\n\n\n<h3 class=\"wp-block-heading\">Digitalisering til en fast, m\u00e5nedlig pris<\/h3>\n\n\n\n<p>N\u00e5r I planl\u00e6gger transport med Opter, abonnerer I ogs\u00e5 p\u00e5 digitalisering. Opter opdateres l\u00f8bende, uden at hverken I eller jeres brugere beh\u00f8ver at g\u00f8re noget. Manuelle processer bliver i h\u00f8jere grad digitaliserede, og i takt med systemets udvikling automatiseres jeres virksomhed yderligere. Hele systemet, alle nye funktioner og opdateringer er inkluderet i prisen. Det g\u00e6lder selvf\u00f8lgelig ogs\u00e5 support. Og det til en fast pris hver m\u00e5ned.&nbsp;<\/p>\n\n\n\n<h3 class=\"wp-block-heading\">Vi hj\u00e6lper jer med at komme i gang<\/h3>\n\n\n\n<p>Vi hj\u00e6lper jer selvf\u00f8lgelig med at s\u00e6tte systemet op, s\u00e5 det underst\u00f8tter jeres rutiner p\u00e5 bedste vis. Vi konfigurerer ordrebillede og trafikdisponening s\u00e5 det passer til jer. Hvordan vil I gerne have, at mobilappen og kundewebben ser ud? Og hvordan \u00f8nsker I at udforme fakturaer og systemets \u00f8vrige funktioner? Vi guider jer og fungerer som sparringspartner for jer og jeres brugere, indtil I er godt k\u00f8rende. Sammen l\u00e6gger vi fundamentet for fortsat effektivitet, tilfredse kunder og moderne, digital udvikling.<\/p>\n\n\n\n<h3 class=\"wp-block-heading\">Personlig teknisk support<\/h3>\n\n\n\n<p>N\u00e5r I er kommet i gang, tager vores supportteam over. Skulle I l\u00f8be ind i problemer eller have sp\u00f8rgsm\u00e5l, f\u00e5r I selvf\u00f8lgelig helt omkostningsfrit hurtig hj\u00e6lp fra vores erfarne probleml\u00f8sere. De forst\u00e5r sig p\u00e5 jeres virksomhed og kender Opter ud og ind.<\/p>\n\n\n\n<div class=\"wp-block-image\"><figure class=\"alignleft size-large is-resized\"><img decoding=\"async\" src=\"https:\/\/opter.com\/wp-content\/uploads\/2020\/11\/support.jpg\" alt=\"\" class=\"wp-image-1923\" width=\"460\"\/><figcaption>&#8220;Efter installation og opl\u00e6ring er det bare at k\u00f8re p\u00e5 \u2013 sv\u00e6rere er det ikke!&#8221;<br>Alexander Lindroos, Supportansvarlig<\/figcaption><\/figure><\/div>\n\n\n\n<p><\/p>\n\n\n\n<h3 class=\"wp-block-heading\">Systemet, der samarbejder med andre systemer<\/h3>\n\n\n\n<p>Opter samarbejder gerne med andre virksomheds- og \u00f8konomisystemer. Integrationer er hverdagskost for os \u2013 vi har gjort det tusindvis af gange f\u00f8r! Uanset om I samarbejder digitalt med jeres kunder eller med andre transportfirmaer, s\u00e5 hj\u00e6lper vi jer med jeres EDI-integrationer.<\/p>\n\n\n\n<h3 class=\"wp-block-heading\">Bygger p\u00e5 den nyeste teknologi<\/h3>\n\n\n\n<p>Opter bygger p\u00e5 Microsofts nyeste teknologi. For brugerne indeb\u00e6rer det en Windows-brugerflade, og for chauff\u00f8rerne indeb\u00e6rer det en app, der nemt kan downloades fra Google Play. Vognm\u00e6nd og kunder har adgang til al den n\u00f8dvendige information via webportaler. Opter k\u00f8rer via vores cloud-l\u00f8sning i Microsoft Azure, og I opretter forbindelse via et program p\u00e5 jeres computer. I kan endda installere Opter p\u00e5 jeres egen server eller hos en hosting-partner.<\/p>\n\n\n\n<h3 class=\"wp-block-heading\">Kunne I t\u00e6nke jer at afpr\u00f8ve det?<\/h3>\n\n\n\n<p><\/p>\n\n\n\n<p>Book en demo, s\u00e5 viser vi jer, hvor nemt det er at komme i gang, og hvordan Opter kan hj\u00e6lpe jer med at udvikle jeres virksomhed. I kan ogs\u00e5 v\u00e6lge at lade os h\u00f8re fra jer ved at sende en e-mail til <a href=\"mailto:info@opter.com\" data-type=\"mailto\" data-id=\"mailto:info@opter.com\">info@opter.com<\/a> eller kontakte en af vores <a href=\"mailto:sales@opter.com\" data-type=\"mailto\" data-id=\"mailto:sales@opter.com\">s\u00e6lgere<\/a>.<\/p>\n\n\n<div class=\"BookADemo\">\n    <a class=\"BookADemo-link\" href=\"\/da\/kontakt-os\/\">\n      Book en demo\n    <\/a>\n  <\/div>\n\n","protected":false},"excerpt":{"rendered":"<p>Smartere transportplanl\u00e6gning ganske enkelt Trygt og fremtidssikret 20 \u00e5rs&hellip;<\/p>\n","protected":false},"author":2,"featured_media":0,"parent":0,"menu_order":0,"comment_status":"closed","ping_status":"closed","template":"","meta":{"_acf_changed":false,"footnotes":""},"class_list":["post-2192","page","type-page","status-publish","hentry"],"acf":[],"_links":{"self":[{"href":"https:\/\/opter.com\/da\/wp-json\/wp\/v2\/pages\/2192","targetHints":{"allow":["GET"]}}],"collection":[{"href":"https:\/\/opter.com\/da\/wp-json\/wp\/v2\/pages"}],"about":[{"href":"https:\/\/opter.com\/da\/wp-json\/wp\/v2\/types\/page"}],"author":[{"embeddable":true,"href":"https:\/\/opter.com\/da\/wp-json\/wp\/v2\/users\/2"}],"replies":[{"embeddable":true,"href":"https:\/\/opter.com\/da\/wp-json\/wp\/v2\/comments?post=2192"}],"version-history":[{"count":11,"href":"https:\/\/opter.com\/da\/wp-json\/wp\/v2\/pages\/2192\/revisions"}],"predecessor-version":[{"id":8490,"href":"https:\/\/opter.com\/da\/wp-json\/wp\/v2\/pages\/2192\/revisions\/8490"}],"wp:attachment":[{"href":"https:\/\/opter.com\/da\/wp-json\/wp\/v2\/media?parent=2192"}],"curies":[{"name":"wp","href":"https:\/\/api.w.org\/{rel}","templated":true}]}}