{"id":3778,"date":"2021-02-25T18:02:23","date_gmt":"2021-02-25T17:02:23","guid":{"rendered":"https:\/\/opter.com\/?page_id=3778"},"modified":"2025-12-01T11:10:56","modified_gmt":"2025-12-01T10:10:56","slug":"brink-transport","status":"publish","type":"page","link":"https:\/\/opter.com\/da\/brink-transport\/","title":{"rendered":"Brink Transport"},"content":{"rendered":"<div class=\"ImageHeadline\">\n      <div class=\"ImageHeadline-image\" style=\"background-image: url('https:\/\/opter.com\/wp-content\/uploads\/2022\/02\/brink-transport-1600-1024x576.png')\">\n      <img loading=\"lazy\" decoding=\"async\" width=\"1024\" height=\"576\" src=\"https:\/\/opter.com\/wp-content\/uploads\/2022\/02\/brink-transport-1600-1024x576.png\" class=\"ImageHeadline-img\" alt=\"\" srcset=\"https:\/\/opter.com\/wp-content\/uploads\/2022\/02\/brink-transport-1600-1024x576.png 1024w, https:\/\/opter.com\/wp-content\/uploads\/2022\/02\/brink-transport-1600-300x169.png 300w, https:\/\/opter.com\/wp-content\/uploads\/2022\/02\/brink-transport-1600-768x432.png 768w, https:\/\/opter.com\/wp-content\/uploads\/2022\/02\/brink-transport-1600-1536x864.png 1536w, https:\/\/opter.com\/wp-content\/uploads\/2022\/02\/brink-transport-1600-1440x810.png 1440w, https:\/\/opter.com\/wp-content\/uploads\/2022\/02\/brink-transport-1600.png 1600w\" sizes=\"auto, (max-width: 1024px) 100vw, 1024px\" \/>\n    <\/div>\n    <h2 class=\"ImageHeadline-headline\">\u201dEt system der d\u00e6kker vores behov nu og i fremtiden.\u201d<\/h2>\n<\/div>\n\n\n\n\n<p><a rel=\"noreferrer noopener\" href=\"https:\/\/www.brinktransport.dk\/\" target=\"_blank\">Brink Transport<\/a>&nbsp;k\u00f8rer i \u00f8jeblikket med omkring 85 biler dagligt, fordelt p\u00e5 samme dag, dag til dag og natk\u00f8rsel. Godsm\u00e6ngderne er fordelt omtrent ligeligt mellem 3 terminaler i hhv. Kolding, Br\u00f8ndby og Viborg. Opter har forsynet Brink Transport med gode rapporter, fornuftige n\u00f8gletal og det har medvirket til en forbedret drift og tilbudsafgivning.<\/p>\n\n\n\n<p>\u201dVi valgte Opter fordi vi fandt det er et enkelt og \u00e5bent system som kan tilpasses den enkelte medarbejder og funktion. Disponering, fl\u00e5destyring, chauff\u00f8rapp, scanning og statistik er vigtige funktioner for os i den daglige drift og der har Opter virkelig gjort en forskel. S\u00e5 alt i alt har vi f\u00e5et effektiviseret vores processer og f\u00e5et et fantastisk v\u00e6rkt\u00f8j til fremtiden.\u201d<br>Claus Laustsen, direkt\u00f8r, Brink Transport<\/p>\n\n\n\n<h3 class=\"wp-block-heading\">Book en demo!<\/h3>\n\n\n\n<p>Vil du vide mere? Vi viser med gl\u00e6de, hvordan Opter fungerer, og hvor nemt det er at komme i gang.<\/p>\n\n\n<div class=\"BookADemo\">\n    <a class=\"BookADemo-link\" href=\"\/da\/kontakt-os\/book-en-demo\/\">\n      Book en demo\n    <\/a>\n  <\/div>\n\n","protected":false},"excerpt":{"rendered":"<p>Brink Transport&nbsp;k\u00f8rer i \u00f8jeblikket med omkring 85 biler dagligt,&hellip;<\/p>\n","protected":false},"author":18,"featured_media":7355,"parent":0,"menu_order":0,"comment_status":"closed","ping_status":"closed","template":"","meta":{"_acf_changed":false,"footnotes":""},"class_list":["post-3778","page","type-page","status-publish","has-post-thumbnail","hentry"],"acf":[],"_links":{"self":[{"href":"https:\/\/opter.com\/da\/wp-json\/wp\/v2\/pages\/3778","targetHints":{"allow":["GET"]}}],"collection":[{"href":"https:\/\/opter.com\/da\/wp-json\/wp\/v2\/pages"}],"about":[{"href":"https:\/\/opter.com\/da\/wp-json\/wp\/v2\/types\/page"}],"author":[{"embeddable":true,"href":"https:\/\/opter.com\/da\/wp-json\/wp\/v2\/users\/18"}],"replies":[{"embeddable":true,"href":"https:\/\/opter.com\/da\/wp-json\/wp\/v2\/comments?post=3778"}],"version-history":[{"count":16,"href":"https:\/\/opter.com\/da\/wp-json\/wp\/v2\/pages\/3778\/revisions"}],"predecessor-version":[{"id":15245,"href":"https:\/\/opter.com\/da\/wp-json\/wp\/v2\/pages\/3778\/revisions\/15245"}],"wp:featuredmedia":[{"embeddable":true,"href":"https:\/\/opter.com\/da\/wp-json\/wp\/v2\/media\/7355"}],"wp:attachment":[{"href":"https:\/\/opter.com\/da\/wp-json\/wp\/v2\/media?parent=3778"}],"curies":[{"name":"wp","href":"https:\/\/api.w.org\/{rel}","templated":true}]}}