{"id":3789,"date":"2021-02-25T18:15:02","date_gmt":"2021-02-25T17:15:02","guid":{"rendered":"https:\/\/opter.com\/?page_id=3789"},"modified":"2025-12-01T11:45:21","modified_gmt":"2025-12-01T10:45:21","slug":"lillebil","status":"publish","type":"page","link":"https:\/\/opter.com\/da\/lillebil\/","title":{"rendered":"Lillebil"},"content":{"rendered":"<div class=\"ImageHeadline\">\n      <div class=\"ImageHeadline-image\" style=\"background-image: url('https:\/\/opter.com\/wp-content\/uploads\/2020\/10\/lillebil_michael_alkevik_960p.jpg')\">\n      <img loading=\"lazy\" decoding=\"async\" width=\"960\" height=\"540\" src=\"https:\/\/opter.com\/wp-content\/uploads\/2020\/10\/lillebil_michael_alkevik_960p.jpg\" class=\"ImageHeadline-img\" alt=\"\" \/>\n    <\/div>\n    <h2 class=\"ImageHeadline-headline\">\u201dEt system til transportplanl\u00e6gning, der er udviklet til vores behov.\u201d<\/h2>\n<\/div>\n\n\n\n\n<p>Kurertjenesten og transportfirmaet&nbsp;<a rel=\"noreferrer noopener\" style=\"user-select: auto;\" href=\"https:\/\/www.lillebil.se\/\" target=\"_blank\">Lillebil<\/a>&nbsp;ledte efter et system, der ikke kr\u00e6vede skr\u00e6ddersyede l\u00f8sninger for at fungere for deres virksomhed. Det var for 10 \u00e5r siden. Lillebil har i dag omkring halvfjerds k\u00f8ret\u00f8jer, og alle medarbejdere bruger Opter.<\/p>\n\n\n\n<p>Michael Alkevik, medejer og projektansvarlig i Lillebil: \u201dDet faktum, at alle medarbejdere, fra trafikdisponenten til chauff\u00f8ren, arbejder i samme system, g\u00f8r vores virksomhed mere effektiv. Nogle bruger kun de mest \u00e5benlyse dele af systemet, mens andre dykker helt ned i det og hele tiden l\u00e6rer nye funktioner. Vi f\u00e5r hurtigt sendt de rigtige oplysninger ud, og vores medarbejdere p\u00e5 kontoret aflastes.\u201d<\/p>\n\n\n\n<h3 class=\"wp-block-heading\">Book en demo!<\/h3>\n\n\n\n<p>Vil du vide mere? Vi viser med gl\u00e6de, hvordan Opter fungerer, og hvor nemt det er at komme i gang.<\/p>\n\n\n<div class=\"BookADemo\">\n    <a class=\"BookADemo-link\" href=\"\/da\/kontakt-os\/book-en-demo\/\">\n      Boka demo\n    <\/a>\n  <\/div>\n\n","protected":false},"excerpt":{"rendered":"<p>Kurertjenesten og transportfirmaet&nbsp;Lillebil&nbsp;ledte efter et system, der ikke kr\u00e6vede&hellip;<\/p>\n","protected":false},"author":18,"featured_media":2738,"parent":0,"menu_order":0,"comment_status":"closed","ping_status":"closed","template":"","meta":{"_acf_changed":false,"footnotes":""},"class_list":["post-3789","page","type-page","status-publish","has-post-thumbnail","hentry"],"acf":[],"_links":{"self":[{"href":"https:\/\/opter.com\/da\/wp-json\/wp\/v2\/pages\/3789","targetHints":{"allow":["GET"]}}],"collection":[{"href":"https:\/\/opter.com\/da\/wp-json\/wp\/v2\/pages"}],"about":[{"href":"https:\/\/opter.com\/da\/wp-json\/wp\/v2\/types\/page"}],"author":[{"embeddable":true,"href":"https:\/\/opter.com\/da\/wp-json\/wp\/v2\/users\/18"}],"replies":[{"embeddable":true,"href":"https:\/\/opter.com\/da\/wp-json\/wp\/v2\/comments?post=3789"}],"version-history":[{"count":8,"href":"https:\/\/opter.com\/da\/wp-json\/wp\/v2\/pages\/3789\/revisions"}],"predecessor-version":[{"id":15272,"href":"https:\/\/opter.com\/da\/wp-json\/wp\/v2\/pages\/3789\/revisions\/15272"}],"wp:featuredmedia":[{"embeddable":true,"href":"https:\/\/opter.com\/da\/wp-json\/wp\/v2\/media\/2738"}],"wp:attachment":[{"href":"https:\/\/opter.com\/da\/wp-json\/wp\/v2\/media?parent=3789"}],"curies":[{"name":"wp","href":"https:\/\/api.w.org\/{rel}","templated":true}]}}