{"id":3794,"date":"2021-02-25T18:18:44","date_gmt":"2021-02-25T17:18:44","guid":{"rendered":"https:\/\/opter.com\/?page_id=3794"},"modified":"2025-12-01T11:47:11","modified_gmt":"2025-12-01T10:47:11","slug":"ntex-inrikes","status":"publish","type":"page","link":"https:\/\/opter.com\/da\/ntex-inrikes\/","title":{"rendered":"Ntex Inrikes"},"content":{"rendered":"<div class=\"ImageHeadline\">\n      <div class=\"ImageHeadline-image\" style=\"background-image: url('https:\/\/opter.com\/wp-content\/uploads\/2020\/12\/fraktkompaniet-zebastian.jpg')\">\n      <img loading=\"lazy\" decoding=\"async\" width=\"960\" height=\"540\" src=\"https:\/\/opter.com\/wp-content\/uploads\/2020\/12\/fraktkompaniet-zebastian.jpg\" class=\"ImageHeadline-img\" alt=\"\" \/>\n    <\/div>\n    <h2 class=\"ImageHeadline-headline\">\u201dDet f\u00f8les trygt at samarbejde med Opter.\u201d<\/h2>\n<\/div>\n\n\n\n\n<p><a href=\"https:\/\/fraktkompaniet.se\/\" target=\"_blank\" rel=\"noreferrer noopener\">Ntex Inrikes<\/a>&nbsp;valgte Opter, da de havde brug et robust og p\u00e5lideligt system til deres virksomhed. Desuden brugte flere af deres vognmandsforretninger allerede Opter, hvilket gjorde, at de nemt og hurtigt kunne sammenkoble sig med deres leverand\u00f8rer.<\/p>\n\n\n\n<p>\u201dVi er meget tilfredse med Opter, da det er et driftssikkert program, der g\u00f8r vores daglige arbejde nemmere. Det er frem for alt muligt at tilpasse og fleksibelt. Det f\u00f8les trygt at samarbejde med Opter, og vi tror p\u00e5, at vi kommer til at vokse sammen i fremtiden.\u201d<br>Zebastian Hasslinger, trafikchef G\u00f6teborg, Ntex Inrikes<\/p>\n\n\n\n<h3 class=\"wp-block-heading\">Book en demo!<\/h3>\n\n\n\n<p>Vil du vide mere? Vi viser med gl\u00e6de, hvordan Opter fungerer, og hvor nemt det er at komme i gang.<\/p>\n\n\n<div class=\"BookADemo\">\n    <a class=\"BookADemo-link\" href=\"\/da\/kontakt-os\/book-en-demo\/\">\n      Boka demo\n    <\/a>\n  <\/div>\n\n","protected":false},"excerpt":{"rendered":"<p>Ntex Inrikes&nbsp;valgte Opter, da de havde brug et robust&hellip;<\/p>\n","protected":false},"author":18,"featured_media":2163,"parent":0,"menu_order":0,"comment_status":"closed","ping_status":"closed","template":"","meta":{"_acf_changed":false,"footnotes":""},"class_list":["post-3794","page","type-page","status-publish","has-post-thumbnail","hentry"],"acf":[],"_links":{"self":[{"href":"https:\/\/opter.com\/da\/wp-json\/wp\/v2\/pages\/3794","targetHints":{"allow":["GET"]}}],"collection":[{"href":"https:\/\/opter.com\/da\/wp-json\/wp\/v2\/pages"}],"about":[{"href":"https:\/\/opter.com\/da\/wp-json\/wp\/v2\/types\/page"}],"author":[{"embeddable":true,"href":"https:\/\/opter.com\/da\/wp-json\/wp\/v2\/users\/18"}],"replies":[{"embeddable":true,"href":"https:\/\/opter.com\/da\/wp-json\/wp\/v2\/comments?post=3794"}],"version-history":[{"count":6,"href":"https:\/\/opter.com\/da\/wp-json\/wp\/v2\/pages\/3794\/revisions"}],"predecessor-version":[{"id":15275,"href":"https:\/\/opter.com\/da\/wp-json\/wp\/v2\/pages\/3794\/revisions\/15275"}],"wp:featuredmedia":[{"embeddable":true,"href":"https:\/\/opter.com\/da\/wp-json\/wp\/v2\/media\/2163"}],"wp:attachment":[{"href":"https:\/\/opter.com\/da\/wp-json\/wp\/v2\/media?parent=3794"}],"curies":[{"name":"wp","href":"https:\/\/api.w.org\/{rel}","templated":true}]}}