{"id":4128,"date":"2021-03-08T15:53:18","date_gmt":"2021-03-08T14:53:18","guid":{"rendered":"https:\/\/opter.com\/?page_id=4128"},"modified":"2022-02-10T10:57:17","modified_gmt":"2022-02-10T09:57:17","slug":"arbejd-hos-os","status":"publish","type":"page","link":"https:\/\/opter.com\/da\/arbejd-hos-os\/","title":{"rendered":"Arbejd hos os"},"content":{"rendered":"<div class=\"ImageHeadline\">\n      <div class=\"ImageHeadline-image\" style=\"background-image: url('https:\/\/opter.com\/wp-content\/uploads\/2021\/03\/jobba_hos_oss_hero_1.jpg')\">\n      <img loading=\"lazy\" decoding=\"async\" width=\"1024\" height=\"576\" src=\"https:\/\/opter.com\/wp-content\/uploads\/2021\/03\/jobba_hos_oss_hero_1.jpg\" class=\"ImageHeadline-img\" alt=\"\" \/>\n    <\/div>\n    <h2 class=\"ImageHeadline-headline\">&quot;Dygtig, udviklingsdrevet og succesfuld&quot;<\/h2>\n<\/div>\n\n\n\n<p class=\"Lead\">\n  Vi s\u00f8ger flere dygtige probleml\u00f8sere\n<\/p>\n\n\n\n\n<figure class=\"wp-block-image size-large\"><img loading=\"lazy\" decoding=\"async\" width=\"450\" height=\"299\" src=\"\/wp-content\/uploads\/2020\/12\/andreas-jobba-hos-oss.jpg\" alt=\"\" class=\"wp-image-2044\"\/><figcaption>&#8220;Det sjoveste med Opter er at lave forbedringer, der g\u00f8r en forskel hver dag \u2013 for vores kunder, for vores produkt og for vores virksomhed.&#8221;<br>Andreas Starrsj\u00f6, Programudvikler<\/figcaption><\/figure>\n\n\n\n<p>At arbejde hos Opter indeb\u00e6rer at hj\u00e6lpe transportfirmaer med at v\u00e6kste og samtidig v\u00e6rne om b\u00e5de milj\u00f8 og mennesker. Sammen g\u00f8r vi hele tiden Opter endnu bedre, og jo flere transportfirmaer, der anvender vores software, desto mere ressourceeffektiv bliver transportbranchen.<\/p>\n\n\n\n<p>Hver dag bliver vi klogere p\u00e5 vores kunders udfordringer, vokser i vores roller, udfordrer os selv og tager modige beslutninger. Det faktum, at vi konstant forbedrer os, er vores st\u00f8rste drivkraft, og det p\u00e5virker os som arbejdsplads.&nbsp;<\/p>\n\n\n\n<p>Vi leder efter dig, der akkurat ligesom os har lyst til at udvikle og udvikles. Dig, der vil udfordres hver dag, m\u00f8de nye mennesker, opbygge relationer, l\u00f8se komplicerede problemer og vokse sammen med andre. Nysgerrighed er at krav for at arbejde hos os. Som udvikler beh\u00f8ver du ikke vide en pind om transportbranchen. Du f\u00e5r viden om transportdisponering gennem dine opgaver og fra dine kollegaer. Har du derimod lyst til at hj\u00e6lpe vores kunder som konsulent eller s\u00e6lger, kr\u00e6ver vi, at du har erfaring inden for transportbranchen fra tidligere.<\/p>\n\n\n\n<p>Sammen skaber vi det mest brugte virksomhedssystem i vores branche, og nu begiver vi os ud p\u00e5 nye markeder. Vil du v\u00e6re med? Skriv et par linjer til os p\u00e5 <a href=\"mailto:work@opter.com\">work@opter.com<\/a><\/p>\n\n\n<p class=\"ArrowLink\">\n    <a class=\"ArrowLink-link\" href=\"\/da\/net-udviklere\/\">\n      <svg xmlns=\"http:\/\/www.w3.org\/2000\/svg\" width=\"40\" height=\"41\" fill=\"none\" viewBox=\"0 0 40 41\" class=\"arrow\">\n        <path fill=\"#F64F10\" d=\"M20 40.356c11.046 0 20-8.954 20-20 0-11.045-8.954-20-20-20s-20 8.955-20 20c0 11.046 8.954 20 20 20z\"\/>\n        <path class=\"stroke\" fill=\"#DFDAD4\" d=\"M30.211 18.856H33.211V41.856H30.211z\" transform=\"rotate(90 30.211 18.856)\"\/>\n        <path class=\"arrow-part\" fill=\"#DFDAD4\" d=\"M32.53 20.362l-2.123 1.295-9.72-10.978 2.318-1.905 9.524 11.588z\"\/>\n        <path class=\"arrow-part\" fill=\"#DFDAD4\" d=\"M32.53 20.351l-2.123-1.294-9.72 10.978 2.318 1.904 9.524-11.588z\"\/>\n      <\/svg>\n      Arbejd hos os! Vi leder efter .NET-udviklere<\/a>\n  <\/p>\n\n","protected":false},"excerpt":{"rendered":"<p>At arbejde hos Opter indeb\u00e6rer at hj\u00e6lpe transportfirmaer med&hellip;<\/p>\n","protected":false},"author":18,"featured_media":0,"parent":0,"menu_order":0,"comment_status":"closed","ping_status":"closed","template":"","meta":{"_acf_changed":false,"footnotes":""},"class_list":["post-4128","page","type-page","status-publish","hentry"],"acf":[],"_links":{"self":[{"href":"https:\/\/opter.com\/da\/wp-json\/wp\/v2\/pages\/4128","targetHints":{"allow":["GET"]}}],"collection":[{"href":"https:\/\/opter.com\/da\/wp-json\/wp\/v2\/pages"}],"about":[{"href":"https:\/\/opter.com\/da\/wp-json\/wp\/v2\/types\/page"}],"author":[{"embeddable":true,"href":"https:\/\/opter.com\/da\/wp-json\/wp\/v2\/users\/18"}],"replies":[{"embeddable":true,"href":"https:\/\/opter.com\/da\/wp-json\/wp\/v2\/comments?post=4128"}],"version-history":[{"count":3,"href":"https:\/\/opter.com\/da\/wp-json\/wp\/v2\/pages\/4128\/revisions"}],"predecessor-version":[{"id":7370,"href":"https:\/\/opter.com\/da\/wp-json\/wp\/v2\/pages\/4128\/revisions\/7370"}],"wp:attachment":[{"href":"https:\/\/opter.com\/da\/wp-json\/wp\/v2\/media?parent=4128"}],"curies":[{"name":"wp","href":"https:\/\/api.w.org\/{rel}","templated":true}]}}