{"id":4396,"date":"2021-04-07T14:20:30","date_gmt":"2021-04-07T12:20:30","guid":{"rendered":"https:\/\/opter.com\/?page_id=4396"},"modified":"2023-01-12T13:27:38","modified_gmt":"2023-01-12T12:27:38","slug":"bdx","status":"publish","type":"page","link":"https:\/\/opter.com\/da\/bdx\/","title":{"rendered":"BDX"},"content":{"rendered":"<div class=\"ImageHeadline\">\n      <div class=\"ImageHeadline-image\" style=\"background-image: url('https:\/\/opter.com\/wp-content\/uploads\/2022\/02\/bdx-mattias-eriksson-1600-1024x576.png')\">\n      <img loading=\"lazy\" decoding=\"async\" width=\"1024\" height=\"576\" src=\"https:\/\/opter.com\/wp-content\/uploads\/2022\/02\/bdx-mattias-eriksson-1600-1024x576.png\" class=\"ImageHeadline-img\" alt=\"\" srcset=\"https:\/\/opter.com\/wp-content\/uploads\/2022\/02\/bdx-mattias-eriksson-1600-1024x576.png 1024w, https:\/\/opter.com\/wp-content\/uploads\/2022\/02\/bdx-mattias-eriksson-1600-300x169.png 300w, https:\/\/opter.com\/wp-content\/uploads\/2022\/02\/bdx-mattias-eriksson-1600-768x432.png 768w, https:\/\/opter.com\/wp-content\/uploads\/2022\/02\/bdx-mattias-eriksson-1600-1536x864.png 1536w, https:\/\/opter.com\/wp-content\/uploads\/2022\/02\/bdx-mattias-eriksson-1600-1440x810.png 1440w, https:\/\/opter.com\/wp-content\/uploads\/2022\/02\/bdx-mattias-eriksson-1600.png 1600w\" sizes=\"auto, (max-width: 1024px) 100vw, 1024px\" \/>\n    <\/div>\n    <h2 class=\"ImageHeadline-headline\">\u201dEt system, der passer til vores behov.\u201d<\/h2>\n<\/div>\n\n\n\n\n<p><a href=\"https:\/\/bdx.se\/\">BDX<\/a> har brugt Opter i sin logistikvirksomhed siden 2013. Valget faldt p\u00e5 Opter, fordi det opfylder behovet for at have trafikchefen i centrum og tilbyder veludviklede funktioner til h\u00e5ndtering af pakker, ordrer og opgaver.<\/p>\n\n\n\n<p>\u201dSystemet har nogle smarte funktioner, som g\u00f8r vores hverdag nemmere\u201d, siger Mattias Eriksson, projektleder for systemudvikling i BDX.<\/p>\n\n\n\n<p>BDX skaber innovative helhedsl\u00f8sninger, som l\u00f8ser kundernes behov inden for logistik-, entrepren\u00f8r- og industritjenester. De opererer i hele landet men har sit prim\u00e6re hjemmemarked i det nordlige Sverige. BDX har 275 medleverand\u00f8rer, som tilsammen har 1600 maskiner og k\u00f8ret\u00f8jer, der udf\u00f8rer opgaver for deres kunder. Hver medleverand\u00f8r har normalt sine egne ansatte, og det g\u00f8r BDX til en us\u00e6dvanlig stor mindre virksomhed med hele 1900 professionelle chauff\u00f8rer.<\/p>\n\n\n\n<p>\u201dVi har rigtig mange opgaver og interessenter, og det g\u00f8r, at vi anvender de fleste af Opters funktioner. De funktioner, vi anvender, er: ordremodtagelse, EDI, web, ordreoprettelse, trafikstyring, ruteoptimering, OpterLink, kommunikation til k\u00f8ret\u00f8jer, scanning, ordrekontrol, fakturering, afregning samt statistik\u201d siger Mattias Eriksson.<\/p>\n\n\n\n<p>Opter g\u00f8r det ogs\u00e5 muligt for BDX at digitalisere alle sine ordrer og f\u00f8lge en standardiseret ordreprocess, hvilket giver merv\u00e6rdi til kunderne i form af tydelighed, n\u00f8jagtighed og kontrol til alle interessenter. \u201dVores logistikafdeling er vokset og har haft en meget positiv udvikling i de seneste 10 \u00e5r. Opters system er en af de faktorer, der bidrager til denne udvikling\u201d, afslutter Mattias.<\/p>\n\n\n\n<h3 class=\"wp-block-heading\">Book en demo!<\/h3>\n\n\n\n<p>Vil du vide mere? Vi viser med gl\u00e6de, hvordan Opter fungerer, og hvor nemt det er at komme i gang.<\/p>\n\n\n<div class=\"BookADemo\">\n    <a class=\"BookADemo-link\" href=\"\/da\/kontakt-os\/book-en-demo\/\">\n      Boka demo\n    <\/a>\n  <\/div>\n\n","protected":false},"excerpt":{"rendered":"<p>BDX har brugt Opter i sin logistikvirksomhed siden 2013.&hellip;<\/p>\n","protected":false},"author":11,"featured_media":7294,"parent":0,"menu_order":0,"comment_status":"closed","ping_status":"closed","template":"","meta":{"_acf_changed":false,"footnotes":""},"class_list":["post-4396","page","type-page","status-publish","has-post-thumbnail","hentry"],"acf":[],"_links":{"self":[{"href":"https:\/\/opter.com\/da\/wp-json\/wp\/v2\/pages\/4396","targetHints":{"allow":["GET"]}}],"collection":[{"href":"https:\/\/opter.com\/da\/wp-json\/wp\/v2\/pages"}],"about":[{"href":"https:\/\/opter.com\/da\/wp-json\/wp\/v2\/types\/page"}],"author":[{"embeddable":true,"href":"https:\/\/opter.com\/da\/wp-json\/wp\/v2\/users\/11"}],"replies":[{"embeddable":true,"href":"https:\/\/opter.com\/da\/wp-json\/wp\/v2\/comments?post=4396"}],"version-history":[{"count":8,"href":"https:\/\/opter.com\/da\/wp-json\/wp\/v2\/pages\/4396\/revisions"}],"predecessor-version":[{"id":7539,"href":"https:\/\/opter.com\/da\/wp-json\/wp\/v2\/pages\/4396\/revisions\/7539"}],"wp:featuredmedia":[{"embeddable":true,"href":"https:\/\/opter.com\/da\/wp-json\/wp\/v2\/media\/7294"}],"wp:attachment":[{"href":"https:\/\/opter.com\/da\/wp-json\/wp\/v2\/media?parent=4396"}],"curies":[{"name":"wp","href":"https:\/\/api.w.org\/{rel}","templated":true}]}}