{"id":4405,"date":"2021-04-01T16:08:01","date_gmt":"2021-04-01T14:08:01","guid":{"rendered":"https:\/\/opter.com\/a2b-oenskede-et-altomfattende-system\/"},"modified":"2025-04-04T16:12:52","modified_gmt":"2025-04-04T14:12:52","slug":"a2b","status":"publish","type":"page","link":"https:\/\/opter.com\/da\/a2b\/","title":{"rendered":"A2B"},"content":{"rendered":"<div class=\"ImageHeadline\">\n      <div class=\"ImageHeadline-image\" style=\"background-image: url('https:\/\/opter.com\/wp-content\/uploads\/2022\/11\/a2b-tero-kakko-1600-1024x576.png')\">\n      <img loading=\"lazy\" decoding=\"async\" width=\"1024\" height=\"576\" src=\"https:\/\/opter.com\/wp-content\/uploads\/2022\/11\/a2b-tero-kakko-1600-1024x576.png\" class=\"ImageHeadline-img\" alt=\"\" srcset=\"https:\/\/opter.com\/wp-content\/uploads\/2022\/11\/a2b-tero-kakko-1600-1024x576.png 1024w, https:\/\/opter.com\/wp-content\/uploads\/2022\/11\/a2b-tero-kakko-1600-300x169.png 300w, https:\/\/opter.com\/wp-content\/uploads\/2022\/11\/a2b-tero-kakko-1600-768x432.png 768w, https:\/\/opter.com\/wp-content\/uploads\/2022\/11\/a2b-tero-kakko-1600-1536x864.png 1536w, https:\/\/opter.com\/wp-content\/uploads\/2022\/11\/a2b-tero-kakko-1600-1440x810.png 1440w, https:\/\/opter.com\/wp-content\/uploads\/2022\/11\/a2b-tero-kakko-1600.png 1600w\" sizes=\"auto, (max-width: 1024px) 100vw, 1024px\" \/>\n    <\/div>\n    <h2 class=\"ImageHeadline-headline\">\u201dOpter er en vigtig del af vores foretagende og hj\u00e6lper os med at udf\u00f8re vores arbejde ordentligt.\u201d<\/h2>\n<\/div>\n\n\n\n\n<p>Tero Kakko, administrerende direkt\u00f8r i transportvirksomheden <a rel=\"noreferrer noopener\" style=\"user-select: auto;\" href=\"https:\/\/a2b.fi\/\" target=\"_blank\">A2B<\/a>, valgte Opter allerede i sin tidligere virksomhed i 2002. Han fort\u00e6ller, at de engang var i Sverige for at m\u00f8de et lokalt transportfirma, og under bes\u00f8get blev de pr\u00e6senteret for et program, der vakte gl\u00e6de med hensyn til b\u00e5de klarhed, nemhed og is\u00e6r k\u00f8rselsplanl\u00e6gning. A2B har benyttet Opter siden 2010, og de har 50 biler i deres fl\u00e5de.<\/p>\n\n\n\n<p>\u201dDet bedste ved Opter er, at det er en funktionel helhed. Det omfatter alt lige fra ordremodtagelse til k\u00f8rselsplanl\u00e6gning og fakturering og administration.&nbsp;Opter er en vigtig del af vores foretagende og hj\u00e6lper os med at udf\u00f8re vores arbejde ordentligt.\u201d<br>Tero Kakko, administrerende direkt\u00f8r, A2B<\/p>\n\n\n\n<h3 class=\"wp-block-heading\">Book en demo!<\/h3>\n\n\n\n<p>Vil du vide mere? Vi viser med gl\u00e6de, hvordan Opter fungerer, og hvor nemt det er at komme i gang.<\/p>\n\n\n<div class=\"BookADemo\">\n    <a class=\"BookADemo-link\" href=\"\/da\/kontakt-os\/book-en-demo\/\">\n      Boka demo\n    <\/a>\n  <\/div>\n\n","protected":false},"excerpt":{"rendered":"<p>Tero Kakko, administrerende direkt\u00f8r i transportvirksomheden A2B, valgte Opter&hellip;<\/p>\n","protected":false},"author":18,"featured_media":3535,"parent":0,"menu_order":0,"comment_status":"closed","ping_status":"closed","template":"","meta":{"_acf_changed":false,"footnotes":""},"class_list":["post-4405","page","type-page","status-publish","has-post-thumbnail","hentry"],"acf":[],"_links":{"self":[{"href":"https:\/\/opter.com\/da\/wp-json\/wp\/v2\/pages\/4405","targetHints":{"allow":["GET"]}}],"collection":[{"href":"https:\/\/opter.com\/da\/wp-json\/wp\/v2\/pages"}],"about":[{"href":"https:\/\/opter.com\/da\/wp-json\/wp\/v2\/types\/page"}],"author":[{"embeddable":true,"href":"https:\/\/opter.com\/da\/wp-json\/wp\/v2\/users\/18"}],"replies":[{"embeddable":true,"href":"https:\/\/opter.com\/da\/wp-json\/wp\/v2\/comments?post=4405"}],"version-history":[{"count":13,"href":"https:\/\/opter.com\/da\/wp-json\/wp\/v2\/pages\/4405\/revisions"}],"predecessor-version":[{"id":13309,"href":"https:\/\/opter.com\/da\/wp-json\/wp\/v2\/pages\/4405\/revisions\/13309"}],"wp:featuredmedia":[{"embeddable":true,"href":"https:\/\/opter.com\/da\/wp-json\/wp\/v2\/media\/3535"}],"wp:attachment":[{"href":"https:\/\/opter.com\/da\/wp-json\/wp\/v2\/media?parent=4405"}],"curies":[{"name":"wp","href":"https:\/\/api.w.org\/{rel}","templated":true}]}}