{"id":6185,"date":"2021-10-25T11:16:16","date_gmt":"2021-10-25T09:16:16","guid":{"rendered":"https:\/\/opter.com\/?page_id=6185"},"modified":"2025-12-01T11:21:44","modified_gmt":"2025-12-01T10:21:44","slug":"orjan-orra-as","status":"publish","type":"page","link":"https:\/\/opter.com\/da\/orjan-orra-as\/","title":{"rendered":"\u00d8rjan Orra AS"},"content":{"rendered":"<div class=\"ImageHeadline\">\n      <div class=\"ImageHeadline-image\" style=\"background-image: url('https:\/\/opter.com\/wp-content\/uploads\/2022\/11\/orjanorra2-1600-1024x576.png')\">\n      <img loading=\"lazy\" decoding=\"async\" width=\"1024\" height=\"576\" src=\"https:\/\/opter.com\/wp-content\/uploads\/2022\/11\/orjanorra2-1600-1024x576.png\" class=\"ImageHeadline-img\" alt=\"\" srcset=\"https:\/\/opter.com\/wp-content\/uploads\/2022\/11\/orjanorra2-1600-1024x576.png 1024w, https:\/\/opter.com\/wp-content\/uploads\/2022\/11\/orjanorra2-1600-300x169.png 300w, https:\/\/opter.com\/wp-content\/uploads\/2022\/11\/orjanorra2-1600-768x432.png 768w, https:\/\/opter.com\/wp-content\/uploads\/2022\/11\/orjanorra2-1600-1536x864.png 1536w, https:\/\/opter.com\/wp-content\/uploads\/2022\/11\/orjanorra2-1600-1440x810.png 1440w, https:\/\/opter.com\/wp-content\/uploads\/2022\/11\/orjanorra2-1600.png 1600w\" sizes=\"auto, (max-width: 1024px) 100vw, 1024px\" \/>\n    <\/div>\n    <h2 class=\"ImageHeadline-headline\">\u201dHverdagen er blevet meget nemmere.\u201d<\/h2>\n<\/div>\n\n\n\n\n<p><a href=\"http:\/\/www.kranbilbergen.no\/\">\u00d8rjan Orra AS<\/a> har i dag i alt 16 biler, herunder s\u00e6ttevognstr\u00e6kkere med og uden s\u00e6ttevogn, sidelastere og kranbiler. Virksomheden begyndte at bruge Opter i 2020. Kranbilerne udf\u00f8rer prim\u00e6rt opgaver i Bergen-omr\u00e5det, mens de \u00f8vrige k\u00f8ret\u00f8jer praktisk taget anvendes i hele Norge.<\/p>\n\n\n\n<p>\u00a0\u201dVores m\u00e5ls\u00e6tning var at blive mere effektive, f\u00e5 et bedre overblik og kunne frig\u00f8re tid, som kan bruges p\u00e5 andre arbejdsopgaver.\u201d<\/p>\n\n\n\n<p>\u00a0\u201dMed Opter har vi kunnet sk\u00e6re ned p\u00e5 de manuelle ruter og i visse tilf\u00e6lde helt fjerne dem. Det har givet os et bedre overblik og hjulpet os med at spare tid, hvilket betyder, at vi kan yde vores kunder en bedre service og opf\u00f8lgning,\u201d fort\u00e6ller virksomhedens CEO \u00d8rjan Orra. \u00d8rjan Orra\u00a0AS har oplevet konstant v\u00e6kst siden starten af 1998 og satser p\u00e5 fortsat at v\u00e6kste og udvikle sig i fremtiden.<\/p>\n\n\n\n<p>CEO \u00d8rjan Orra st\u00e5r selv for ledelsen af transportarbejdet. Med Opter blev der installeret sk\u00e6rmbilleder, apps og udskrifter for at opn\u00e5 st\u00f8rst mulig effektivitet og maksimal udnyttelse af systemet. Tidsregistreringen foreg\u00e5r blandt andet i bilerne og danner grundlag for fakturering. Bestillinger udbydes mellem virksomheden og virksomhedens samarbejdspartnere via Opter Link eller EDI.<\/p>\n\n\n\n<p>\u00a0\u201dHverdagen er blevet meget nemmere for os, blandt andet fordi kommunikationen med bilerne \u2013 og is\u00e6r de biler, som k\u00f8rer lange ture \u2013 fungerer meget bedre,\u201d forklarer \u00d8rjan Orra.<\/p>\n\n\n\n<h3 class=\"wp-block-heading\">Book en demo!<\/h3>\n\n\n\n<p>Vil du vide mere? Vi viser med gl\u00e6de, hvordan Opter fungerer, og hvor nemt det er at komme i gang.<\/p>\n\n\n<div class=\"BookADemo\">\n    <a class=\"BookADemo-link\" href=\"\/da\/kontakt-os\/book-en-demo\/\">\n      Book en demo\n    <\/a>\n  <\/div>\n\n","protected":false},"excerpt":{"rendered":"<p>\u00d8rjan Orra AS har i dag i alt 16&hellip;<\/p>\n","protected":false},"author":18,"featured_media":6127,"parent":0,"menu_order":0,"comment_status":"closed","ping_status":"closed","template":"","meta":{"_acf_changed":false,"footnotes":""},"class_list":["post-6185","page","type-page","status-publish","has-post-thumbnail","hentry"],"acf":[],"_links":{"self":[{"href":"https:\/\/opter.com\/da\/wp-json\/wp\/v2\/pages\/6185","targetHints":{"allow":["GET"]}}],"collection":[{"href":"https:\/\/opter.com\/da\/wp-json\/wp\/v2\/pages"}],"about":[{"href":"https:\/\/opter.com\/da\/wp-json\/wp\/v2\/types\/page"}],"author":[{"embeddable":true,"href":"https:\/\/opter.com\/da\/wp-json\/wp\/v2\/users\/18"}],"replies":[{"embeddable":true,"href":"https:\/\/opter.com\/da\/wp-json\/wp\/v2\/comments?post=6185"}],"version-history":[{"count":11,"href":"https:\/\/opter.com\/da\/wp-json\/wp\/v2\/pages\/6185\/revisions"}],"predecessor-version":[{"id":15255,"href":"https:\/\/opter.com\/da\/wp-json\/wp\/v2\/pages\/6185\/revisions\/15255"}],"wp:featuredmedia":[{"embeddable":true,"href":"https:\/\/opter.com\/da\/wp-json\/wp\/v2\/media\/6127"}],"wp:attachment":[{"href":"https:\/\/opter.com\/da\/wp-json\/wp\/v2\/media?parent=6185"}],"curies":[{"name":"wp","href":"https:\/\/api.w.org\/{rel}","templated":true}]}}