{"id":7380,"date":"2022-02-17T14:52:12","date_gmt":"2022-02-17T13:52:12","guid":{"rendered":"https:\/\/opter.com\/?page_id=7380"},"modified":"2025-12-01T11:22:50","modified_gmt":"2025-12-01T10:22:50","slug":"ringstad-transport","status":"publish","type":"page","link":"https:\/\/opter.com\/da\/ringstad-transport\/","title":{"rendered":"Ringstad Transport"},"content":{"rendered":"<div class=\"ImageHeadline\">\n      <div class=\"ImageHeadline-image\" style=\"background-image: url('https:\/\/opter.com\/wp-content\/uploads\/2022\/02\/ringstad-transport-1600-1024x576.png')\">\n      <img loading=\"lazy\" decoding=\"async\" width=\"1024\" height=\"576\" src=\"https:\/\/opter.com\/wp-content\/uploads\/2022\/02\/ringstad-transport-1600-1024x576.png\" class=\"ImageHeadline-img\" alt=\"\" srcset=\"https:\/\/opter.com\/wp-content\/uploads\/2022\/02\/ringstad-transport-1600-1024x576.png 1024w, https:\/\/opter.com\/wp-content\/uploads\/2022\/02\/ringstad-transport-1600-300x169.png 300w, https:\/\/opter.com\/wp-content\/uploads\/2022\/02\/ringstad-transport-1600-768x432.png 768w, https:\/\/opter.com\/wp-content\/uploads\/2022\/02\/ringstad-transport-1600-1536x864.png 1536w, https:\/\/opter.com\/wp-content\/uploads\/2022\/02\/ringstad-transport-1600-1440x810.png 1440w, https:\/\/opter.com\/wp-content\/uploads\/2022\/02\/ringstad-transport-1600.png 1600w\" sizes=\"auto, (max-width: 1024px) 100vw, 1024px\" \/>\n    <\/div>\n    <h2 class=\"ImageHeadline-headline\">\u201dEn tjeneste, der effektiviserer det daglige arbejde.\u201d<\/h2>\n<\/div>\n\n\n\n\n<p><a rel=\"noreferrer noopener\" href=\"https:\/\/www.ringstadtransport.no\/\" target=\"_blank\">Ringstad Transport<\/a> er vokset hurtigt og havde brug for en ny, moderne og digital tjeneste til blandt andet transportplanl\u00e6gning. Da det viste sig, at flere af deres samarbejdspartnere allerede brugte Opter, og at det ville v\u00e6re muligt at oprette forbindelse til dem digitalt via OpterLink, blev det pludselig nemt at v\u00e6lge tjeneste.<\/p>\n\n\n\n<p>Transportdisponenten Bj\u00f8rn Tore Simensen fort\u00e6ller: \u201dOpters funktioner som transportplanl\u00e6gning, chauff\u00f8rapp, Drag &amp; Drop og OpterLink har bidraget til, at vi fortsat har kunnet vokse uden at skulle \u00f8ge vores medarbejderstab. Det er en god indikator for, at tjenesten hj\u00e6lper os med at effektivisere og digitalisere vores organisation og daglige arbejde.\u201d<\/p>\n\n\n\n<h3 class=\"wp-block-heading\">Book en demo!<\/h3>\n\n\n\n<p>Vil du vide mere? Vi viser med gl\u00e6de, hvordan Opter fungerer, og hvor nemt det er at komme i gang.<\/p>\n\n\n<div class=\"BookADemo\">\n    <a class=\"BookADemo-link\" href=\"\/da\/kontakt-os\/book-en-demo\/\">\n      Book en demo\n    <\/a>\n  <\/div>\n\n","protected":false},"excerpt":{"rendered":"<p>Ringstad Transport er vokset hurtigt og havde brug for&hellip;<\/p>\n","protected":false},"author":11,"featured_media":7339,"parent":0,"menu_order":0,"comment_status":"closed","ping_status":"closed","template":"","meta":{"_acf_changed":false,"footnotes":""},"class_list":["post-7380","page","type-page","status-publish","has-post-thumbnail","hentry"],"acf":[],"_links":{"self":[{"href":"https:\/\/opter.com\/da\/wp-json\/wp\/v2\/pages\/7380","targetHints":{"allow":["GET"]}}],"collection":[{"href":"https:\/\/opter.com\/da\/wp-json\/wp\/v2\/pages"}],"about":[{"href":"https:\/\/opter.com\/da\/wp-json\/wp\/v2\/types\/page"}],"author":[{"embeddable":true,"href":"https:\/\/opter.com\/da\/wp-json\/wp\/v2\/users\/11"}],"replies":[{"embeddable":true,"href":"https:\/\/opter.com\/da\/wp-json\/wp\/v2\/comments?post=7380"}],"version-history":[{"count":14,"href":"https:\/\/opter.com\/da\/wp-json\/wp\/v2\/pages\/7380\/revisions"}],"predecessor-version":[{"id":15256,"href":"https:\/\/opter.com\/da\/wp-json\/wp\/v2\/pages\/7380\/revisions\/15256"}],"wp:featuredmedia":[{"embeddable":true,"href":"https:\/\/opter.com\/da\/wp-json\/wp\/v2\/media\/7339"}],"wp:attachment":[{"href":"https:\/\/opter.com\/da\/wp-json\/wp\/v2\/media?parent=7380"}],"curies":[{"name":"wp","href":"https:\/\/api.w.org\/{rel}","templated":true}]}}