{"id":7399,"date":"2022-02-14T10:39:03","date_gmt":"2022-02-14T09:39:03","guid":{"rendered":"https:\/\/opter.com\/piccolo-logistics\/"},"modified":"2025-12-01T11:24:31","modified_gmt":"2025-12-01T10:24:31","slug":"piccolo-logistics","status":"publish","type":"page","link":"https:\/\/opter.com\/da\/piccolo-logistics\/","title":{"rendered":"Piccolo Logistics"},"content":{"rendered":"<div class=\"ImageHeadline\">\n      <div class=\"ImageHeadline-image\" style=\"background-image: url('https:\/\/opter.com\/wp-content\/uploads\/2022\/01\/piccolo-1600-1024x576.png')\">\n      <img loading=\"lazy\" decoding=\"async\" width=\"1024\" height=\"576\" src=\"https:\/\/opter.com\/wp-content\/uploads\/2022\/01\/piccolo-1600-1024x576.png\" class=\"ImageHeadline-img\" alt=\"\" srcset=\"https:\/\/opter.com\/wp-content\/uploads\/2022\/01\/piccolo-1600-1024x576.png 1024w, https:\/\/opter.com\/wp-content\/uploads\/2022\/01\/piccolo-1600-300x169.png 300w, https:\/\/opter.com\/wp-content\/uploads\/2022\/01\/piccolo-1600-768x432.png 768w, https:\/\/opter.com\/wp-content\/uploads\/2022\/01\/piccolo-1600-1536x864.png 1536w, https:\/\/opter.com\/wp-content\/uploads\/2022\/01\/piccolo-1600-1440x810.png 1440w, https:\/\/opter.com\/wp-content\/uploads\/2022\/01\/piccolo-1600.png 1600w\" sizes=\"auto, (max-width: 1024px) 100vw, 1024px\" \/>\n    <\/div>\n    <h2 class=\"ImageHeadline-headline\">\u201dEt omkostningseffektivt og fleksibelt system.\u201d<\/h2>\n<\/div>\n\n\n\n\n<p>Opter er et meget omkostningseffektivt v\u00e6rkt\u00f8j, der hj\u00e6lper <a rel=\"noreferrer noopener\" href=\"https:\/\/www.piccolo.fi\" target=\"_blank\">Piccolo Logistics<\/a> med at f\u00e5 alle de n\u00f8dvendige bestillingsopgaver. Samtidigt kan kunden nemt tilg\u00e5 kvitteringsoplysningerne i systemet. Chauff\u00f8rappen Opter Driver, som kan downloades til mobilen, g\u00f8r det muligt at kommunikere med chauff\u00f8rerne, s\u00e5 de p\u00e5 f\u00e5 minutter kan f\u00e5 alle oplysninger om en bestilling.<\/p>\n\n\n\n<p>\u201dSt\u00f8rstedelen af afhentningerne og leveringerne foretages hos os indenfor et par timer, og Opter er meget velegnet til dette travle arbejde. Jeg synes desuden, at modellen med aftaler, der g\u00e6lder p\u00e5 ubestemt tid og uden tidsbegr\u00e6nsning, vidner om et godt og p\u00e5lideligt system, som man ikke \u00f8nsker at opgive, n\u00e5r man f\u00f8rst er begyndt at bruge det,\u201d fort\u00e6ller Yvonne Wentj\u00e4rvi-Granlund, som er \u00f8konomi- og personalechef.<\/p>\n\n\n\n<p>En vigtig faktor ved valget af system var ogs\u00e5, at det ikke kr\u00e6vede en stor engangsinvestering, og at det m\u00e5nedlige gebyr var rimeligt. En anden fordel med Opter if\u00f8lge Piccolo Logistics er, at systemet kan tilpasses, og at man kan foretage disse \u00e6ndringer selv uden at skulle vente og betale ekstra.<\/p>\n\n\n\n<h3 class=\"wp-block-heading\">Book en demo!<\/h3>\n\n\n\n<p>Vil du vide mere? Vi viser med gl\u00e6de, hvordan Opter kan effektivisere din virksomhed.<\/p>\n\n\n<div class=\"BookADemo\">\n    <a class=\"BookADemo-link\" href=\"\/da\/kontakt-os\/book-en-demo\/\">\n      Boka demo\n    <\/a>\n  <\/div>\n\n","protected":false},"excerpt":{"rendered":"<p>Opter er et meget omkostningseffektivt v\u00e6rkt\u00f8j, der hj\u00e6lper Piccolo&hellip;<\/p>\n","protected":false},"author":18,"featured_media":7265,"parent":0,"menu_order":0,"comment_status":"closed","ping_status":"closed","template":"","meta":{"_acf_changed":false,"footnotes":""},"class_list":["post-7399","page","type-page","status-publish","has-post-thumbnail","hentry"],"acf":[],"_links":{"self":[{"href":"https:\/\/opter.com\/da\/wp-json\/wp\/v2\/pages\/7399","targetHints":{"allow":["GET"]}}],"collection":[{"href":"https:\/\/opter.com\/da\/wp-json\/wp\/v2\/pages"}],"about":[{"href":"https:\/\/opter.com\/da\/wp-json\/wp\/v2\/types\/page"}],"author":[{"embeddable":true,"href":"https:\/\/opter.com\/da\/wp-json\/wp\/v2\/users\/18"}],"replies":[{"embeddable":true,"href":"https:\/\/opter.com\/da\/wp-json\/wp\/v2\/comments?post=7399"}],"version-history":[{"count":11,"href":"https:\/\/opter.com\/da\/wp-json\/wp\/v2\/pages\/7399\/revisions"}],"predecessor-version":[{"id":15243,"href":"https:\/\/opter.com\/da\/wp-json\/wp\/v2\/pages\/7399\/revisions\/15243"}],"wp:featuredmedia":[{"embeddable":true,"href":"https:\/\/opter.com\/da\/wp-json\/wp\/v2\/media\/7265"}],"wp:attachment":[{"href":"https:\/\/opter.com\/da\/wp-json\/wp\/v2\/media?parent=7399"}],"curies":[{"name":"wp","href":"https:\/\/api.w.org\/{rel}","templated":true}]}}