{"id":8340,"date":"2022-10-24T14:10:29","date_gmt":"2022-10-24T12:10:29","guid":{"rendered":"https:\/\/opter.com\/?page_id=8340"},"modified":"2025-12-01T11:45:59","modified_gmt":"2025-12-01T10:45:59","slug":"loadmaster","status":"publish","type":"page","link":"https:\/\/opter.com\/da\/loadmaster\/","title":{"rendered":"LoadMaster"},"content":{"rendered":"<div class=\"ImageHeadline\">\n      <div class=\"ImageHeadline-image\" style=\"background-image: url('https:\/\/opter.com\/wp-content\/uploads\/2022\/09\/are-elgaen-loadmaster-1600-1024x576.png')\">\n      <img loading=\"lazy\" decoding=\"async\" width=\"1024\" height=\"576\" src=\"https:\/\/opter.com\/wp-content\/uploads\/2022\/09\/are-elgaen-loadmaster-1600-1024x576.png\" class=\"ImageHeadline-img\" alt=\"\" srcset=\"https:\/\/opter.com\/wp-content\/uploads\/2022\/09\/are-elgaen-loadmaster-1600-1024x576.png 1024w, https:\/\/opter.com\/wp-content\/uploads\/2022\/09\/are-elgaen-loadmaster-1600-300x169.png 300w, https:\/\/opter.com\/wp-content\/uploads\/2022\/09\/are-elgaen-loadmaster-1600-768x432.png 768w, https:\/\/opter.com\/wp-content\/uploads\/2022\/09\/are-elgaen-loadmaster-1600-1536x864.png 1536w, https:\/\/opter.com\/wp-content\/uploads\/2022\/09\/are-elgaen-loadmaster-1600-1440x810.png 1440w, https:\/\/opter.com\/wp-content\/uploads\/2022\/09\/are-elgaen-loadmaster-1600.png 1600w\" sizes=\"auto, (max-width: 1024px) 100vw, 1024px\" \/>\n    <\/div>\n    <h2 class=\"ImageHeadline-headline\">\u201dN\u00e5r du v\u00e6lger Opter, investerer du i et system, der kan v\u00e6re med dig hele vejen.\u201d<\/h2>\n<\/div>\n\n\n\n\n<p>En af Opters f\u00f8rste kunder i Norge var <a href=\"http:\/\/loadmaster.no\" data-type=\"URL\" data-id=\"loadmaster.no\">LoadMaster AS<\/a> i Lillestr\u00f8m. Virksomheden har 16 ansatte og benytter egne k\u00f8ret\u00f8jer til transport, men LoadMaster bruger frem for alt Opter til at bestille transport til sine underleverand\u00f8rer. LoadMasters administrerende direkt\u00f8r Are Elg\u00e5en siger, at valget faldt p\u00e5 Opter, fordi det har en funktionalitet, der 100 % matcher alle st\u00f8rre systemer p\u00e5 markedet.<\/p>\n\n\n\n<p>\u201dDet er en investering i et system, der kan v\u00e6re med dig hele vejen. Opter g\u00f8r det muligt at indf\u00f8re en h\u00f8j grad af automatisering. Udnyt jeres ekspertise, n\u00e5r I opretter systemet, s\u00e5 hele virksomheden dagligt kan f\u00e5 gavn af det.\u201d<\/p>\n\n\n\n<p>\u201dDu kan begynde at bruge Opter med blot det grundl\u00e6ggende i systemet, men alt er der&#8221;, siger Are, som har stor erfaring med Opter. Alle kunder har samme muligheder og funktioner. Det fungerer for et lille budfirma med tre biler og opefter. Med automatisering har b\u00e5de LoadMaster og underleverand\u00f8rer kunnet flytte fokus fra administration til kvalitet og opf\u00f8lgning.<\/p>\n\n\n\n<p>\u201dI en branche med lave fortjenstmargener er det kun st\u00f8rre m\u00e6ngder, som kan give st\u00f8rre overskud\u201d, siger Are Elg\u00e5en. \u201dOg st\u00f8rre m\u00e6ngder kan opn\u00e5s ved hj\u00e6lp af effektivisering. Transportprisen vil altid v\u00e6re den samme.\u201d<\/p>\n\n\n\n<h3 class=\"wp-block-heading\">Book en demo!<\/h3>\n\n\n\n<p>Vil du vide mere? Vi viser dig gerne, hvordan Opter fungerer, og hvor nemt det er at komme i gang.<\/p>\n\n\n<div class=\"BookADemo\">\n    <a class=\"BookADemo-link\" href=\"\/da\/kontakt-os\/book-en-demo\/\">\n      Boka demo\n    <\/a>\n  <\/div>\n\n","protected":false},"excerpt":{"rendered":"<p>En af Opters f\u00f8rste kunder i Norge var LoadMaster&hellip;<\/p>\n","protected":false},"author":18,"featured_media":8220,"parent":0,"menu_order":0,"comment_status":"closed","ping_status":"closed","template":"","meta":{"_acf_changed":false,"footnotes":""},"class_list":["post-8340","page","type-page","status-publish","has-post-thumbnail","hentry"],"acf":[],"_links":{"self":[{"href":"https:\/\/opter.com\/da\/wp-json\/wp\/v2\/pages\/8340","targetHints":{"allow":["GET"]}}],"collection":[{"href":"https:\/\/opter.com\/da\/wp-json\/wp\/v2\/pages"}],"about":[{"href":"https:\/\/opter.com\/da\/wp-json\/wp\/v2\/types\/page"}],"author":[{"embeddable":true,"href":"https:\/\/opter.com\/da\/wp-json\/wp\/v2\/users\/18"}],"replies":[{"embeddable":true,"href":"https:\/\/opter.com\/da\/wp-json\/wp\/v2\/comments?post=8340"}],"version-history":[{"count":4,"href":"https:\/\/opter.com\/da\/wp-json\/wp\/v2\/pages\/8340\/revisions"}],"predecessor-version":[{"id":15273,"href":"https:\/\/opter.com\/da\/wp-json\/wp\/v2\/pages\/8340\/revisions\/15273"}],"wp:featuredmedia":[{"embeddable":true,"href":"https:\/\/opter.com\/da\/wp-json\/wp\/v2\/media\/8220"}],"wp:attachment":[{"href":"https:\/\/opter.com\/da\/wp-json\/wp\/v2\/media?parent=8340"}],"curies":[{"name":"wp","href":"https:\/\/api.w.org\/{rel}","templated":true}]}}