{"id":8342,"date":"2022-10-24T14:09:25","date_gmt":"2022-10-24T12:09:25","guid":{"rendered":"https:\/\/opter.com\/?page_id=8342"},"modified":"2025-12-01T11:42:45","modified_gmt":"2025-12-01T10:42:45","slug":"itide-as","status":"publish","type":"page","link":"https:\/\/opter.com\/da\/itide-as\/","title":{"rendered":"Itide AS"},"content":{"rendered":"<div class=\"ImageHeadline\">\n      <div class=\"ImageHeadline-image\" style=\"background-image: url('https:\/\/opter.com\/wp-content\/uploads\/2022\/09\/itide-1600-1-1024x576.png')\">\n      <img loading=\"lazy\" decoding=\"async\" width=\"1024\" height=\"576\" src=\"https:\/\/opter.com\/wp-content\/uploads\/2022\/09\/itide-1600-1-1024x576.png\" class=\"ImageHeadline-img\" alt=\"\" srcset=\"https:\/\/opter.com\/wp-content\/uploads\/2022\/09\/itide-1600-1-1024x576.png 1024w, https:\/\/opter.com\/wp-content\/uploads\/2022\/09\/itide-1600-1-300x169.png 300w, https:\/\/opter.com\/wp-content\/uploads\/2022\/09\/itide-1600-1-768x432.png 768w, https:\/\/opter.com\/wp-content\/uploads\/2022\/09\/itide-1600-1-1536x864.png 1536w, https:\/\/opter.com\/wp-content\/uploads\/2022\/09\/itide-1600-1-1440x810.png 1440w, https:\/\/opter.com\/wp-content\/uploads\/2022\/09\/itide-1600-1.png 1600w\" sizes=\"auto, (max-width: 1024px) 100vw, 1024px\" \/>\n    <\/div>\n    <h2 class=\"ImageHeadline-headline\">\u201dN\u00e5r vi arbejder mere effektivt, frig\u00f8r vi kapacitet.\u201d<\/h2>\n<\/div>\n\n\n\n\n<p><a href=\"https:\/\/itide.no\/\">Itide AS<\/a> har brugt Opter som TMS-system siden 2016. Efterh\u00e5nden som virksomheden voksede, havde de behov for et fleksibelt system, der kunne skaleres op i samme tempo.<\/p>\n\n\n\n<p>\u201dVi valgte Opter for at f\u00e5 alle operative logistikfunktioner samlet \u00e9t sted og optimere vores processer\u201d, siger Mie Marlene Fjeldheim, projektkoordinator hos Itide.<\/p>\n\n\n\n<p>Siden Itide blev grundlagt i 2008 har virksomheden haft fokus p\u00e5 personlige relationer, kvalitet og p\u00e5 at v\u00e6re et transportfirma, der kommer \u201dtil tiden\u201d. I dag har de en vognpark med 27 k\u00f8ret\u00f8jer i forskellige st\u00f8rrelser. De tjenester, der tilbydes, er frem for alt transport af varer med levering samme eller n\u00e6ste dag. Derudover tilbyder de ogs\u00e5 tjenester indenfor lagerlogistik.<\/p>\n\n\n\n<p>N\u00e5r konkurrencen er h\u00e5rd, er det altafg\u00f8rende at kontrollere priser, omkostninger, kvalitet, afvigelser og fuld sporing af forsendelser. Itide bruger Opter til at samle alle aktiviteter i forbindelse med en ordre i \u00e9t v\u00e6rkt\u00f8j. Mie Marlene Fjeldheim mener, at selve v\u00e6rkt\u00f8jet til transportplanl\u00e6gning giver et godt overblik for den bedst mulige planl\u00e6gning, automatisering og ruteoptimering.<\/p>\n\n\n\n<p>\u201dI en travl hverdag er et simpelt redskab afg\u00f8rende for komplicerede logistikoperationer. N\u00e5r vi arbejder mere effektivt, frig\u00f8r vi kapacitet, s\u00e5 vi kan fokusere p\u00e5 de rigtige ting.\u201d konkluderer hun.<\/p>\n\n\n\n<h3 class=\"wp-block-heading\">Book en demo!<\/h3>\n\n\n\n<p>Vil du vide mere? Vi viser dig gerne, hvordan Opter fungerer, og hvor nemt det er at komme i gang.<\/p>\n\n\n<div class=\"BookADemo\">\n    <a class=\"BookADemo-link\" href=\"\/da\/kontakt-os\/book-en-demo\/\">\n      Boka demo\n    <\/a>\n  <\/div>\n\n","protected":false},"excerpt":{"rendered":"<p>Itide AS har brugt Opter som TMS-system siden 2016.&hellip;<\/p>\n","protected":false},"author":18,"featured_media":8237,"parent":0,"menu_order":0,"comment_status":"closed","ping_status":"closed","template":"","meta":{"_acf_changed":false,"footnotes":""},"class_list":["post-8342","page","type-page","status-publish","has-post-thumbnail","hentry"],"acf":[],"_links":{"self":[{"href":"https:\/\/opter.com\/da\/wp-json\/wp\/v2\/pages\/8342","targetHints":{"allow":["GET"]}}],"collection":[{"href":"https:\/\/opter.com\/da\/wp-json\/wp\/v2\/pages"}],"about":[{"href":"https:\/\/opter.com\/da\/wp-json\/wp\/v2\/types\/page"}],"author":[{"embeddable":true,"href":"https:\/\/opter.com\/da\/wp-json\/wp\/v2\/users\/18"}],"replies":[{"embeddable":true,"href":"https:\/\/opter.com\/da\/wp-json\/wp\/v2\/comments?post=8342"}],"version-history":[{"count":3,"href":"https:\/\/opter.com\/da\/wp-json\/wp\/v2\/pages\/8342\/revisions"}],"predecessor-version":[{"id":15268,"href":"https:\/\/opter.com\/da\/wp-json\/wp\/v2\/pages\/8342\/revisions\/15268"}],"wp:featuredmedia":[{"embeddable":true,"href":"https:\/\/opter.com\/da\/wp-json\/wp\/v2\/media\/8237"}],"wp:attachment":[{"href":"https:\/\/opter.com\/da\/wp-json\/wp\/v2\/media?parent=8342"}],"curies":[{"name":"wp","href":"https:\/\/api.w.org\/{rel}","templated":true}]}}