{"id":8678,"date":"2022-12-13T14:32:58","date_gmt":"2022-12-13T13:32:58","guid":{"rendered":"https:\/\/opter.com\/?page_id=8678"},"modified":"2025-12-01T11:47:44","modified_gmt":"2025-12-01T10:47:44","slug":"redningsverket","status":"publish","type":"page","link":"https:\/\/opter.com\/da\/redningsverket\/","title":{"rendered":"Redningsverket"},"content":{"rendered":"<div class=\"ImageHeadline\">\n      <div class=\"ImageHeadline-image\" style=\"background-image: url('https:\/\/opter.com\/wp-content\/uploads\/2022\/12\/redningsverket-1600x900-2-1024x576.png')\">\n      <img loading=\"lazy\" decoding=\"async\" width=\"1024\" height=\"576\" src=\"https:\/\/opter.com\/wp-content\/uploads\/2022\/12\/redningsverket-1600x900-2-1024x576.png\" class=\"ImageHeadline-img\" alt=\"\" srcset=\"https:\/\/opter.com\/wp-content\/uploads\/2022\/12\/redningsverket-1600x900-2-1024x576.png 1024w, https:\/\/opter.com\/wp-content\/uploads\/2022\/12\/redningsverket-1600x900-2-300x169.png 300w, https:\/\/opter.com\/wp-content\/uploads\/2022\/12\/redningsverket-1600x900-2-768x432.png 768w, https:\/\/opter.com\/wp-content\/uploads\/2022\/12\/redningsverket-1600x900-2-1536x864.png 1536w, https:\/\/opter.com\/wp-content\/uploads\/2022\/12\/redningsverket-1600x900-2-1440x810.png 1440w, https:\/\/opter.com\/wp-content\/uploads\/2022\/12\/redningsverket-1600x900-2.png 1600w\" sizes=\"auto, (max-width: 1024px) 100vw, 1024px\" \/>\n    <\/div>\n    <h2 class=\"ImageHeadline-headline\">\u201cOpter sparer tid og forbedrer vores cashflow.\u201d<\/h2>\n<\/div>\n\n\n\n\n<p>Som en af Norges st\u00f8rste virksomheder inden for vejhj\u00e6lp har <a href=\"https:\/\/redningsverket.no\/\" target=\"_blank\" rel=\"noreferrer noopener\">Redningsverket<\/a> arbejde d\u00f8gnet rundt. Til transportopgaver ud over bugsering havde de brug for et system, der kunne levere p\u00e5 flere fronter \u2013 blandt andet at give bedre overblik og kontrol, at im\u00f8dekomme kundernes stigende krav til information og rapportering og at lette faktureringsprocessen. <\/p>\n\n\n\n<p>Efter at have testet en r\u00e6kke systemer faldt valget p\u00e5 Opter, som blev anbefalet af flere kunder. \u201dVi mener, at Opter har meget af det, som vores kunder eftersp\u00f8rger i fremtiden. Det bruges aktivt som et salgsargument i vores udbud og pr\u00e6sentationer,\u201d fort\u00e6ller Per Anders Peterson, der er driftschef i virksomheden. Han fremh\u00e6ver, at det er nemt at distribuere til bilerne og letter kommunikationen mellem k\u00f8rselskontoret og chauff\u00f8rerne.<\/p>\n\n\n\n<p>\u201dDen st\u00f8rste forbedring er, at faktureringsprocesserne er blevet automatiseret og kan udf\u00f8res dagligt. Det sparer tid og forbedrer vores cashflow. Vores kunder kan ogs\u00e5 m\u00e6rke en forskel!\u201d<\/p>\n\n\n\n<h3 class=\"wp-block-heading\" id=\"block-720e0d76-aa94-4182-bff7-d127c7a2bc4a\">Book en demo!<\/h3>\n\n\n\n<p id=\"block-67e5485d-1fb8-4396-9c03-186489bbc6e9\">Vil du vide mere? Vi viser dig gerne, hvordan Opter fungerer, og hvor nemt det er at komme i gang.<\/p>\n\n\n<div class=\"BookADemo\">\n    <a class=\"BookADemo-link\" href=\"\/da\/kontakt-os\/book-en-demo\/\">\n      Book en demo\n    <\/a>\n  <\/div>\n\n","protected":false},"excerpt":{"rendered":"<p>Som en af Norges st\u00f8rste virksomheder inden for vejhj\u00e6lp&hellip;<\/p>\n","protected":false},"author":18,"featured_media":8661,"parent":0,"menu_order":0,"comment_status":"closed","ping_status":"closed","template":"","meta":{"_acf_changed":false,"footnotes":""},"class_list":["post-8678","page","type-page","status-publish","has-post-thumbnail","hentry"],"acf":[],"_links":{"self":[{"href":"https:\/\/opter.com\/da\/wp-json\/wp\/v2\/pages\/8678","targetHints":{"allow":["GET"]}}],"collection":[{"href":"https:\/\/opter.com\/da\/wp-json\/wp\/v2\/pages"}],"about":[{"href":"https:\/\/opter.com\/da\/wp-json\/wp\/v2\/types\/page"}],"author":[{"embeddable":true,"href":"https:\/\/opter.com\/da\/wp-json\/wp\/v2\/users\/18"}],"replies":[{"embeddable":true,"href":"https:\/\/opter.com\/da\/wp-json\/wp\/v2\/comments?post=8678"}],"version-history":[{"count":7,"href":"https:\/\/opter.com\/da\/wp-json\/wp\/v2\/pages\/8678\/revisions"}],"predecessor-version":[{"id":15276,"href":"https:\/\/opter.com\/da\/wp-json\/wp\/v2\/pages\/8678\/revisions\/15276"}],"wp:featuredmedia":[{"embeddable":true,"href":"https:\/\/opter.com\/da\/wp-json\/wp\/v2\/media\/8661"}],"wp:attachment":[{"href":"https:\/\/opter.com\/da\/wp-json\/wp\/v2\/media?parent=8678"}],"curies":[{"name":"wp","href":"https:\/\/api.w.org\/{rel}","templated":true}]}}