{"id":8889,"date":"2023-01-12T13:31:13","date_gmt":"2023-01-12T12:31:13","guid":{"rendered":"https:\/\/opter.com\/?page_id=8889"},"modified":"2023-01-12T23:08:09","modified_gmt":"2023-01-12T22:08:09","slug":"orland-transport","status":"publish","type":"page","link":"https:\/\/opter.com\/da\/orland-transport\/","title":{"rendered":"\u00d8rland Transport"},"content":{"rendered":"<div class=\"ImageHeadline\">\n      <div class=\"ImageHeadline-image\" style=\"background-image: url('https:\/\/opter.com\/wp-content\/uploads\/2022\/12\/orland-transport-sindre-ross-1600x900-2-1024x576.png')\">\n      <img loading=\"lazy\" decoding=\"async\" width=\"1024\" height=\"576\" src=\"https:\/\/opter.com\/wp-content\/uploads\/2022\/12\/orland-transport-sindre-ross-1600x900-2-1024x576.png\" class=\"ImageHeadline-img\" alt=\"\u00d8rland Transport - Sindre Ross\" srcset=\"https:\/\/opter.com\/wp-content\/uploads\/2022\/12\/orland-transport-sindre-ross-1600x900-2-1024x576.png 1024w, https:\/\/opter.com\/wp-content\/uploads\/2022\/12\/orland-transport-sindre-ross-1600x900-2-300x169.png 300w, https:\/\/opter.com\/wp-content\/uploads\/2022\/12\/orland-transport-sindre-ross-1600x900-2-768x432.png 768w, https:\/\/opter.com\/wp-content\/uploads\/2022\/12\/orland-transport-sindre-ross-1600x900-2-1536x864.png 1536w, https:\/\/opter.com\/wp-content\/uploads\/2022\/12\/orland-transport-sindre-ross-1600x900-2-1440x810.png 1440w, https:\/\/opter.com\/wp-content\/uploads\/2022\/12\/orland-transport-sindre-ross-1600x900-2.png 1600w\" sizes=\"auto, (max-width: 1024px) 100vw, 1024px\" \/>\n    <\/div>\n    <h2 class=\"ImageHeadline-headline\">\u201dSkyl\u00f8sningen med Opter Cloud kr\u00e6ver f\u00e6rre ressourcer fra os.\u201d<\/h2>\n<\/div>\n\n\n\n\n<p>I l\u00f8bet af 95 \u00e5r er <a rel=\"noreferrer noopener\" href=\"https:\/\/www.orlandtransport.no\/\" target=\"_blank\">\u00d8rland Transport<\/a> vokset fra at transportere br\u00e6nde med en lastbil til at v\u00e6re et transportfirma med over 200 ansatte og 180 forskellige biler og trailere til alle typer transportopgaver.<\/p>\n\n\n\n<p>Opter har givet \u00d8rland og deres kunder et bedre overblik over transporterne. \u00d8rlands transportstyring har fuld kontrol over ordreprocessen, og i kundeportalen kan kunderne se priser, ordrestatus, forventet leveringstidspunkt og andre oplysninger.<\/p>\n\n\n\n<p>\u201dOpter hj\u00e6lper os med at servicere vores kunder bedre. Vi bruger mindre tid p\u00e5 systemerne og mere tid p\u00e5 de opgaver, vi skal l\u00f8se,\u201d siger Sindre Ross, der er IT-ansvarlig.<\/p>\n\n\n\n<p>En vigtig faktor, da valget faldt p\u00e5 et transportplanl\u00e6gningssystem, var den fleksibilitet, som Opter tilbyder med sin skyplatform, Opter Cloud. Det er en l\u00f8sning, som kr\u00e6ver f\u00e6rre ressourcer fra \u00d8rland. Sindre Ross fort\u00e6ller, at de ogs\u00e5 s\u00e5 muligheden for at tilpasse Opters transportstyring til deres egne behov for at opn\u00e5 en mere effektiv ordreh\u00e5ndtering.<\/p>\n\n\n\n<p>\u201dVi f\u00e5r hj\u00e6lp til det, vi ikke selv kan klare, og det gode er, at Opter ogs\u00e5 pr\u00f8ver at l\u00e6re os at l\u00f8se tingene p\u00e5 egen h\u00e5nd. Vi bliver mere selvst\u00e6ndige og f\u00e5r mere intern viden, samtidig med at konsulentomkostningerne reduceres.\u201d<\/p>\n\n\n\n<h3 class=\"wp-block-heading\">Book en demo!<\/h3>\n\n\n\n<p>Vil du vide mere? Vi viser dig gerne, hvordan Opter fungerer, og hvor nemt det er at komme i gang.<\/p>\n\n\n<div class=\"BookADemo\">\n    <a class=\"BookADemo-link\" href=\"\/da\/kontakt-os\/book-en-demo\/\">\n      Book en demo\n    <\/a>\n  <\/div>\n\n","protected":false},"excerpt":{"rendered":"<p>I l\u00f8bet af 95 \u00e5r er \u00d8rland Transport vokset&hellip;<\/p>\n","protected":false},"author":18,"featured_media":8855,"parent":0,"menu_order":0,"comment_status":"closed","ping_status":"closed","template":"","meta":{"_acf_changed":false,"footnotes":""},"class_list":["post-8889","page","type-page","status-publish","has-post-thumbnail","hentry"],"acf":[],"_links":{"self":[{"href":"https:\/\/opter.com\/da\/wp-json\/wp\/v2\/pages\/8889","targetHints":{"allow":["GET"]}}],"collection":[{"href":"https:\/\/opter.com\/da\/wp-json\/wp\/v2\/pages"}],"about":[{"href":"https:\/\/opter.com\/da\/wp-json\/wp\/v2\/types\/page"}],"author":[{"embeddable":true,"href":"https:\/\/opter.com\/da\/wp-json\/wp\/v2\/users\/18"}],"replies":[{"embeddable":true,"href":"https:\/\/opter.com\/da\/wp-json\/wp\/v2\/comments?post=8889"}],"version-history":[{"count":2,"href":"https:\/\/opter.com\/da\/wp-json\/wp\/v2\/pages\/8889\/revisions"}],"predecessor-version":[{"id":8930,"href":"https:\/\/opter.com\/da\/wp-json\/wp\/v2\/pages\/8889\/revisions\/8930"}],"wp:featuredmedia":[{"embeddable":true,"href":"https:\/\/opter.com\/da\/wp-json\/wp\/v2\/media\/8855"}],"wp:attachment":[{"href":"https:\/\/opter.com\/da\/wp-json\/wp\/v2\/media?parent=8889"}],"curies":[{"name":"wp","href":"https:\/\/api.w.org\/{rel}","templated":true}]}}