{"id":9269,"date":"2023-02-21T10:51:22","date_gmt":"2023-02-21T09:51:22","guid":{"rendered":"https:\/\/opter.com\/?page_id=9269"},"modified":"2025-12-01T11:11:23","modified_gmt":"2025-12-01T10:11:23","slug":"flemmings-containertransport","status":"publish","type":"page","link":"https:\/\/opter.com\/da\/flemmings-containertransport\/","title":{"rendered":"Flemmings Containertransport ApS"},"content":{"rendered":"<div class=\"ImageHeadline\">\n      <div class=\"ImageHeadline-image\" style=\"background-image: url('https:\/\/opter.com\/wp-content\/uploads\/2023\/02\/flemmings-1600x900-1-1024x576.png')\">\n      <img loading=\"lazy\" decoding=\"async\" width=\"1024\" height=\"576\" src=\"https:\/\/opter.com\/wp-content\/uploads\/2023\/02\/flemmings-1600x900-1-1024x576.png\" class=\"ImageHeadline-img\" alt=\"\" srcset=\"https:\/\/opter.com\/wp-content\/uploads\/2023\/02\/flemmings-1600x900-1-1024x576.png 1024w, https:\/\/opter.com\/wp-content\/uploads\/2023\/02\/flemmings-1600x900-1-300x169.png 300w, https:\/\/opter.com\/wp-content\/uploads\/2023\/02\/flemmings-1600x900-1-768x432.png 768w, https:\/\/opter.com\/wp-content\/uploads\/2023\/02\/flemmings-1600x900-1-1536x864.png 1536w, https:\/\/opter.com\/wp-content\/uploads\/2023\/02\/flemmings-1600x900-1-1440x810.png 1440w, https:\/\/opter.com\/wp-content\/uploads\/2023\/02\/flemmings-1600x900-1.png 1600w\" sizes=\"auto, (max-width: 1024px) 100vw, 1024px\" \/>\n    <\/div>\n    <h2 class=\"ImageHeadline-headline\">\u201dVi har f\u00e5et et bedre overblik og kan yde mere automatiseret service.\u201d<\/h2>\n<\/div>\n\n\n\n\n<p>Siden <a rel=\"noreferrer noopener\" href=\"http:\/\/www.flemmings-container.dk\/\" target=\"_blank\">Flemmings Containertransport<\/a> begyndte at bruge Opter, har de f\u00e5et et bedre overblik og mere tid til andre ting, siger ejer Anders Kjeldgaard. Virksomheden besk\u00e6ftiger ti personer og har aktiviteter inden for affaldsh\u00e5ndtering, containerudlejning, forsendelse af byggematerialer og kranmontering. <\/p>\n\n\n\n<p>Da Flemmings skulle v\u00e6lge et nyt TMS-system, var det Opter, der passede bedst til deres behov for ordreh\u00e5ndtering, ordremodtagelse, planl\u00e6gning, opf\u00f8lgning og fakturering.<\/p>\n\n\n\n<p>\u201dChauff\u00f8rappen g\u00f8r ogs\u00e5 en stor forskel, for at se hvor bilerne er under dagen. Vi skal ogs\u00e5 i gang med automatiske adviseringer og bookingportalen s\u00e5 kunderne selv kan booke sine opgaver.\u201d<\/p>\n\n\n\n<p>Hvor det tidligere var n\u00f8dvendigt med telefonopkald, sms&#8217;er og besv\u00e6rlig kommunikation, har Opter Driver-appen gjort det nemt at vedh\u00e6fte alle de n\u00f8dvendige oplysninger sammen med en opgave. Chauff\u00f8ren har direkte adgang til fotos, fragtbreve og andre dokumenter.<\/p>\n\n\n\n<p>Anders Kjeldgaard ser ogs\u00e5, at Opter kan hj\u00e6lpe Flemmings Containertransport i fremtiden, f.eks. med markedets stigende behov for rapporter. \u201dVi har store krav p\u00e5 co2 og milj\u00f8rapporter i vores branche, det kan Opter hj\u00e6lpe med det g\u00f8r en stor forskel i vores salgsarbejde\u201d, slutter han.<\/p>\n\n\n\n<h3 class=\"wp-block-heading\">Book en demo!<\/h3>\n\n\n\n<p>Vil du vide mere? Vi viser med gl\u00e6de, hvordan Opter fungerer, og hvor nemt det er at komme i gang.<\/p>\n\n\n<div class=\"BookADemo\">\n    <a class=\"BookADemo-link\" href=\"\/kontakt-os\/book-en-demo\/\">\n      Book en demo\n    <\/a>\n  <\/div>\n\n","protected":false},"excerpt":{"rendered":"<p>Siden Flemmings Containertransport begyndte at bruge Opter, har de&hellip;<\/p>\n","protected":false},"author":18,"featured_media":9254,"parent":0,"menu_order":0,"comment_status":"closed","ping_status":"closed","template":"","meta":{"_acf_changed":false,"footnotes":""},"class_list":["post-9269","page","type-page","status-publish","has-post-thumbnail","hentry"],"acf":[],"_links":{"self":[{"href":"https:\/\/opter.com\/da\/wp-json\/wp\/v2\/pages\/9269","targetHints":{"allow":["GET"]}}],"collection":[{"href":"https:\/\/opter.com\/da\/wp-json\/wp\/v2\/pages"}],"about":[{"href":"https:\/\/opter.com\/da\/wp-json\/wp\/v2\/types\/page"}],"author":[{"embeddable":true,"href":"https:\/\/opter.com\/da\/wp-json\/wp\/v2\/users\/18"}],"replies":[{"embeddable":true,"href":"https:\/\/opter.com\/da\/wp-json\/wp\/v2\/comments?post=9269"}],"version-history":[{"count":13,"href":"https:\/\/opter.com\/da\/wp-json\/wp\/v2\/pages\/9269\/revisions"}],"predecessor-version":[{"id":15246,"href":"https:\/\/opter.com\/da\/wp-json\/wp\/v2\/pages\/9269\/revisions\/15246"}],"wp:featuredmedia":[{"embeddable":true,"href":"https:\/\/opter.com\/da\/wp-json\/wp\/v2\/media\/9254"}],"wp:attachment":[{"href":"https:\/\/opter.com\/da\/wp-json\/wp\/v2\/media?parent=9269"}],"curies":[{"name":"wp","href":"https:\/\/api.w.org\/{rel}","templated":true}]}}