{"id":10189,"date":"2023-08-16T15:11:04","date_gmt":"2023-08-16T13:11:04","guid":{"rendered":"https:\/\/opter.com\/norfragt-aps\/"},"modified":"2025-09-09T15:12:54","modified_gmt":"2025-09-09T13:12:54","slug":"norfragt-aps","status":"publish","type":"page","link":"https:\/\/opter.com\/fi\/norfragt-aps\/","title":{"rendered":"Norfragt ApS"},"content":{"rendered":"<div class=\"ImageHeadline\">\n      <div class=\"ImageHeadline-image\" style=\"background-image: url('https:\/\/opter.com\/wp-content\/uploads\/2023\/08\/norfragt-1600x900-4-1024x576.png')\">\n      <img loading=\"lazy\" decoding=\"async\" width=\"1024\" height=\"576\" src=\"https:\/\/opter.com\/wp-content\/uploads\/2023\/08\/norfragt-1600x900-4-1024x576.png\" class=\"ImageHeadline-img\" alt=\"\" srcset=\"https:\/\/opter.com\/wp-content\/uploads\/2023\/08\/norfragt-1600x900-4-1024x576.png 1024w, https:\/\/opter.com\/wp-content\/uploads\/2023\/08\/norfragt-1600x900-4-300x169.png 300w, https:\/\/opter.com\/wp-content\/uploads\/2023\/08\/norfragt-1600x900-4-768x432.png 768w, https:\/\/opter.com\/wp-content\/uploads\/2023\/08\/norfragt-1600x900-4-1536x864.png 1536w, https:\/\/opter.com\/wp-content\/uploads\/2023\/08\/norfragt-1600x900-4-1440x810.png 1440w, https:\/\/opter.com\/wp-content\/uploads\/2023\/08\/norfragt-1600x900-4.png 1600w\" sizes=\"auto, (max-width: 1024px) 100vw, 1024px\" \/>\n    <\/div>\n    <h2 class=\"ImageHeadline-headline\">\u201dOli helppo p\u00e4\u00e4st\u00e4 alkuun ja mukauttaa Opter tarpeisiimme\u201d<\/h2>\n<\/div>\n\n\n\n\n<p><a rel=\"noreferrer noopener\" href=\"http:\/\/www.norfragt.dk\" data-type=\"URL\" data-id=\"www.norfragt.dk\" target=\"_blank\">Norfragt ApS<\/a> on kappaletavaraan ja t\u00e4yskuormiin erikoistunut yritys, joka toimii Tanskassa, Ruotsissa, Norjassa ja Saksassa. Yrityksess\u00e4 on viisi ty\u00f6ntekij\u00e4\u00e4 ja se keskittyy tarjoamaan asiakkaille laadukkaita kuljetusratkaisuja.<\/p>\n\n\n\n<p>Norfragt on havainnut Opterin tuoneen useita my\u00f6nteisi\u00e4 vaikutuksia liiketoimintaan. Yksi t\u00e4rkeimmist\u00e4 eduista on merkitt\u00e4v\u00e4 ajans\u00e4\u00e4st\u00f6, sill\u00e4 Opter yksinkertaistaa p\u00e4ivitt\u00e4isi\u00e4 prosesseja ja vapauttaa aikaa muihin teht\u00e4viin. Lis\u00e4ksi Norfragt on saanut paremman yleiskuvan kapasiteetistaan ja pystyy tarjoamaan entist\u00e4 automatisoidumpaa palvelua.<\/p>\n\n\n\n<p>Kun Norfragtin omistaja Nicolai Christensen valitsi yrityksen kuljetusj\u00e4rjestelm\u00e4ksi Opterin vuonna 2020, ratkaisevia tekij\u00f6it\u00e4 olivat k\u00e4ytett\u00e4vyys, kilpailukykyinen hinta ja hyv\u00e4 asiakaspalvelu. My\u00f6s se oli t\u00e4rke\u00e4\u00e4, ett\u00e4 Opter on helppo konfiguroida ja mukauttaa yrityksen erityistarpeisiin. Norfragt jatkaa nyt innolla kuljetuspalveluidensa kasvattamista ja kehitt\u00e4mist\u00e4 ja vahvistaa kyky\u00e4\u00e4n vastata asiakkaiden toiveisiin.<\/p>\n\n\n\n<h3 class=\"wp-block-heading\">Varaa esittely!<\/h3>\n\n\n\n<p>Haluatko kuulla lis\u00e4\u00e4? Kerromme mielell\u00e4mme, miten Opter toimii ja kuinka helposti p\u00e4\u00e4set alkuun.<\/p>\n\n\n<div class=\"BookADemo\">\n    <a class=\"BookADemo-link\" href=\"\/fi\/ota-yhteytta\/\">\n      Varaa demo\n    <\/a>\n  <\/div>\n\n","protected":false},"excerpt":{"rendered":"<p>Norfragt ApS on kappaletavaraan ja t\u00e4yskuormiin erikoistunut yritys, joka&hellip;<\/p>\n","protected":false},"author":18,"featured_media":10202,"parent":0,"menu_order":0,"comment_status":"closed","ping_status":"closed","template":"","meta":{"_acf_changed":false,"footnotes":""},"class_list":["post-10189","page","type-page","status-publish","has-post-thumbnail","hentry"],"acf":[],"_links":{"self":[{"href":"https:\/\/opter.com\/fi\/wp-json\/wp\/v2\/pages\/10189","targetHints":{"allow":["GET"]}}],"collection":[{"href":"https:\/\/opter.com\/fi\/wp-json\/wp\/v2\/pages"}],"about":[{"href":"https:\/\/opter.com\/fi\/wp-json\/wp\/v2\/types\/page"}],"author":[{"embeddable":true,"href":"https:\/\/opter.com\/fi\/wp-json\/wp\/v2\/users\/18"}],"replies":[{"embeddable":true,"href":"https:\/\/opter.com\/fi\/wp-json\/wp\/v2\/comments?post=10189"}],"version-history":[{"count":4,"href":"https:\/\/opter.com\/fi\/wp-json\/wp\/v2\/pages\/10189\/revisions"}],"predecessor-version":[{"id":14484,"href":"https:\/\/opter.com\/fi\/wp-json\/wp\/v2\/pages\/10189\/revisions\/14484"}],"wp:featuredmedia":[{"embeddable":true,"href":"https:\/\/opter.com\/fi\/wp-json\/wp\/v2\/media\/10202"}],"wp:attachment":[{"href":"https:\/\/opter.com\/fi\/wp-json\/wp\/v2\/media?parent=10189"}],"curies":[{"name":"wp","href":"https:\/\/api.w.org\/{rel}","templated":true}]}}