{"id":10250,"date":"2023-08-28T13:07:41","date_gmt":"2023-08-28T11:07:41","guid":{"rendered":"https:\/\/opter.com\/kuljetus-timo-salo\/"},"modified":"2023-10-11T14:00:46","modified_gmt":"2023-10-11T12:00:46","slug":"kuljetus-timo-salo","status":"publish","type":"page","link":"https:\/\/opter.com\/fi\/kuljetus-timo-salo\/","title":{"rendered":"Kuljetus Timo Salo"},"content":{"rendered":"<div class=\"ImageHeadline\">\n      <div class=\"ImageHeadline-image\" style=\"background-image: url('https:\/\/opter.com\/wp-content\/uploads\/2023\/08\/timo-salo-1600x900-1-1024x576.png')\">\n      <img loading=\"lazy\" decoding=\"async\" width=\"1024\" height=\"576\" src=\"https:\/\/opter.com\/wp-content\/uploads\/2023\/08\/timo-salo-1600x900-1-1024x576.png\" class=\"ImageHeadline-img\" alt=\"\" srcset=\"https:\/\/opter.com\/wp-content\/uploads\/2023\/08\/timo-salo-1600x900-1-1024x576.png 1024w, https:\/\/opter.com\/wp-content\/uploads\/2023\/08\/timo-salo-1600x900-1-300x169.png 300w, https:\/\/opter.com\/wp-content\/uploads\/2023\/08\/timo-salo-1600x900-1-768x432.png 768w, https:\/\/opter.com\/wp-content\/uploads\/2023\/08\/timo-salo-1600x900-1-1536x864.png 1536w, https:\/\/opter.com\/wp-content\/uploads\/2023\/08\/timo-salo-1600x900-1-1440x810.png 1440w, https:\/\/opter.com\/wp-content\/uploads\/2023\/08\/timo-salo-1600x900-1.png 1600w\" sizes=\"auto, (max-width: 1024px) 100vw, 1024px\" \/>\n    <\/div>\n    <h2 class=\"ImageHeadline-headline\">\u201dOpter auttaa meit\u00e4 pysym\u00e4\u00e4n mukana alan kehityksess\u00e4.\u201d<\/h2>\n<\/div>\n\n\n\n\n<p><a rel=\"noreferrer noopener\" href=\"https:\/\/kuljetustimosalo.fi\/\" target=\"_blank\">Kuljetus Timo Salo Oy<\/a> on 16 auton, 26 per\u00e4vaunun ja kahden erikoiskuljetusauton kalustolla erikoistunut muun muassa raakapuun ja elementtien kuljetuksiin. Nyky\u00e4\u00e4n se on nelj\u00e4nnen sukupolven perheyritys, joka on kasvanut ja sopeutunut vuosien varrella.<\/p>\n\n\n\n<p>\u201dOlin jo lapsena lomalla \u00e4idin mukana ajossa ja viikonloppuisin pesimme ja huolsimme autoja\u201d, Laura Torila kertoo. Laura johtaa nyky\u00e4\u00e4n Kuljetus Timo Salo Oy:t\u00e4 yhdess\u00e4 sisarustensa Toni Salon ja Jarkko Salon kanssa ja h\u00e4n hypp\u00e4\u00e4 viel\u00e4kin v\u00e4lill\u00e4 ratin taakse ja ajaa EKL-autoa erikoiskuljetusten yhteydess\u00e4.<\/p>\n\n\n\n<p>Kun tuli aika digitalisoida ja automatisoida liikenteen suunnittelu, vastasi Opter parhaiten kaikkiin tarpeisiin. Siit\u00e4 l\u00e4htien siit\u00e4 on tullut v\u00e4ltt\u00e4m\u00e4t\u00f6n osa jokap\u00e4iv\u00e4ist\u00e4 ty\u00f6t\u00e4.<\/p>\n\n\n\n<p>\u201dOpter on osoittautunut eritt\u00e4in monipuoliseksi ja tarjoaa ratkaisun, joka voidaan helposti liitt\u00e4\u00e4 olemassa oleviin j\u00e4rjestelmiin. Se tarjoaa turvallisemmat kuljetukset, helpottaa kommunikointia kuljettajien kanssa ja on syvent\u00e4nyt yhteisty\u00f6t\u00e4 asiakkaidemme kanssa. Odotamme my\u00f6s jatkossa Opterin auttavan meit\u00e4 pysym\u00e4\u00e4n alan kehityksen mukana\u201d, Laura p\u00e4\u00e4tt\u00e4\u00e4.<\/p>\n\n\n\n<h3 class=\"wp-block-heading\" id=\"block-720e0d76-aa94-4182-bff7-d127c7a2bc4a\">Varaa esittely!<\/h3>\n\n\n\n<p id=\"block-67e5485d-1fb8-4396-9c03-186489bbc6e9\">Haluatko kuulla lis\u00e4\u00e4? Kerromme mielell\u00e4mme, miten Opter toimii ja kuinka helposti p\u00e4\u00e4set alkuun.<\/p>\n\n\n<div class=\"BookADemo\">\n    <a class=\"BookADemo-link\" href=\"\/fi\/ota-yhteytta\/\">\n      Varaa esittely\n    <\/a>\n  <\/div>\n\n","protected":false},"excerpt":{"rendered":"<p>Kuljetus Timo Salo Oy on 16 auton, 26 per\u00e4vaunun&hellip;<\/p>\n","protected":false},"author":18,"featured_media":10246,"parent":0,"menu_order":0,"comment_status":"closed","ping_status":"closed","template":"","meta":{"_acf_changed":false,"footnotes":""},"class_list":["post-10250","page","type-page","status-publish","has-post-thumbnail","hentry"],"acf":[],"_links":{"self":[{"href":"https:\/\/opter.com\/fi\/wp-json\/wp\/v2\/pages\/10250","targetHints":{"allow":["GET"]}}],"collection":[{"href":"https:\/\/opter.com\/fi\/wp-json\/wp\/v2\/pages"}],"about":[{"href":"https:\/\/opter.com\/fi\/wp-json\/wp\/v2\/types\/page"}],"author":[{"embeddable":true,"href":"https:\/\/opter.com\/fi\/wp-json\/wp\/v2\/users\/18"}],"replies":[{"embeddable":true,"href":"https:\/\/opter.com\/fi\/wp-json\/wp\/v2\/comments?post=10250"}],"version-history":[{"count":4,"href":"https:\/\/opter.com\/fi\/wp-json\/wp\/v2\/pages\/10250\/revisions"}],"predecessor-version":[{"id":10265,"href":"https:\/\/opter.com\/fi\/wp-json\/wp\/v2\/pages\/10250\/revisions\/10265"}],"wp:featuredmedia":[{"embeddable":true,"href":"https:\/\/opter.com\/fi\/wp-json\/wp\/v2\/media\/10246"}],"wp:attachment":[{"href":"https:\/\/opter.com\/fi\/wp-json\/wp\/v2\/media?parent=10250"}],"curies":[{"name":"wp","href":"https:\/\/api.w.org\/{rel}","templated":true}]}}