{"id":10785,"date":"2024-02-29T15:40:48","date_gmt":"2024-02-29T14:40:48","guid":{"rendered":"https:\/\/opter.com\/?page_id=10785"},"modified":"2024-02-29T15:40:49","modified_gmt":"2024-02-29T14:40:49","slug":"intersped-aps","status":"publish","type":"page","link":"https:\/\/opter.com\/fi\/intersped-aps\/","title":{"rendered":"Intersped ApS"},"content":{"rendered":"<div class=\"ImageHeadline\">\n      <div class=\"ImageHeadline-image\" style=\"background-image: url('https:\/\/opter.com\/wp-content\/uploads\/2024\/02\/intersped-1600x900-2-1024x576.png')\">\n      <img loading=\"lazy\" decoding=\"async\" width=\"1024\" height=\"576\" src=\"https:\/\/opter.com\/wp-content\/uploads\/2024\/02\/intersped-1600x900-2-1024x576.png\" class=\"ImageHeadline-img\" alt=\"\" srcset=\"https:\/\/opter.com\/wp-content\/uploads\/2024\/02\/intersped-1600x900-2-1024x576.png 1024w, https:\/\/opter.com\/wp-content\/uploads\/2024\/02\/intersped-1600x900-2-300x169.png 300w, https:\/\/opter.com\/wp-content\/uploads\/2024\/02\/intersped-1600x900-2-768x432.png 768w, https:\/\/opter.com\/wp-content\/uploads\/2024\/02\/intersped-1600x900-2-1536x864.png 1536w, https:\/\/opter.com\/wp-content\/uploads\/2024\/02\/intersped-1600x900-2-1440x810.png 1440w, https:\/\/opter.com\/wp-content\/uploads\/2024\/02\/intersped-1600x900-2.png 1600w\" sizes=\"auto, (max-width: 1024px) 100vw, 1024px\" \/>\n    <\/div>\n    <h2 class=\"ImageHeadline-headline\">\u201dSaamme nyt paremman yleiskuvan kuljetuksista, laadusta ja taloudesta.\u201d<\/h2>\n<\/div>\n\n\n\n\n<p>Vuonna 1990 perustettu <a href=\"https:\/\/www.intersped.dk\/\" target=\"_blank\" rel=\"noreferrer noopener\">Intersped ApS<\/a> on vakiinnuttanut asemansa luotettavana logistiikkakumppanina, joka toimittaa nopeasti ja turvallisesti kaiken pienist\u00e4 varaosista suuriin konekomponentteihin kaikkialle Tanskaan ja Eurooppaan. Toimiala kehittyy jatkuvasti, ja toimitusjohtaja Andr\u00e9 Lund Kretschmannin mukaan yrityksess\u00e4 analysoitiinkin markkinoita tarkkaan, jotta k\u00e4ytt\u00f6\u00f6n saataisiin nykyaikainen ja p\u00e4ivitett\u00e4v\u00e4 ohjelmistoratkaisu.<\/p>\n\n\n\n<p>\u201dMonet tarjolla olevista ratkaisuista olivat joko liian laajoja ja kalliita tai eiv\u00e4t soveltuneet liiketoimintaamme. Opter vastasi tarpeisiimme kohtuulliseen hintaan ja joustavalla toimintaperiaatteella.\u201d<\/p>\n\n\n\n<p>P\u00e4\u00e4t\u00f6ksen sinet\u00f6i k\u00e4ynti samalla alalla toimivassa Opteria k\u00e4ytt\u00e4v\u00e4ss\u00e4 yrityksess\u00e4. K\u00e4ytt\u00f6\u00f6noton my\u00f6t\u00e4 Intersped on pystynyt korvaamaan useita palveluja Opterin alustalla. Yrityksess\u00e4 on saatu entist\u00e4 paremmat EDI-yhteydet kumppaneihin, ja asiakkaat p\u00e4\u00e4sev\u00e4t nyt nopeasti k\u00e4siksi reaaliaikaisiin tietoihin, raportteihin, ilmoituksiin ja dokumentaatioon. Opterin k\u00e4ytt\u00e4j\u00e4t yhdist\u00e4v\u00e4 Opter Link edist\u00e4\u00e4 jatkuvasti keskin\u00e4ist\u00e4 synergiaa ja parempaa kuljetustenhallintaa.<\/p>\n\n\n\n<p>Kretschmann suhtautuu Interspedin tulevaisuuteen toiveikkaasti: yritys jatkaa hyv\u00e4n palvelun, teknisen kehityksen ja aktiivisen vastuullisuusty\u00f6n painottamista tarjonnan t\u00e4rkein\u00e4 osa-alueina. H\u00e4n on vakuuttunut siit\u00e4, ett\u00e4 Opter lis\u00e4\u00e4 jatkossakin toiminnan tehokkuutta.<\/p>\n\n\n\n<p>\u201dVoin suositella Opteria eritt\u00e4in l\u00e4mpim\u00e4sti. Paitsi itse ohjelmistoratkaisun ja taloudellisten etujen, my\u00f6s ja oikeastaan ennen kaikkea hyvin palvelukeskeisen organisaation perusteella. Odotamme innolla hyv\u00e4n yhteisty\u00f6n jatkumista.\u201d<\/p>\n\n\n\n<h3 class=\"wp-block-heading\">Varaa esittely!<\/h3>\n\n\n\n<p>Haluatko kuulla lis\u00e4\u00e4? Kerromme mielell\u00e4mme, miten Opter toimii ja kuinka helposti p\u00e4\u00e4set alkuun.<\/p>\n\n\n<div class=\"BookADemo\">\n    <a class=\"BookADemo-link\" href=\"\/fi\/ota-yhteytta\/\">\n      Varaa demo\n    <\/a>\n  <\/div>\n\n","protected":false},"excerpt":{"rendered":"<p>Vuonna 1990 perustettu Intersped ApS on vakiinnuttanut asemansa luotettavana&hellip;<\/p>\n","protected":false},"author":18,"featured_media":10673,"parent":0,"menu_order":0,"comment_status":"closed","ping_status":"closed","template":"","meta":{"_acf_changed":false,"footnotes":""},"class_list":["post-10785","page","type-page","status-publish","has-post-thumbnail","hentry"],"acf":[],"_links":{"self":[{"href":"https:\/\/opter.com\/fi\/wp-json\/wp\/v2\/pages\/10785","targetHints":{"allow":["GET"]}}],"collection":[{"href":"https:\/\/opter.com\/fi\/wp-json\/wp\/v2\/pages"}],"about":[{"href":"https:\/\/opter.com\/fi\/wp-json\/wp\/v2\/types\/page"}],"author":[{"embeddable":true,"href":"https:\/\/opter.com\/fi\/wp-json\/wp\/v2\/users\/18"}],"replies":[{"embeddable":true,"href":"https:\/\/opter.com\/fi\/wp-json\/wp\/v2\/comments?post=10785"}],"version-history":[{"count":4,"href":"https:\/\/opter.com\/fi\/wp-json\/wp\/v2\/pages\/10785\/revisions"}],"predecessor-version":[{"id":10869,"href":"https:\/\/opter.com\/fi\/wp-json\/wp\/v2\/pages\/10785\/revisions\/10869"}],"wp:featuredmedia":[{"embeddable":true,"href":"https:\/\/opter.com\/fi\/wp-json\/wp\/v2\/media\/10673"}],"wp:attachment":[{"href":"https:\/\/opter.com\/fi\/wp-json\/wp\/v2\/media?parent=10785"}],"curies":[{"name":"wp","href":"https:\/\/api.w.org\/{rel}","templated":true}]}}