{"id":10977,"date":"2024-03-26T20:51:49","date_gmt":"2024-03-26T19:51:49","guid":{"rendered":"https:\/\/opter.com\/?page_id=10977"},"modified":"2024-04-15T15:42:17","modified_gmt":"2024-04-15T13:42:17","slug":"alihankkija","status":"publish","type":"page","link":"https:\/\/opter.com\/fi\/alihankkija\/","title":{"rendered":"Alihankkija Oy"},"content":{"rendered":"<div class=\"ImageHeadline\">\n      <div class=\"ImageHeadline-image\" style=\"background-image: url('https:\/\/opter.com\/wp-content\/uploads\/2024\/03\/alihankkija-1600x900-1-1024x576.png')\">\n      <img loading=\"lazy\" decoding=\"async\" width=\"1024\" height=\"576\" src=\"https:\/\/opter.com\/wp-content\/uploads\/2024\/03\/alihankkija-1600x900-1-1024x576.png\" class=\"ImageHeadline-img\" alt=\"\" srcset=\"https:\/\/opter.com\/wp-content\/uploads\/2024\/03\/alihankkija-1600x900-1-1024x576.png 1024w, https:\/\/opter.com\/wp-content\/uploads\/2024\/03\/alihankkija-1600x900-1-300x169.png 300w, https:\/\/opter.com\/wp-content\/uploads\/2024\/03\/alihankkija-1600x900-1-768x432.png 768w, https:\/\/opter.com\/wp-content\/uploads\/2024\/03\/alihankkija-1600x900-1-1536x864.png 1536w, https:\/\/opter.com\/wp-content\/uploads\/2024\/03\/alihankkija-1600x900-1-1440x810.png 1440w, https:\/\/opter.com\/wp-content\/uploads\/2024\/03\/alihankkija-1600x900-1.png 1600w\" sizes=\"auto, (max-width: 1024px) 100vw, 1024px\" \/>\n    <\/div>\n    <h2 class=\"ImageHeadline-headline\"> \u201dOpter on kuljetustemme tukikohta.\u201d<\/h2>\n<\/div>\n\n\n\n\n<p><a rel=\"noreferrer noopener\" href=\"https:\/\/alihankkija.fi\" target=\"_blank\">Alihankkija<\/a>, perustettu vuonna 1969, on kokonaisvaltainen logistiikkayhti\u00f6, jolla on yli 150 ty\u00f6ntekij\u00e4\u00e4. Kuljetustoiminta keskittyy p\u00e4\u00e4asiassa kappaletavarajakeluun Etel\u00e4-Suomen alueella, ja kalustoon kuuluu noin 60 ajoneuvoa pakettiautoista yhdistelmiin. Kuljetusten ohella Alihankkija tarjoaa varastointipalveluja sek\u00e4 kolmannen osapuolen logistiikkaratkaisuja yrityksille ja verkkokaupoille.<\/p>\n\n\n\n<p>\u201dEtsimme kokonaisvaltaista j\u00e4rjestelm\u00e4\u00e4, joka mahdollistaa kuljetustilausten k\u00e4sittelyn asiakkaan tilauksesta laskutukseen sek\u00e4 minimoi manuaaliset ty\u00f6vaiheet ja paperiset dokumentit\u201d, kertoo Alihankkijan hallintop\u00e4\u00e4llikk\u00f6 Maria Barck. \u201dValitsimme Opterin sen monipuolisuuden ja toiminnallisuuksien vuoksi. J\u00e4rjestelm\u00e4 oli r\u00e4\u00e4t\u00e4l\u00f6it\u00e4viss\u00e4 t\u00e4ysin tarpeidemme mukaan, ja se skaalautuu toiminnan muuttuessa ja kasvaessa.\u201d<\/p>\n\n\n\n<p>Opterin edut ilmenev\u00e4t my\u00f6s siin\u00e4, ett\u00e4 ty\u00f6teht\u00e4v\u00e4t ja tiedot on koottu samaan j\u00e4rjestelm\u00e4\u00e4n, mik\u00e4 v\u00e4hent\u00e4\u00e4 tarvetta etsi\u00e4 tietoja irrallisista paperidokumenteista ja hajanaisista tiedostoista, s\u00e4\u00e4st\u00e4en merkitt\u00e4v\u00e4sti aikaa. Reaaliaikainen seurantatieto auttaa nopeuttamaan ja automatisoimaan aikataulutusta ja laskutusprosesseja.<\/p>\n\n\n\n<p>\u201dOpter tarjoaa mahdollisuudet muokata ja kasvattaa omaa toimintaamme my\u00f6s tulevaisuudessa. J\u00e4rjestelm\u00e4n k\u00e4ytt\u00f6\u00f6notto on avannut meille uusia asiakkuuksia sek\u00e4 mahdollistanut suuremman tilausvolyymin k\u00e4sittelyn tehokkaammin\u201d, Maria Barck toteaa lopuksi.<\/p>\n\n\n\n<h3 class=\"wp-block-heading\" id=\"block-720e0d76-aa94-4182-bff7-d127c7a2bc4a\">Varaa esittely!<\/h3>\n\n\n\n<p id=\"block-67e5485d-1fb8-4396-9c03-186489bbc6e9\">Haluatko kuulla lis\u00e4\u00e4? Kerromme mielell\u00e4mme, miten Opter toimii ja kuinka helposti p\u00e4\u00e4set alkuun.<\/p>\n\n\n<div class=\"BookADemo\">\n    <a class=\"BookADemo-link\" href=\"\/fi\/ota-yhteytta\/\">\n      Varaa demo\n    <\/a>\n  <\/div>\n\n","protected":false},"excerpt":{"rendered":"<p>Alihankkija, perustettu vuonna 1969, on kokonaisvaltainen logistiikkayhti\u00f6, jolla on&hellip;<\/p>\n","protected":false},"author":18,"featured_media":11012,"parent":0,"menu_order":0,"comment_status":"closed","ping_status":"closed","template":"","meta":{"_acf_changed":false,"footnotes":""},"class_list":["post-10977","page","type-page","status-publish","has-post-thumbnail","hentry"],"acf":[],"_links":{"self":[{"href":"https:\/\/opter.com\/fi\/wp-json\/wp\/v2\/pages\/10977","targetHints":{"allow":["GET"]}}],"collection":[{"href":"https:\/\/opter.com\/fi\/wp-json\/wp\/v2\/pages"}],"about":[{"href":"https:\/\/opter.com\/fi\/wp-json\/wp\/v2\/types\/page"}],"author":[{"embeddable":true,"href":"https:\/\/opter.com\/fi\/wp-json\/wp\/v2\/users\/18"}],"replies":[{"embeddable":true,"href":"https:\/\/opter.com\/fi\/wp-json\/wp\/v2\/comments?post=10977"}],"version-history":[{"count":10,"href":"https:\/\/opter.com\/fi\/wp-json\/wp\/v2\/pages\/10977\/revisions"}],"predecessor-version":[{"id":11062,"href":"https:\/\/opter.com\/fi\/wp-json\/wp\/v2\/pages\/10977\/revisions\/11062"}],"wp:featuredmedia":[{"embeddable":true,"href":"https:\/\/opter.com\/fi\/wp-json\/wp\/v2\/media\/11012"}],"wp:attachment":[{"href":"https:\/\/opter.com\/fi\/wp-json\/wp\/v2\/media?parent=10977"}],"curies":[{"name":"wp","href":"https:\/\/api.w.org\/{rel}","templated":true}]}}