{"id":12032,"date":"2024-10-23T16:45:25","date_gmt":"2024-10-23T14:45:25","guid":{"rendered":"https:\/\/opter.com\/falkopings-kyltransporter-ab\/"},"modified":"2024-10-25T11:30:44","modified_gmt":"2024-10-25T09:30:44","slug":"falkopings-kyltransporter","status":"publish","type":"page","link":"https:\/\/opter.com\/fi\/falkopings-kyltransporter\/","title":{"rendered":"Falk\u00f6pings Kyltransporter AB"},"content":{"rendered":"<div class=\"ImageHeadline\">\n      <div class=\"ImageHeadline-image\" style=\"background-image: url('https:\/\/opter.com\/wp-content\/uploads\/2024\/10\/falkopings-kyltransporter-1600x900-1-1024x576.png')\">\n      <img loading=\"lazy\" decoding=\"async\" width=\"1024\" height=\"576\" src=\"https:\/\/opter.com\/wp-content\/uploads\/2024\/10\/falkopings-kyltransporter-1600x900-1-1024x576.png\" class=\"ImageHeadline-img\" alt=\"\" srcset=\"https:\/\/opter.com\/wp-content\/uploads\/2024\/10\/falkopings-kyltransporter-1600x900-1-1024x576.png 1024w, https:\/\/opter.com\/wp-content\/uploads\/2024\/10\/falkopings-kyltransporter-1600x900-1-300x169.png 300w, https:\/\/opter.com\/wp-content\/uploads\/2024\/10\/falkopings-kyltransporter-1600x900-1-768x432.png 768w, https:\/\/opter.com\/wp-content\/uploads\/2024\/10\/falkopings-kyltransporter-1600x900-1-1536x864.png 1536w, https:\/\/opter.com\/wp-content\/uploads\/2024\/10\/falkopings-kyltransporter-1600x900-1-1440x810.png 1440w, https:\/\/opter.com\/wp-content\/uploads\/2024\/10\/falkopings-kyltransporter-1600x900-1.png 1600w\" sizes=\"auto, (max-width: 1024px) 100vw, 1024px\" \/>\n    <\/div>\n    <h2 class=\"ImageHeadline-headline\">\u201dOpter on tuonut varmuutta, jonka avulla saamme suurempia sopimuksia.\u201d<\/h2>\n<\/div>\n\n\n\n\n<p><a rel=\"noreferrer noopener\" href=\"https:\/\/kyltransport.eu\/\" target=\"_blank\">Falk\u00f6pings Kyltransporter<\/a> on vuodesta 2007 l\u00e4htien toimittanut p\u00e4ivitt\u00e4in l\u00e4mp\u00f6tilaherkki\u00e4 elintarvikkeita tuottajille, kaupoille ja varastoihin eri puolille L\u00e4nsi-Ruotsia. Kasvava liiketoiminta teki sopivan kuljetussuunnitteluj\u00e4rjestelm\u00e4n valinnasta ratkaisevan t\u00e4rke\u00e4n asian yrityksen kehitykselle. <\/p>\n\n\n\n<p>Yrityksen perustaja ja toimitusjohtaja Claes Claesson kertoo, ett\u00e4 kun uutta kuljetustenhallintaj\u00e4rjestelm\u00e4\u00e4 kartoitettiin vuonna 2022, Opter osoittautui parhaaksi vaihtoehdoksi. Se sis\u00e4lt\u00e4\u00e4 paitsi kaikki tarvittavat ominaisuudet, my\u00f6s alan muiden toimijoiden l\u00e4mpim\u00e4sti suositteleman tuen, joka olikin yksi t\u00e4rkeimmist\u00e4 valintaan vaikuttaneista tekij\u00f6ist\u00e4.  <\/p>\n\n\n\n<p>\u201dKuljetamme elintarvikkeita, joten nopea ja asiantunteva palaute on meille uskomattoman t\u00e4rke\u00e4\u00e4. Asiakkaan toimitusta ei voi lyk\u00e4t\u00e4 seuraavaan p\u00e4iv\u00e4\u00e4n, ja lastaus- ja purkuaikoja on usein noudatettava eritt\u00e4in tarkasti.\u201d <\/p>\n\n\n\n<p>Opter auttaa saamaan tilanteesta hyv\u00e4n kokonaiskuvan ja helpottaa yrityksen 27 ajoneuvolla teht\u00e4vien kuljetusten suunnittelua. J\u00e4rjestelm\u00e4\u00e4 voidaan mukauttaa asiakkaiden erityistarpeiden mukaan, ja se on my\u00f6s auttanut tehostamaan toimintaa, sill\u00e4 kuljetussuunnittelijoiden m\u00e4\u00e4r\u00e4 on v\u00e4hentynyt kolmesta kahteen. Samaan aikaan liiketoiminta on jatkanut kasvuaan.  <\/p>\n\n\n\n<h3 class=\"wp-block-heading\">Varaa esittely!<\/h3>\n\n\n\n<p>Haluatko kuulla lis\u00e4\u00e4? Kerromme mielell\u00e4mme, miten Opter toimii ja kuinka helposti p\u00e4\u00e4set alkuun.<\/p>\n\n\n<div class=\"BookADemo\">\n    <a class=\"BookADemo-link\" href=\"\/fi\/ota-yhteytta\/\">\n      Varaa demo\n    <\/a>\n  <\/div>\n\n","protected":false},"excerpt":{"rendered":"<p>Falk\u00f6pings Kyltransporter on vuodesta 2007 l\u00e4htien toimittanut p\u00e4ivitt\u00e4in l\u00e4mp\u00f6tilaherkki\u00e4&hellip;<\/p>\n","protected":false},"author":18,"featured_media":12008,"parent":0,"menu_order":0,"comment_status":"closed","ping_status":"closed","template":"","meta":{"_acf_changed":false,"footnotes":""},"class_list":["post-12032","page","type-page","status-publish","has-post-thumbnail","hentry"],"acf":[],"_links":{"self":[{"href":"https:\/\/opter.com\/fi\/wp-json\/wp\/v2\/pages\/12032","targetHints":{"allow":["GET"]}}],"collection":[{"href":"https:\/\/opter.com\/fi\/wp-json\/wp\/v2\/pages"}],"about":[{"href":"https:\/\/opter.com\/fi\/wp-json\/wp\/v2\/types\/page"}],"author":[{"embeddable":true,"href":"https:\/\/opter.com\/fi\/wp-json\/wp\/v2\/users\/18"}],"replies":[{"embeddable":true,"href":"https:\/\/opter.com\/fi\/wp-json\/wp\/v2\/comments?post=12032"}],"version-history":[{"count":5,"href":"https:\/\/opter.com\/fi\/wp-json\/wp\/v2\/pages\/12032\/revisions"}],"predecessor-version":[{"id":12136,"href":"https:\/\/opter.com\/fi\/wp-json\/wp\/v2\/pages\/12032\/revisions\/12136"}],"wp:featuredmedia":[{"embeddable":true,"href":"https:\/\/opter.com\/fi\/wp-json\/wp\/v2\/media\/12008"}],"wp:attachment":[{"href":"https:\/\/opter.com\/fi\/wp-json\/wp\/v2\/media?parent=12032"}],"curies":[{"name":"wp","href":"https:\/\/api.w.org\/{rel}","templated":true}]}}