{"id":12098,"date":"2024-10-24T13:36:10","date_gmt":"2024-10-24T11:36:10","guid":{"rendered":"https:\/\/opter.com\/godshotel-aps\/"},"modified":"2024-10-24T13:52:08","modified_gmt":"2024-10-24T11:52:08","slug":"godshotel","status":"publish","type":"page","link":"https:\/\/opter.com\/fi\/godshotel\/","title":{"rendered":"Godshotel ApS"},"content":{"rendered":"<div class=\"ImageHeadline\">\n      <div class=\"ImageHeadline-image\" style=\"background-image: url('https:\/\/opter.com\/wp-content\/uploads\/2024\/10\/godshotel-aps-1600x900-1-1024x576.png')\">\n      <img loading=\"lazy\" decoding=\"async\" width=\"1024\" height=\"576\" src=\"https:\/\/opter.com\/wp-content\/uploads\/2024\/10\/godshotel-aps-1600x900-1-1024x576.png\" class=\"ImageHeadline-img\" alt=\"Godshotel &amp; Transport\" srcset=\"https:\/\/opter.com\/wp-content\/uploads\/2024\/10\/godshotel-aps-1600x900-1-1024x576.png 1024w, https:\/\/opter.com\/wp-content\/uploads\/2024\/10\/godshotel-aps-1600x900-1-300x169.png 300w, https:\/\/opter.com\/wp-content\/uploads\/2024\/10\/godshotel-aps-1600x900-1-768x432.png 768w, https:\/\/opter.com\/wp-content\/uploads\/2024\/10\/godshotel-aps-1600x900-1-1536x864.png 1536w, https:\/\/opter.com\/wp-content\/uploads\/2024\/10\/godshotel-aps-1600x900-1-1440x810.png 1440w, https:\/\/opter.com\/wp-content\/uploads\/2024\/10\/godshotel-aps-1600x900-1.png 1600w\" sizes=\"auto, (max-width: 1024px) 100vw, 1024px\" \/>\n    <\/div>\n    <h2 class=\"ImageHeadline-headline\">\u201dOpter on tehostanut p\u00e4ivitt\u00e4ist\u00e4 ty\u00f6t\u00e4mme.\u201d<\/h2>\n<\/div>\n\n\n\n\n<p>Tanskalainen <a rel=\"noreferrer noopener\" href=\"https:\/\/www.godshotel.dk\/\" target=\"_blank\">Godshotel &amp; Transport ApS <\/a>on kasvanut pienest\u00e4 itsepalveluvarastosta yhdeksi maan johtavista varastointi- ja logistiikka-alan toimijoista. Yrityksell\u00e4 on nyky\u00e4\u00e4n kaksi suurta terminaalia Grevess\u00e4 ja Taulovissa, 85 ty\u00f6ntekij\u00e4\u00e4 ja noin 100 ajoneuvoa. <\/p>\n\n\n\n<p>Logistiikkap\u00e4\u00e4llikk\u00f6 Alexander Vinter on ty\u00f6skennellyt yrityksess\u00e4 10 vuotta ja vastaa yrityksen 70 kuljettajasta ja ajoj\u00e4rjestelij\u00e4st\u00e4. \u201dAjan tasalla pysyminen ja toiminnan digitalisoiminen on meille t\u00e4rke\u00e4\u00e4. Haluamme, ett\u00e4 kalustomme on aina varustettu viimeisimm\u00e4ll\u00e4 tekniikalla. Opterissa oli kaipaamamme ominaisuudet, ja se t\u00e4ytt\u00e4\u00e4 kaikki vaatimuksemme\u201d, h\u00e4n kertoo.  <\/p>\n\n\n\n<p>Digitalisoidun kuljetusten hallinnan ja suunnittelun ansiosta Godshotelin toiminta on tehostunut merkitt\u00e4v\u00e4sti. Samalla yrityksest\u00e4 on tullut entist\u00e4 parempi ty\u00f6paikka. Ajoj\u00e4rjestelij\u00e4t voivat valita, ty\u00f6skentelev\u00e4tk\u00f6 he kotona vai toimistolla. Digitaalinen asiakirjahallinta ja automaatio v\u00e4hent\u00e4v\u00e4t vaivalloista paperity\u00f6t\u00e4. \u201dNyt voimme l\u00e4hett\u00e4\u00e4 toimitusvahvistukset asiakkaille kahden minuutin kuluessa toimituksesta\u201d, Vinter kertoo ja sanoo t\u00e4rkeiden asiakastyytyv\u00e4isyystekij\u00f6iden, kuten nopeuden ja toimitustarkkuuden, parantuneen.   <\/p>\n\n\n\n<p>\u201dSuosittelen Opteria poikkeuksetta\u201d, Vinter toteaa lopuksi. \u201dEtenkin meid\u00e4n kaltaisillemme kuljetusyrityksille, joilla ei ole aiempaa kokemusta kuljetustenhallintaj\u00e4rjestelm\u00e4n k\u00e4yt\u00f6st\u00e4.\u201d<\/p>\n\n\n\n<h3 class=\"wp-block-heading\">Varaa esittely!<\/h3>\n\n\n\n<p>Haluatko kuulla lis\u00e4\u00e4? Kerromme mielell\u00e4mme, miten Opter toimii ja kuinka helposti p\u00e4\u00e4set alkuun.<\/p>\n\n\n<div class=\"BookADemo\">\n    <a class=\"BookADemo-link\" href=\"\/fi\/ota-yhteytta\/\">\n      Varaa demo\n    <\/a>\n  <\/div>\n\n","protected":false},"excerpt":{"rendered":"<p>Tanskalainen Godshotel &amp; Transport ApS on kasvanut pienest\u00e4 itsepalveluvarastosta&hellip;<\/p>\n","protected":false},"author":18,"featured_media":12066,"parent":0,"menu_order":0,"comment_status":"closed","ping_status":"closed","template":"","meta":{"_acf_changed":false,"footnotes":""},"class_list":["post-12098","page","type-page","status-publish","has-post-thumbnail","hentry"],"acf":[],"_links":{"self":[{"href":"https:\/\/opter.com\/fi\/wp-json\/wp\/v2\/pages\/12098","targetHints":{"allow":["GET"]}}],"collection":[{"href":"https:\/\/opter.com\/fi\/wp-json\/wp\/v2\/pages"}],"about":[{"href":"https:\/\/opter.com\/fi\/wp-json\/wp\/v2\/types\/page"}],"author":[{"embeddable":true,"href":"https:\/\/opter.com\/fi\/wp-json\/wp\/v2\/users\/18"}],"replies":[{"embeddable":true,"href":"https:\/\/opter.com\/fi\/wp-json\/wp\/v2\/comments?post=12098"}],"version-history":[{"count":4,"href":"https:\/\/opter.com\/fi\/wp-json\/wp\/v2\/pages\/12098\/revisions"}],"predecessor-version":[{"id":12111,"href":"https:\/\/opter.com\/fi\/wp-json\/wp\/v2\/pages\/12098\/revisions\/12111"}],"wp:featuredmedia":[{"embeddable":true,"href":"https:\/\/opter.com\/fi\/wp-json\/wp\/v2\/media\/12066"}],"wp:attachment":[{"href":"https:\/\/opter.com\/fi\/wp-json\/wp\/v2\/media?parent=12098"}],"curies":[{"name":"wp","href":"https:\/\/api.w.org\/{rel}","templated":true}]}}