{"id":13285,"date":"2025-04-04T15:58:56","date_gmt":"2025-04-04T13:58:56","guid":{"rendered":"https:\/\/opter.com\/?page_id=13285"},"modified":"2025-04-04T16:19:38","modified_gmt":"2025-04-04T14:19:38","slug":"rst-logistics","status":"publish","type":"page","link":"https:\/\/opter.com\/fi\/rst-logistics\/","title":{"rendered":"RST Logistics AS"},"content":{"rendered":"<div class=\"ImageHeadline\">\n      <div class=\"ImageHeadline-image\" style=\"background-image: url('https:\/\/opter.com\/wp-content\/uploads\/2025\/04\/rst-logistics-1600x900-2-1024x576.png')\">\n      <img loading=\"lazy\" decoding=\"async\" width=\"1024\" height=\"576\" src=\"https:\/\/opter.com\/wp-content\/uploads\/2025\/04\/rst-logistics-1600x900-2-1024x576.png\" class=\"ImageHeadline-img\" alt=\"R\" srcset=\"https:\/\/opter.com\/wp-content\/uploads\/2025\/04\/rst-logistics-1600x900-2-1024x576.png 1024w, https:\/\/opter.com\/wp-content\/uploads\/2025\/04\/rst-logistics-1600x900-2-300x169.png 300w, https:\/\/opter.com\/wp-content\/uploads\/2025\/04\/rst-logistics-1600x900-2-768x432.png 768w, https:\/\/opter.com\/wp-content\/uploads\/2025\/04\/rst-logistics-1600x900-2-1536x864.png 1536w, https:\/\/opter.com\/wp-content\/uploads\/2025\/04\/rst-logistics-1600x900-2-1440x810.png 1440w, https:\/\/opter.com\/wp-content\/uploads\/2025\/04\/rst-logistics-1600x900-2.png 1600w\" sizes=\"auto, (max-width: 1024px) 100vw, 1024px\" \/>\n    <\/div>\n    <h2 class=\"ImageHeadline-headline\">\u201dOpter voidaan mukauttaa mihin tahansa kuljetusyritykseen.\u201d<\/h2>\n<\/div>\n\n\n\n\n<p>Kun <a rel=\"noreferrer noopener\" href=\"https:\/\/rst.no\/\" target=\"_blank\">RST Logistics<\/a> etsi kuljetustenhallintaj\u00e4rjestelm\u00e4\u00e4, vaatimukset olivat selv\u00e4t: ajoneuvojen ja viestinn\u00e4n t\u00e4ydellinen hallinta, kehittyneet hintamatriisit ja tehokas laskutus. Opter tuli valituksi, ja kahdeksan vuotta my\u00f6hemmin yritys on kaksinkertaistanut liikevaihtonsa ja kolminkertaistanut sopimustensa m\u00e4\u00e4r\u00e4n \u2013 ilman, ett\u00e4 hallintohenkil\u00f6st\u00f6\u00e4 on lis\u00e4tty. <\/p>\n\n\n\n<p>\u201dAlallamme on pienet katteet ja kustannusten hallinta on ratkaisevan t\u00e4rke\u00e4\u00e4. J\u00e4rjestelm\u00e4 tarjoaa meille kattavan yleiskuvan ja mahdollistaa monien asiakkaiden ja kuljetusten k\u00e4sittelyn\u201d, sanoo toimitusjohtaja ja omistaja Richard S\u00e6ther. H\u00e4n korostaa my\u00f6s hintamatriiseja t\u00e4rke\u00e4n\u00e4 v\u00e4lineen\u00e4 tarjouskilpailuissa. \u201dVoimme analysoida nopeasti l\u00e4hetystilastoja, mukauttaa hintoja ja optimoida tarjontaa. Se on suuri kilpailuetu meille.\u201d    <\/p>\n\n\n\n<p>Yritys ty\u00f6llist\u00e4\u00e4 t\u00e4ll\u00e4 hetkell\u00e4 30 henkil\u00f6\u00e4 ja sill\u00e4 on yht\u00e4 monta ajoneuvoa, joista 11 on sen omistuksessa. Ne hoitavat Norjan sis\u00e4ist\u00e4 jakelua, osakuormia, kappaletavarakuljetuksia ja pikatoimituksia. Yrityksell\u00e4 on 6 000 neli\u00f6metrin terminaali ja 3PL-varasto, joten sill\u00e4 on vahva asema erityisesti erikoisaloillaan eli s\u00e4rkyv\u00e4n tavaran ja suoratoimitusten suhteen.  <\/p>\n\n\n\n<p>Opterista on tullut RST Logisticsille luonnollinen osa liiketoimintaa ja vankka perusta jatkuvalle kehitykselle. Richard S\u00e6ther pit\u00e4\u00e4 j\u00e4rjestelm\u00e4n joustavuutta ja skaalautuvuutta suurena etuna tulevaisuudessa. \u201dOpter voidaan mukauttaa kaikkien kuljetusyritysten tarpeisiin. Hinnoittelu, kustannusten hallinta ja yleiskatsaus tarjoavat mahdollisuuksia, joiden ymp\u00e4rille on luonnollista rakentaa liiketoimintaa\u201d, h\u00e4n toteaa.<\/p>\n\n\n\n<h3 class=\"wp-block-heading\">Varaa esittely!<\/h3>\n\n\n\n<p>Haluatko kuulla lis\u00e4\u00e4? Kerromme mielell\u00e4mme, miten Opter toimii ja kuinka helposti p\u00e4\u00e4set alkuun.<\/p>\n\n\n<div class=\"BookADemo\">\n    <a class=\"BookADemo-link\" href=\"\/fi\/ota-yhteytta\/\">\n      Varaa demo\n    <\/a>\n  <\/div>\n\n","protected":false},"excerpt":{"rendered":"<p>Kun RST Logistics etsi kuljetustenhallintaj\u00e4rjestelm\u00e4\u00e4, vaatimukset olivat selv\u00e4t: ajoneuvojen&hellip;<\/p>\n","protected":false},"author":18,"featured_media":13233,"parent":0,"menu_order":0,"comment_status":"closed","ping_status":"closed","template":"","meta":{"_acf_changed":false,"footnotes":""},"class_list":["post-13285","page","type-page","status-publish","has-post-thumbnail","hentry"],"acf":[],"_links":{"self":[{"href":"https:\/\/opter.com\/fi\/wp-json\/wp\/v2\/pages\/13285","targetHints":{"allow":["GET"]}}],"collection":[{"href":"https:\/\/opter.com\/fi\/wp-json\/wp\/v2\/pages"}],"about":[{"href":"https:\/\/opter.com\/fi\/wp-json\/wp\/v2\/types\/page"}],"author":[{"embeddable":true,"href":"https:\/\/opter.com\/fi\/wp-json\/wp\/v2\/users\/18"}],"replies":[{"embeddable":true,"href":"https:\/\/opter.com\/fi\/wp-json\/wp\/v2\/comments?post=13285"}],"version-history":[{"count":8,"href":"https:\/\/opter.com\/fi\/wp-json\/wp\/v2\/pages\/13285\/revisions"}],"predecessor-version":[{"id":13313,"href":"https:\/\/opter.com\/fi\/wp-json\/wp\/v2\/pages\/13285\/revisions\/13313"}],"wp:featuredmedia":[{"embeddable":true,"href":"https:\/\/opter.com\/fi\/wp-json\/wp\/v2\/media\/13233"}],"wp:attachment":[{"href":"https:\/\/opter.com\/fi\/wp-json\/wp\/v2\/media?parent=13285"}],"curies":[{"name":"wp","href":"https:\/\/api.w.org\/{rel}","templated":true}]}}