{"id":13439,"date":"2025-05-12T11:29:44","date_gmt":"2025-05-12T09:29:44","guid":{"rendered":"https:\/\/opter.com\/kaubaekspress-ou\/"},"modified":"2025-05-12T11:58:45","modified_gmt":"2025-05-12T09:58:45","slug":"kaubaekspress","status":"publish","type":"page","link":"https:\/\/opter.com\/fi\/kaubaekspress\/","title":{"rendered":"Kaubaekspress O\u00dc"},"content":{"rendered":"<div class=\"ImageHeadline\">\n      <div class=\"ImageHeadline-image\" style=\"background-image: url('https:\/\/opter.com\/wp-content\/uploads\/2025\/04\/kaubaekspress-1600x900-1-1024x576.png')\">\n      <img loading=\"lazy\" decoding=\"async\" width=\"1024\" height=\"576\" src=\"https:\/\/opter.com\/wp-content\/uploads\/2025\/04\/kaubaekspress-1600x900-1-1024x576.png\" class=\"ImageHeadline-img\" alt=\"Kaubaexpress O\u00dc\" srcset=\"https:\/\/opter.com\/wp-content\/uploads\/2025\/04\/kaubaekspress-1600x900-1-1024x576.png 1024w, https:\/\/opter.com\/wp-content\/uploads\/2025\/04\/kaubaekspress-1600x900-1-300x169.png 300w, https:\/\/opter.com\/wp-content\/uploads\/2025\/04\/kaubaekspress-1600x900-1-768x432.png 768w, https:\/\/opter.com\/wp-content\/uploads\/2025\/04\/kaubaekspress-1600x900-1-1536x864.png 1536w, https:\/\/opter.com\/wp-content\/uploads\/2025\/04\/kaubaekspress-1600x900-1-1440x810.png 1440w, https:\/\/opter.com\/wp-content\/uploads\/2025\/04\/kaubaekspress-1600x900-1.png 1600w\" sizes=\"auto, (max-width: 1024px) 100vw, 1024px\" \/>\n    <\/div>\n    <h2 class=\"ImageHeadline-headline\">\u201dOpter auttaa meit\u00e4 pysym\u00e4\u00e4n kilpailijoiden edell\u00e4\u201d<\/h2>\n<\/div>\n\n\n\n\n<p><a rel=\"noreferrer noopener\" href=\"https:\/\/kaubaekspress.ee\/en\/\" target=\"_blank\">Kaubaekspress O\u00dc<\/a> on yksi Viron vanhimmista huolitsijoista, joka on tarjonnut luotettavia logistiikkapalveluja vuodesta 1993 l\u00e4htien. Yhti\u00f6ll\u00e4 on nelj\u00e4 terminaalia ymp\u00e4ri maata, 37 ty\u00f6ntekij\u00e4\u00e4 ja yli 70 ajoneuvon kalusto, ja se on keskeinen toimija kotimaan kuljetuksissa. <\/p>\n\n\n\n<p>\u201dJotta voisimme vastata asiakkaidemme moninaisiin ja jatkuvasti kasvaviin tarpeisiin, etsimme pitk\u00e4\u00e4n kuljetustenhallintaj\u00e4rjestelm\u00e4\u00e4, jossa yhdistyv\u00e4t innovointi, kest\u00e4vyys ja joustavuus. Kun n\u00e4imme Opterin, tiesimme heti, ett\u00e4 se oli oikea valinta\u201d, sanoo kehitysp\u00e4\u00e4llikk\u00f6 Teele Saar.<\/p>\n\n\n\n<p>Saar kertoo, ett\u00e4 Kaubaekspress on siirtynyt useilla eri j\u00e4rjestelmill\u00e4 ja Excel-taulukoilla pallottelemisesta keskitettyyn j\u00e4rjestelm\u00e4\u00e4n, jossa on kaikki asiakastiedoista ja hinnoittelusta tilauksiin ja laskuihin. Koska Opter on pilvipohjainen, tiimi voi k\u00e4ytt\u00e4\u00e4 j\u00e4rjestelm\u00e4\u00e4 sijainnista tai ty\u00f6tilanteesta riippumatta. <\/p>\n\n\n\n<p>\u201dOpter antaa meille selke\u00e4n yleiskuvan koko toiminnasta ja auttaa meit\u00e4 v\u00e4hent\u00e4m\u00e4\u00e4n ty\u00f6voimakustannuksia. Samalla asiakkaamme arvostavat sit\u00e4, ett\u00e4 he voivat seurata ja hallita toimituksiaan nopeasti ja helposti asiakasportaalissa.\u201d<\/p>\n\n\n\n<p>Jatkossa Kaubaekspress keskittyy digitalisaation jatkamiseen tehostaakseen toimintaansa ja palvelutarjontaansa.<\/p>\n\n\n\n<p>Integraatiot asiakkaiden, kumppaneiden, varastonhallinnan ja kirjanpitoj\u00e4rjestelmien kanssa ovat jo k\u00e4yt\u00f6ss\u00e4. Seuraava vaihe on liitty\u00e4 eFTI-alustaan, jotta eCMR-ratkaisut voidaan ottaa k\u00e4ytt\u00f6\u00f6n. \u201dInnovaatio on tie eteenp\u00e4in, ja luotamme siihen, ett\u00e4 Opter tukee meit\u00e4 jatkossakin t\u00e4ll\u00e4 matkalla\u201d, Saar kuvailee.  <\/p>\n\n\n\n<h3 class=\"wp-block-heading\">Varaa esittely!<\/h3>\n\n\n\n<p>Haluatko kuulla lis\u00e4\u00e4? N\u00e4yt\u00e4mme mielell\u00e4mme, miten Opter toimii ja kuinka helppoa sen k\u00e4yt\u00f6n aloittaminen on.<\/p>\n\n\n<div class=\"BookADemo\">\n    <a class=\"BookADemo-link\" href=\"\/fi\/ota-yhteytta\/\">\n      Vaara demo\n    <\/a>\n  <\/div>\n\n","protected":false},"excerpt":{"rendered":"<p>Kaubaekspress O\u00dc on yksi Viron vanhimmista huolitsijoista, joka on&hellip;<\/p>\n","protected":false},"author":18,"featured_media":13268,"parent":0,"menu_order":0,"comment_status":"closed","ping_status":"closed","template":"","meta":{"_acf_changed":false,"footnotes":""},"class_list":["post-13439","page","type-page","status-publish","has-post-thumbnail","hentry"],"acf":[],"_links":{"self":[{"href":"https:\/\/opter.com\/fi\/wp-json\/wp\/v2\/pages\/13439","targetHints":{"allow":["GET"]}}],"collection":[{"href":"https:\/\/opter.com\/fi\/wp-json\/wp\/v2\/pages"}],"about":[{"href":"https:\/\/opter.com\/fi\/wp-json\/wp\/v2\/types\/page"}],"author":[{"embeddable":true,"href":"https:\/\/opter.com\/fi\/wp-json\/wp\/v2\/users\/18"}],"replies":[{"embeddable":true,"href":"https:\/\/opter.com\/fi\/wp-json\/wp\/v2\/comments?post=13439"}],"version-history":[{"count":4,"href":"https:\/\/opter.com\/fi\/wp-json\/wp\/v2\/pages\/13439\/revisions"}],"predecessor-version":[{"id":13458,"href":"https:\/\/opter.com\/fi\/wp-json\/wp\/v2\/pages\/13439\/revisions\/13458"}],"wp:featuredmedia":[{"embeddable":true,"href":"https:\/\/opter.com\/fi\/wp-json\/wp\/v2\/media\/13268"}],"wp:attachment":[{"href":"https:\/\/opter.com\/fi\/wp-json\/wp\/v2\/media?parent=13439"}],"curies":[{"name":"wp","href":"https:\/\/api.w.org\/{rel}","templated":true}]}}