{"id":14189,"date":"2025-09-03T10:13:53","date_gmt":"2025-09-03T08:13:53","guid":{"rendered":"https:\/\/opter.com\/?page_id=14189"},"modified":"2025-10-28T15:28:00","modified_gmt":"2025-10-28T14:28:00","slug":"kuljetuspalvelu-fagel-oy","status":"publish","type":"page","link":"https:\/\/opter.com\/fi\/kuljetuspalvelu-fagel-oy\/","title":{"rendered":"Kuljetuspalvelu F\u00e5gel Oy"},"content":{"rendered":"<div class=\"ImageHeadline\">\n      <div class=\"ImageHeadline-image\" style=\"background-image: url('https:\/\/opter.com\/wp-content\/uploads\/2025\/09\/kuljetuspalvelu-fagel-hero-960x540-1.webp')\">\n      <img loading=\"lazy\" decoding=\"async\" width=\"960\" height=\"540\" src=\"https:\/\/opter.com\/wp-content\/uploads\/2025\/09\/kuljetuspalvelu-fagel-hero-960x540-1.webp\" class=\"ImageHeadline-img\" alt=\"Kuljetuspalvelu F\u00e5gel Oy\" srcset=\"https:\/\/opter.com\/wp-content\/uploads\/2025\/09\/kuljetuspalvelu-fagel-hero-960x540-1.webp 960w, https:\/\/opter.com\/wp-content\/uploads\/2025\/09\/kuljetuspalvelu-fagel-hero-960x540-1-300x169.webp 300w, https:\/\/opter.com\/wp-content\/uploads\/2025\/09\/kuljetuspalvelu-fagel-hero-960x540-1-768x432.webp 768w\" sizes=\"auto, (max-width: 960px) 100vw, 960px\" \/>\n    <\/div>\n    <h2 class=\"ImageHeadline-headline\">\u201dOpter helpottaa ja mahdollistaa.\u201d<\/h2>\n<\/div>\n\n\n\n\n<p>Yritt\u00e4j\u00e4 Timo F\u00e5gel on johtanut <a rel=\"noreferrer noopener\" href=\"https:\/\/kuljetuspalvelufagel.fi\/\" target=\"_blank\">Kuljetuspalvelu F\u00e5gel Oy<\/a>:t\u00e4 jo 20 vuoden ajan. Timo on luotsannut vuonna 1966 perustettua perheyrityst\u00e4 pitk\u00e4j\u00e4nteisell\u00e4 otteella ja luotettaviin kuljetuspalveluihin keskittyen. <\/p>\n\n\n\n<p>Yritys toimii P\u00e4ij\u00e4t-H\u00e4meess\u00e4 ja hoitaa my\u00f6s kuljetuksia koko Etel\u00e4-Suomen alueella. Kalustoon kuuluu l\u00e4hes 60 ajoneuvoa \u2013 pakettiautoista t\u00e4ysper\u00e4vaunuyhdistelmiin \u2013 ja yhti\u00f6 ty\u00f6llist\u00e4\u00e4 95 henkil\u00f6\u00e4. <\/p>\n\n\n\n<p>\u201dOpterin valintaan vaikutti sen kustannustehokkuus ja joustava k\u00e4ytt\u00f6\u00f6notto. Valintaan vaikutti my\u00f6s se, ett\u00e4 Opter oli k\u00e4yt\u00f6ss\u00e4 muillakin yhteisty\u00f6kumppaneilla ja heilt\u00e4 saadut positiiviset k\u00e4ytt\u00e4j\u00e4kokemukset\u201d. <\/p>\n\n\n\n<p>Vuoden 2024 aikana k\u00e4ytt\u00f6\u00f6notettu Opter on v\u00e4hent\u00e4nyt manuaalista ty\u00f6t\u00e4, suoraviivaistanut laskutusta ja v\u00e4hent\u00e4nyt fyysisten rahtikirjojen m\u00e4\u00e4r\u00e4\u00e4. Kuljetusteht\u00e4v\u00e4t siirtyv\u00e4t suoraan kuljettajien mobiililaitteisiin oikeassa muodossa. J\u00e4rjestelm\u00e4 helpottaa my\u00f6s yhteisty\u00f6t\u00e4 asiakkaiden ja alihankkijoiden kanssa, mahdollistaa automaattisen hinnoittelun ja tarjoaa paremman n\u00e4kym\u00e4n toimintaan raportointimahdollisuuksia hy\u00f6dynt\u00e4m\u00e4ll\u00e4.  <\/p>\n\n\n\n<p>\u201dOpterin avulla voimme jatkaa kasvua ilman, ett\u00e4 tarvitsemme lis\u00e4\u00e4 sis\u00e4isi\u00e4 resursseja\u201d, Timo F\u00e5gel sanoo ja toteaa, ett\u00e4 Opter on muodostunut konkreettiseksi ty\u00f6kaluksi niin arjen ty\u00f6skentelyss\u00e4 kuin pidemm\u00e4n aikav\u00e4lin yrityksen kehitt\u00e4misess\u00e4.<\/p>\n\n\n\n<h3 class=\"wp-block-heading\">Varaa esittely!<\/h3>\n\n\n\n<p>Haluatko kuulla lis\u00e4\u00e4? Kerromme mielell\u00e4mme, miten Opter toimii ja kuinka helposti p\u00e4\u00e4set alkuun.<\/p>\n\n\n<div class=\"BookADemo\">\n    <a class=\"BookADemo-link\" href=\"https:\/\/opter.com\/fi\/ota-yhteytta\/\">\n      Varaa demo\n    <\/a>\n  <\/div>\n\n","protected":false},"excerpt":{"rendered":"<p>Yritt\u00e4j\u00e4 Timo F\u00e5gel on johtanut Kuljetuspalvelu F\u00e5gel Oy:t\u00e4 jo&hellip;<\/p>\n","protected":false},"author":18,"featured_media":14433,"parent":0,"menu_order":0,"comment_status":"closed","ping_status":"closed","template":"","meta":{"_acf_changed":false,"footnotes":""},"class_list":["post-14189","page","type-page","status-publish","has-post-thumbnail","hentry"],"acf":[],"_links":{"self":[{"href":"https:\/\/opter.com\/fi\/wp-json\/wp\/v2\/pages\/14189","targetHints":{"allow":["GET"]}}],"collection":[{"href":"https:\/\/opter.com\/fi\/wp-json\/wp\/v2\/pages"}],"about":[{"href":"https:\/\/opter.com\/fi\/wp-json\/wp\/v2\/types\/page"}],"author":[{"embeddable":true,"href":"https:\/\/opter.com\/fi\/wp-json\/wp\/v2\/users\/18"}],"replies":[{"embeddable":true,"href":"https:\/\/opter.com\/fi\/wp-json\/wp\/v2\/comments?post=14189"}],"version-history":[{"count":19,"href":"https:\/\/opter.com\/fi\/wp-json\/wp\/v2\/pages\/14189\/revisions"}],"predecessor-version":[{"id":14447,"href":"https:\/\/opter.com\/fi\/wp-json\/wp\/v2\/pages\/14189\/revisions\/14447"}],"wp:featuredmedia":[{"embeddable":true,"href":"https:\/\/opter.com\/fi\/wp-json\/wp\/v2\/media\/14433"}],"wp:attachment":[{"href":"https:\/\/opter.com\/fi\/wp-json\/wp\/v2\/media?parent=14189"}],"curies":[{"name":"wp","href":"https:\/\/api.w.org\/{rel}","templated":true}]}}