{"id":14291,"date":"2025-09-09T13:49:21","date_gmt":"2025-09-09T11:49:21","guid":{"rendered":"https:\/\/opter.com\/?page_id=14291"},"modified":"2025-10-28T15:28:04","modified_gmt":"2025-10-28T14:28:04","slug":"boomerang-kurerservice","status":"publish","type":"page","link":"https:\/\/opter.com\/fi\/boomerang-kurerservice\/","title":{"rendered":"Boomerang Kur\u00e9rservice"},"content":{"rendered":"<div class=\"ImageHeadline\">\n      <div class=\"ImageHeadline-image\" style=\"background-image: url('https:\/\/opter.com\/wp-content\/uploads\/2025\/09\/boomerang-hero-960.webp')\">\n      <img loading=\"lazy\" decoding=\"async\" width=\"960\" height=\"540\" src=\"https:\/\/opter.com\/wp-content\/uploads\/2025\/09\/boomerang-hero-960.webp\" class=\"ImageHeadline-img\" alt=\"Boomerang Kur\u00e9rservice\" srcset=\"https:\/\/opter.com\/wp-content\/uploads\/2025\/09\/boomerang-hero-960.webp 960w, https:\/\/opter.com\/wp-content\/uploads\/2025\/09\/boomerang-hero-960-300x169.webp 300w, https:\/\/opter.com\/wp-content\/uploads\/2025\/09\/boomerang-hero-960-768x432.webp 768w\" sizes=\"auto, (max-width: 960px) 100vw, 960px\" \/>\n    <\/div>\n    <h2 class=\"ImageHeadline-headline\">\u201dOpter on tehokas ja helppok\u00e4ytt\u00f6inen.\u201d<\/h2>\n<\/div>\n\n\n\n\n<p><a rel=\"noreferrer noopener\" href=\"http:\/\/boomerang-kurerservice.dk\/\" target=\"_blank\">Boomerang Kur\u00e9rservice<\/a>, jolla on erilaisia ajoneuvoja sis\u00e4lt\u00e4v\u00e4 kuljetuskalusto ja noin 20 kuljettajaa, vastaa p\u00e4ivitt\u00e4in asiakkaiden korkeisiin joustavuus- ja tehokkuusvaatimuksiin. Vuonna 2004 perustettu yritys harjoittaa kuljetuksia koko Tanskassa kuriiri- ja jakelukuljetuksista alueellisiin kuljetuksiin. <\/p>\n\n\n\n<p>\u201dKun meill\u00e4 on paljon tekemist\u00e4 ja monia kuljetuksia aikataulupaineen alla, Opter on loistava tuki.\u201d<\/p>\n\n\n\n<p>Vuoden 2024 alusta l\u00e4htien Opter on ollut Boomerangin toiminnan ytimess\u00e4. Toimitusjohtaja Sune Gr\u00f8n kertoo, ett\u00e4 he etsiv\u00e4t j\u00e4rjestelm\u00e4\u00e4, joka pit\u00e4\u00e4 koossa koko ketjun: suunnittelun, tilausten hallinnan, laskutuksen ja seurannan. Useiden vaihtoehtojen arvioinnin j\u00e4lkeen valinta osui Opteriin, jota pidettiin sek\u00e4 kattavana ett\u00e4 k\u00e4ytt\u00e4j\u00e4yst\u00e4v\u00e4llisen\u00e4. Nyky\u00e4\u00e4n j\u00e4rjestelm\u00e4 on olennainen osa p\u00e4ivitt\u00e4ist\u00e4 ty\u00f6t\u00e4.   <\/p>\n\n\n\n<p>Suunnittelu on nopeaa, kuljettajat saavat selke\u00e4t ohjeet puhelimeensa ja virheiden riski on pienentynyt. Aiemmin rahtikirjojen manuaalinen k\u00e4sittely vei paljon aikaa. Nyt kaikki on digitaalista ja liitet\u00e4\u00e4n suoraan tilaukseen. My\u00f6s tilitys ja laskutus ovat sujuvoituneet automaation ansiosta.   <\/p>\n\n\n\n<p>Sune Gr\u00f8n pit\u00e4\u00e4 Opteria tulevaisuuden ty\u00f6kaluna. \u201dOlen itse suositellut Opteria muille, jotka k\u00e4ytt\u00e4v\u00e4t sit\u00e4 nyt my\u00f6s. Se on vankka perusta, jonka ansiosta on helppo kasvaa asiakkaiden ja toimeksiantojen m\u00e4\u00e4r\u00e4n lis\u00e4\u00e4ntyess\u00e4 menett\u00e4m\u00e4tt\u00e4 kuitenkaan hallintaa\u201d, h\u00e4n toteaa lopuksi. <\/p>\n\n\n\n<h3 class=\"wp-block-heading\">Varaa esittely!<\/h3>\n\n\n\n<p>Haluatko kuulla lis\u00e4\u00e4? Kerromme mielell\u00e4mme, miten Opter toimii ja kuinka helposti p\u00e4\u00e4set alkuun.<\/p>\n\n\n<div class=\"BookADemo\">\n    <a class=\"BookADemo-link\" href=\"\/fi\/ota-yhteytta\/\">\n      Varaa demo\n    <\/a>\n  <\/div>\n\n","protected":false},"excerpt":{"rendered":"<p>Boomerang Kur\u00e9rservice, jolla on erilaisia ajoneuvoja sis\u00e4lt\u00e4v\u00e4 kuljetuskalusto ja&hellip;<\/p>\n","protected":false},"author":18,"featured_media":14490,"parent":0,"menu_order":0,"comment_status":"closed","ping_status":"closed","template":"","meta":{"_acf_changed":false,"footnotes":""},"class_list":["post-14291","page","type-page","status-publish","has-post-thumbnail","hentry"],"acf":[],"_links":{"self":[{"href":"https:\/\/opter.com\/fi\/wp-json\/wp\/v2\/pages\/14291","targetHints":{"allow":["GET"]}}],"collection":[{"href":"https:\/\/opter.com\/fi\/wp-json\/wp\/v2\/pages"}],"about":[{"href":"https:\/\/opter.com\/fi\/wp-json\/wp\/v2\/types\/page"}],"author":[{"embeddable":true,"href":"https:\/\/opter.com\/fi\/wp-json\/wp\/v2\/users\/18"}],"replies":[{"embeddable":true,"href":"https:\/\/opter.com\/fi\/wp-json\/wp\/v2\/comments?post=14291"}],"version-history":[{"count":10,"href":"https:\/\/opter.com\/fi\/wp-json\/wp\/v2\/pages\/14291\/revisions"}],"predecessor-version":[{"id":14500,"href":"https:\/\/opter.com\/fi\/wp-json\/wp\/v2\/pages\/14291\/revisions\/14500"}],"wp:featuredmedia":[{"embeddable":true,"href":"https:\/\/opter.com\/fi\/wp-json\/wp\/v2\/media\/14490"}],"wp:attachment":[{"href":"https:\/\/opter.com\/fi\/wp-json\/wp\/v2\/media?parent=14291"}],"curies":[{"name":"wp","href":"https:\/\/api.w.org\/{rel}","templated":true}]}}