{"id":15016,"date":"2025-10-28T14:43:53","date_gmt":"2025-10-28T13:43:53","guid":{"rendered":"https:\/\/opter.com\/alfta-frakt\/"},"modified":"2025-10-28T15:27:56","modified_gmt":"2025-10-28T14:27:56","slug":"alfta-frakt","status":"publish","type":"page","link":"https:\/\/opter.com\/fi\/alfta-frakt\/","title":{"rendered":"Alfta Frakt"},"content":{"rendered":"<div class=\"ImageHeadline\">\n      <div class=\"ImageHeadline-image\" style=\"background-image: url('https:\/\/opter.com\/wp-content\/uploads\/2025\/09\/alfta-frakt-hero-960.webp')\">\n      <img loading=\"lazy\" decoding=\"async\" width=\"960\" height=\"540\" src=\"https:\/\/opter.com\/wp-content\/uploads\/2025\/09\/alfta-frakt-hero-960.webp\" class=\"ImageHeadline-img\" alt=\"Alfta Frakt\" srcset=\"https:\/\/opter.com\/wp-content\/uploads\/2025\/09\/alfta-frakt-hero-960.webp 960w, https:\/\/opter.com\/wp-content\/uploads\/2025\/09\/alfta-frakt-hero-960-300x169.webp 300w, https:\/\/opter.com\/wp-content\/uploads\/2025\/09\/alfta-frakt-hero-960-768x432.webp 768w\" sizes=\"auto, (max-width: 960px) 100vw, 960px\" \/>\n    <\/div>\n    <h2 class=\"ImageHeadline-headline\">\u201dHanki Opter, niin yhteisty\u00f6st\u00e4mme tulee sujuvampaa!\u201d<\/h2>\n<\/div>\n\n\n\n\n<p>Ymp\u00e4rist\u00f6n huomiointi, noin 100 ty\u00f6ntekij\u00e4\u00e4 ja 60 ajoneuvoa tekev\u00e4t <a rel=\"noreferrer noopener\" href=\"https:\/\/www.alftafrakt.se\/\" target=\"_blank\">Alfta Fraktista<\/a> johtavan toimijan kuljetuslogistiikassa Ruotsissa. Yritys k\u00e4ytt\u00e4\u00e4 Opteria p\u00e4ivitt\u00e4isess\u00e4 toiminnassaan vuodesta 2021 l\u00e4htien. <\/p>\n\n\n\n<p>&#8221;Olemme DHL:n kuljetusliike, ja Opter sopi parhaiten liiketoimintaamme, koska se pystyi hoitamaan sek\u00e4 DHL:lle ett\u00e4 omille asiakkaillemme tekem\u00e4mme kuljetukset&#8221;, sanoo Erik Persson, operatiivinen johtaja.<\/p>\n\n\n\n<p>Yritys kuljettaa tavaraa kaikkialla Ruotsissa, ja sill\u00e4 on varastot G\u00e4vless\u00e4 ja Tukholmassa. Kuljetukset vaihtelevat kappaletavarasta monimutkaisiin logistiikkaratkaisuihin. Opterin avulla kaikki osapuolet voivat seurata kuljetusta reaaliajassa, ja samalla hallinnoinnin tarve v\u00e4henee ja tiedonkulku nopeutuu. Erik Persson mainitsee esimerkkin\u00e4, ett\u00e4 laskutus on nyt v\u00e4hint\u00e4\u00e4n kaksi kertaa nopeampaa, koska kaikki k\u00e4sitell\u00e4\u00e4n digitaalisesti samassa j\u00e4rjestelm\u00e4ss\u00e4.   <\/p>\n\n\n\n<p>Alfta Frakt k\u00e4ytt\u00e4\u00e4 my\u00f6s OpterLinki\u00e4 t\u00f6iden jakamiseen muiden kuljetusyritysten kanssa. &#8221;Noutoja, toimituksia ja joskus kokonaisia kuljetusteht\u00e4vi\u00e4. Arvostamme ennen kaikkea kaksisuuntaista viestint\u00e4\u00e4: voimme sek\u00e4 vastaanottaa ett\u00e4 l\u00e4hett\u00e4\u00e4 kuljetustilauksia. Se tekee yhteisty\u00f6st\u00e4 muiden toimijoiden kanssa paljon tehokkaampaa ja joustavampaa&#8221;, Erik Persson sanoo.   <\/p>\n\n\n\n<p>Tulevaisuutta ajatellen Alfta Frakt n\u00e4kee mahdollisuuksia yhteisty\u00f6n lis\u00e4\u00e4miseen my\u00f6s Ruotsin rajojen ulkopuolella. Ja jos alan kollegat kysyv\u00e4t Opterista, vastaus on selv\u00e4: &#8221;Se on j\u00e4rjestelm\u00e4, joka kattaa kaikki kuljetuksen osa-alueet tilausten vastaanottamisesta toteutukseen ja laskutukseen. Hankkikaa tekin Opter, niin yhteisty\u00f6st\u00e4mme tulee sujuvampaa!\u201d  <\/p>\n\n\n\n<h3 class=\"wp-block-heading\">Varaa esittely!<\/h3>\n\n\n\n<p>Haluatko kuulla lis\u00e4\u00e4? Kerromme mielell\u00e4mme, miten Opter toimii ja kuinka helposti p\u00e4\u00e4set alkuun.<\/p>\n\n\n<div class=\"BookADemo\">\n    <a class=\"BookADemo-link\" href=\"\/fi\/ota-yhteytta\/\">\n      Varaa demo\n    <\/a>\n  <\/div>\n\n","protected":false},"excerpt":{"rendered":"<p>Ymp\u00e4rist\u00f6n huomiointi, noin 100 ty\u00f6ntekij\u00e4\u00e4 ja 60 ajoneuvoa tekev\u00e4t&hellip;<\/p>\n","protected":false},"author":18,"featured_media":14576,"parent":0,"menu_order":0,"comment_status":"closed","ping_status":"closed","template":"","meta":{"_acf_changed":false,"footnotes":""},"class_list":["post-15016","page","type-page","status-publish","has-post-thumbnail","hentry"],"acf":[],"_links":{"self":[{"href":"https:\/\/opter.com\/fi\/wp-json\/wp\/v2\/pages\/15016","targetHints":{"allow":["GET"]}}],"collection":[{"href":"https:\/\/opter.com\/fi\/wp-json\/wp\/v2\/pages"}],"about":[{"href":"https:\/\/opter.com\/fi\/wp-json\/wp\/v2\/types\/page"}],"author":[{"embeddable":true,"href":"https:\/\/opter.com\/fi\/wp-json\/wp\/v2\/users\/18"}],"replies":[{"embeddable":true,"href":"https:\/\/opter.com\/fi\/wp-json\/wp\/v2\/comments?post=15016"}],"version-history":[{"count":5,"href":"https:\/\/opter.com\/fi\/wp-json\/wp\/v2\/pages\/15016\/revisions"}],"predecessor-version":[{"id":15032,"href":"https:\/\/opter.com\/fi\/wp-json\/wp\/v2\/pages\/15016\/revisions\/15032"}],"wp:featuredmedia":[{"embeddable":true,"href":"https:\/\/opter.com\/fi\/wp-json\/wp\/v2\/media\/14576"}],"wp:attachment":[{"href":"https:\/\/opter.com\/fi\/wp-json\/wp\/v2\/media?parent=15016"}],"curies":[{"name":"wp","href":"https:\/\/api.w.org\/{rel}","templated":true}]}}