{"id":15224,"date":"2026-01-23T11:34:37","date_gmt":"2026-01-23T10:34:37","guid":{"rendered":"https:\/\/opter.com\/?page_id=15224"},"modified":"2026-01-23T11:46:16","modified_gmt":"2026-01-23T10:46:16","slug":"posti","status":"publish","type":"page","link":"https:\/\/opter.com\/fi\/posti\/","title":{"rendered":"Posti"},"content":{"rendered":"<div class=\"ImageHeadline\">\n      <div class=\"ImageHeadline-image\" style=\"background-image: url('https:\/\/opter.com\/wp-content\/uploads\/2026\/01\/posti_hero_960x540-1.png')\">\n      <img loading=\"lazy\" decoding=\"async\" width=\"960\" height=\"540\" src=\"https:\/\/opter.com\/wp-content\/uploads\/2026\/01\/posti_hero_960x540-1.png\" class=\"ImageHeadline-img\" alt=\"Posti AB\" srcset=\"https:\/\/opter.com\/wp-content\/uploads\/2026\/01\/posti_hero_960x540-1.png 960w, https:\/\/opter.com\/wp-content\/uploads\/2026\/01\/posti_hero_960x540-1-300x169.png 300w, https:\/\/opter.com\/wp-content\/uploads\/2026\/01\/posti_hero_960x540-1-768x432.png 768w\" sizes=\"auto, (max-width: 960px) 100vw, 960px\" \/>\n    <\/div>\n    <h2 class=\"ImageHeadline-headline\">\u201dOpter on yksi tyydytt\u00e4vimmist\u00e4 k\u00e4ytt\u00e4mist\u00e4ni TMS-j\u00e4rjestelmist\u00e4.\u201d<\/h2>\n<\/div>\n\n\n\n\n<p><a href=\"https:\/\/www.posti.se\/\" data-type=\"link\" data-id=\"https:\/\/www.posti.se\/\">Postin<\/a> logistiikkaratkaisut ja kalustopalvelut Ruotsissa hoitavat kaiken pitk\u00e4n matkan kuljetuksista ja turvakuljetuksista aina herkkien IT-laitteiden toimituksiin. Yritys on k\u00e4ytt\u00e4nyt Opteria yli kymmenen vuotta.<\/p>\n\n\n\n<p>Varhainen valinta, joka on ollut mukanamme koko matkan. Se toimii keskitettyn\u00e4 TMS:n\u00e4 muun muassa kuljettajien ja yhteisty\u00f6kumppaneiden kanssa k\u00e4yt\u00e4v\u00e4\u00e4 viestint\u00e4\u00e4, asiakkaiden verkkosivujen kautta teht\u00e4vi\u00e4 varauksia ja manuaalista k\u00e4sittely\u00e4 v\u00e4hent\u00e4vi\u00e4 API-integraatioita varten. <\/p>\n\n\n\n<p>Postin operatiivinen vastaava Johan Olsson ihastui heti j\u00e4rjestelm\u00e4n, jota silloin kutsuttiin K2:ksi, yksinkertaisuuteen. Se oli my\u00f6s kustannustehokas ja kattava pienelle yritykselle, jolla oli kaksi autoa, ja se on voitu skaalata helposti nykyiseen 13 omaan ajoneuvoon ja useisiin alihankkijoihin. <\/p>\n\n\n\n<p>\u201dSe on niin k\u00e4ytt\u00e4j\u00e4yst\u00e4v\u00e4llinen, ett\u00e4 voin tarvittaessa hoitaa kaiken liikenteenhallinnasta laskutukseen itse.\u201d<\/p>\n\n\n\n<p>Kolme vuotta sitten yritys siirsi kaiken omalta palvelimeltaan Opter Cloudiin. Johan Olsson kuvailee siirtym\u00e4\u00e4 pitk\u00e4lti saumattomaksi. Kun olin kirjautunut ulos yhten\u00e4 iltap\u00e4iv\u00e4n\u00e4, kaikki oli toiminnassa seuraavana aamuna. Kun Opter on pilvipalvelussa, he v\u00e4lttyv\u00e4t teknisilt\u00e4 ongelmilta, VPN:lt\u00e4 ja toimintavastuulta. Lis\u00e4ksi he voivat kirjautua sis\u00e4\u00e4n mist\u00e4 tahansa.    <\/p>\n\n\n\n<p>\u201dSe, ett\u00e4 j\u00e4rjestelm\u00e4\u00e4n p\u00e4\u00e4see aina, on kullan arvoista. Olen laskuttanut saaristosta ja ty\u00f6skennellyt Thaimaasta k\u00e4sin. Se vain toimii.\u201d<\/p>\n\n\n\n<p>Opterin avulla on my\u00f6s helppo vastata asiakkaiden tiedonsaantia ja avoimuutta koskeviin vaatimuksiin. Asiakkaat voivat valita haluamansa ilmoitukset, ja raportteja voidaan mukauttaa helposti ja yksityiskohtaisesti. <\/p>\n\n\n\n<p>\u201dJos asiakkaamme tarvitsee asiakirjan, h\u00e4n saa sen. En saa en\u00e4\u00e4 juuri koskaan kysymyksi\u00e4 laskuista\u201d, Johan Olsson sanoo ja toteaa lopuksi: \u201dOpterissa on kuitenkin enemm\u00e4n kuin mit\u00e4 hy\u00f6dynn\u00e4mme. Toivon, ett\u00e4 voimme tulevaisuudessa k\u00e4ytt\u00e4\u00e4 enemm\u00e4n j\u00e4rjestelm\u00e4n ominaisuuksia, koska se todella helpottaa arkeamme!\u201d<\/p>\n\n\n\n<p><strong>Varaa esittely!<\/strong><\/p>\n\n\n\n<p>Haluatko kuulla lis\u00e4\u00e4? Kerromme mielell\u00e4mme, miten Opter toimii ja kuinka helposti p\u00e4\u00e4set alkuun.<\/p>\n\n\n<div class=\"BookADemo\">\n    <a class=\"BookADemo-link\" href=\"\/fi\/ota-yhteytta\/varaa-esittely\/\">\n      Varaa demo\n    <\/a>\n  <\/div>\n\n","protected":false},"excerpt":{"rendered":"<p>Postin logistiikkaratkaisut ja kalustopalvelut Ruotsissa hoitavat kaiken pitk\u00e4n matkan&hellip;<\/p>\n","protected":false},"author":18,"featured_media":15469,"parent":0,"menu_order":0,"comment_status":"closed","ping_status":"closed","template":"","meta":{"_acf_changed":false,"footnotes":""},"class_list":["post-15224","page","type-page","status-publish","has-post-thumbnail","hentry"],"acf":[],"_links":{"self":[{"href":"https:\/\/opter.com\/fi\/wp-json\/wp\/v2\/pages\/15224","targetHints":{"allow":["GET"]}}],"collection":[{"href":"https:\/\/opter.com\/fi\/wp-json\/wp\/v2\/pages"}],"about":[{"href":"https:\/\/opter.com\/fi\/wp-json\/wp\/v2\/types\/page"}],"author":[{"embeddable":true,"href":"https:\/\/opter.com\/fi\/wp-json\/wp\/v2\/users\/18"}],"replies":[{"embeddable":true,"href":"https:\/\/opter.com\/fi\/wp-json\/wp\/v2\/comments?post=15224"}],"version-history":[{"count":6,"href":"https:\/\/opter.com\/fi\/wp-json\/wp\/v2\/pages\/15224\/revisions"}],"predecessor-version":[{"id":15483,"href":"https:\/\/opter.com\/fi\/wp-json\/wp\/v2\/pages\/15224\/revisions\/15483"}],"wp:featuredmedia":[{"embeddable":true,"href":"https:\/\/opter.com\/fi\/wp-json\/wp\/v2\/media\/15469"}],"wp:attachment":[{"href":"https:\/\/opter.com\/fi\/wp-json\/wp\/v2\/media?parent=15224"}],"curies":[{"name":"wp","href":"https:\/\/api.w.org\/{rel}","templated":true}]}}