{"id":15645,"date":"2026-03-06T14:06:03","date_gmt":"2026-03-06T13:06:03","guid":{"rendered":"https:\/\/opter.com\/?page_id=15645"},"modified":"2026-03-06T14:09:31","modified_gmt":"2026-03-06T13:09:31","slug":"sandahlsbolagen","status":"publish","type":"page","link":"https:\/\/opter.com\/fi\/sandahlsbolagen\/","title":{"rendered":"Sandahlsbolagen"},"content":{"rendered":"<div class=\"ImageHeadline\">\n      <div class=\"ImageHeadline-image\" style=\"background-image: url('https:\/\/opter.com\/wp-content\/uploads\/2026\/03\/sandahls_hero_960x540.png')\">\n      <img loading=\"lazy\" decoding=\"async\" width=\"960\" height=\"540\" src=\"https:\/\/opter.com\/wp-content\/uploads\/2026\/03\/sandahls_hero_960x540.png\" class=\"ImageHeadline-img\" alt=\"Sandahls\" srcset=\"https:\/\/opter.com\/wp-content\/uploads\/2026\/03\/sandahls_hero_960x540.png 960w, https:\/\/opter.com\/wp-content\/uploads\/2026\/03\/sandahls_hero_960x540-300x169.png 300w, https:\/\/opter.com\/wp-content\/uploads\/2026\/03\/sandahls_hero_960x540-768x432.png 768w\" sizes=\"auto, (max-width: 960px) 100vw, 960px\" \/>\n    <\/div>\n    <h2 class=\"ImageHeadline-headline\">\u201dOpter on kehityksemme veturi.\u201d<\/h2>\n<\/div>\n\n\n\n\n<p><a href=\"https:\/\/sandahls.com\/\" data-type=\"link\" data-id=\"https:\/\/sandahls.com\/\" target=\"_blank\" rel=\"noreferrer noopener\">Sandahls<\/a> on yksi Ruotsin suurimmista yksityisomistuksessa olevista kuljetusyrityksist\u00e4. Se on l\u00e4ht\u00f6isin Sm\u00e5landista ja sen kalustoon kuuluu noin 500 kuorma-autoa. Laajentaminen 13 toimipisteeseen tuo mittakaavaetuja, mutta edellytt\u00e4\u00e4 yhteisi\u00e4 rutiineja ja j\u00e4rjestelmi\u00e4. <\/p>\n\n\n\n<p>Sandahls harjoittaa V\u00e5rg\u00e5rdassa erikoistunutta kuljetus- ja varastotoimintaa 125 ty\u00f6ntekij\u00e4ll\u00e4 ja 60 ajoneuvolla. Toistuviin toimeksiantoihin kuuluvat esimerkiksi keitti\u00f6iden toimitukset. Ne ovat herkki\u00e4 tavaroita, joiden logistiikka on monimutkaista ja aikataululle asetetaan suuria vaatimuksia. <\/p>\n\n\n\n<p>Sandahls V\u00e5rg\u00e5rda k\u00e4ytti aiemmin toista j\u00e4rjestelm\u00e4\u00e4 ja siirtyi Opteriin TMS-j\u00e4rjestelm\u00e4n\u00e4 vuonna 2025. \u201dSandahls Logistik oli k\u00e4ytt\u00e4nyt Opteria jo viisi vuotta\u201d, kertoo Anders Litstrand, V\u00e5rg\u00e5rdan toimipisteen johtaja. \u201dVaihdon my\u00f6t\u00e4 meill\u00e4 on vihdoin yhteinen ymp\u00e4rist\u00f6. N\u00e4emme saman kuin kollegamme, ja voimme hy\u00f6dynt\u00e4\u00e4 kaikkia resursseja tehokkaammin. Siin\u00e4 on selv\u00e4 ero.\u201d    <\/p>\n\n\n\n<p>P\u00e4\u00e4t\u00f6s vaihtaa kuljetusten hallintaj\u00e4rjestelm\u00e4\u00e4 johtui my\u00f6s asiakkaiden kasvaneista avoimuusvaatimuksista: parempi seuranta, p\u00e4\u00e4sy p\u00e4\u00e4st\u00f6tietoihin ja mahdollisuus seurata l\u00e4hetyksi\u00e4 reaaliajassa. Opterin asiakasverkon avulla asiakkaat saavat enemm\u00e4n l\u00e4pin\u00e4kyvyytt\u00e4 ilman, ett\u00e4 organisaation taakka kasvaa. <br><em><br><\/em>Opterin k\u00e4ytt\u00f6\u00f6notto toteutettiin siten, ett\u00e4 se vaikutti mahdollisimman v\u00e4h\u00e4n asiakkaisiin eik\u00e4 aiheuttanut suurempia h\u00e4iri\u00f6it\u00e4 toimituksissa. Tulevaisuudessa Sandahls n\u00e4kee suuria mahdollisuuksia. \u201dOpter on kuin veturi yrityksen kehitykselle. Sen sijaan, ett\u00e4 rakentaisimme uusia ominaisuuksia nykyisen ty\u00f6skentelytapamme pohjalta, haluamme tutkia, mit\u00e4 j\u00e4rjestelm\u00e4ss\u00e4 jo on ja miten se voi auttaa meit\u00e4 toimimaan entist\u00e4kin \u00e4lykk\u00e4\u00e4mmin\u201d, Litstrand sanoo.  <\/p>\n\n\n\n<h3 class=\"wp-block-heading\">Varaa esittely!<\/h3>\n\n\n\n<p>Haluatko kuulla lis\u00e4\u00e4? Kerromme mielell\u00e4mme, miten Opter toimii ja kuinka helposti p\u00e4\u00e4set alkuun.<\/p>\n\n\n<div class=\"BookADemo\">\n    <a class=\"BookADemo-link\" href=\"\/fi\/ota-yhteytta\/varaa-esittely\/\">\n      Varaa demo\n    <\/a>\n  <\/div>\n\n","protected":false},"excerpt":{"rendered":"<p>Sandahls on yksi Ruotsin suurimmista yksityisomistuksessa olevista kuljetusyrityksist\u00e4. Se&hellip;<\/p>\n","protected":false},"author":18,"featured_media":15701,"parent":0,"menu_order":0,"comment_status":"closed","ping_status":"closed","template":"","meta":{"_acf_changed":false,"footnotes":""},"class_list":["post-15645","page","type-page","status-publish","has-post-thumbnail","hentry"],"acf":[],"_links":{"self":[{"href":"https:\/\/opter.com\/fi\/wp-json\/wp\/v2\/pages\/15645","targetHints":{"allow":["GET"]}}],"collection":[{"href":"https:\/\/opter.com\/fi\/wp-json\/wp\/v2\/pages"}],"about":[{"href":"https:\/\/opter.com\/fi\/wp-json\/wp\/v2\/types\/page"}],"author":[{"embeddable":true,"href":"https:\/\/opter.com\/fi\/wp-json\/wp\/v2\/users\/18"}],"replies":[{"embeddable":true,"href":"https:\/\/opter.com\/fi\/wp-json\/wp\/v2\/comments?post=15645"}],"version-history":[{"count":3,"href":"https:\/\/opter.com\/fi\/wp-json\/wp\/v2\/pages\/15645\/revisions"}],"predecessor-version":[{"id":15716,"href":"https:\/\/opter.com\/fi\/wp-json\/wp\/v2\/pages\/15645\/revisions\/15716"}],"wp:featuredmedia":[{"embeddable":true,"href":"https:\/\/opter.com\/fi\/wp-json\/wp\/v2\/media\/15701"}],"wp:attachment":[{"href":"https:\/\/opter.com\/fi\/wp-json\/wp\/v2\/media?parent=15645"}],"curies":[{"name":"wp","href":"https:\/\/api.w.org\/{rel}","templated":true}]}}